{"id":25420,"date":"2023-02-13T12:07:41","date_gmt":"2023-02-13T17:07:41","guid":{"rendered":"https:\/\/gocuisivin.com\/product\/verre-a-cocktail-connexion-7-5oz-215ml-2pk\/"},"modified":"2023-06-29T11:17:39","modified_gmt":"2023-06-29T15:17:39","slug":"connexion-cocktail-7-5oz-215ml-2pk","status":"publish","type":"product","link":"https:\/\/gocuisivin.com\/fr\/product\/connexion-cocktail-7-5oz-215ml-2pk\/","title":{"rendered":"Verre \u00e0 cocktail Connexion 7.5oz \/ 215ml &#8211; 2pk"},"content":{"rendered":"<p>Ces verres \u00e0 cocktail classiques et \u00e9l\u00e9gants de Connexion sont le choix parfait pour tout mixologue. Appr\u00e9ciez le style et le raffinement gr\u00e2ce \u00e0 l&#8217;\u00e9l\u00e9gance de leur tige &#8211; vos cocktails passeront \u00e0 la vitesse sup\u00e9rieure. Donnez le ton de la sophistication et impressionnez vos invit\u00e9s avec vos boissons pr\u00e9f\u00e9r\u00e9es.<\/p>\n","protected":false},"excerpt":{"rendered":"<ul>\n<li>Verre \u00e0 cocktail avec pied \u00e9l\u00e9gant<\/li>\n<li>Le verre \u00e0 cocktail Connexion a un bord fin<\/li>\n<li>Une clart\u00e9 \u00e9clatante<\/li>\n<li>Lave-vaisselle<\/li>\n<li>Capacit\u00e9 : 7.5oz \/ 215ml<\/li>\n<\/ul>\n<p><img decoding=\"async\" class=\" wd-lazy-fade alignnone wp-image-24756\" src=\"https:\/\/gocuisivin.com\/zosypsyv\/images\/lazy.svg\" data-src=\"https:\/\/gocuisivin.com\/gleengag\/2023\/02\/Icon-w%EF%80%A2-Text_Made-in-Thailand_1-300x300.jpg\" alt=\"\" width=\"100\" height=\"100\"> <img decoding=\"async\" class=\" wd-lazy-fade alignnone wp-image-24735\" src=\"https:\/\/gocuisivin.com\/zosypsyv\/images\/lazy.svg\" data-src=\"https:\/\/gocuisivin.com\/gleengag\/2023\/02\/Icon-w%EF%80%A2-Text_Fine-Rim_1-300x300.jpg\" alt=\"\" width=\"100\" height=\"100\"> <img decoding=\"async\" class=\" wd-lazy-fade alignnone wp-image-24603\" src=\"https:\/\/gocuisivin.com\/zosypsyv\/images\/lazy.svg\" data-src=\"https:\/\/gocuisivin.com\/gleengag\/2023\/02\/Icon-w%EF%80%A2-Text_Dishwasher-Safe_1-300x300.jpg\" alt=\"\" width=\"100\" height=\"100\"><\/p>\n","protected":false},"featured_media":29548,"comment_status":"open","ping_status":"closed","template":"","meta":[],"pwb-brand":[],"product_brand":[],"product_cat":[1557,525],"product_tag":[281,278,1646,118],"class_list":{"0":"post-25420","1":"product","2":"type-product","3":"status-publish","4":"has-post-thumbnail","6":"product_cat-verrerie","7":"product_cat-cocktail-fr","8":"product_tag-cuisivin-fr","9":"product_tag-un-verre","10":"product_tag-verre-a-cocktail","11":"product_tag-verrerie","13":"first","14":"instock","15":"taxable","16":"shipping-taxable","17":"purchasable","18":"product-type-simple"},"brands":[],"_links":{"self":[{"href":"https:\/\/gocuisivin.com\/fr\/wp-json\/wp\/v2\/product\/25420","targetHints":{"allow":["GET"]}}],"collection":[{"href":"https:\/\/gocuisivin.com\/fr\/wp-json\/wp\/v2\/product"}],"about":[{"href":"https:\/\/gocuisivin.com\/fr\/wp-json\/wp\/v2\/types\/product"}],"replies":[{"embeddable":true,"href":"https:\/\/gocuisivin.com\/fr\/wp-json\/wp\/v2\/comments?post=25420"}],"version-history":[{"count":0,"href":"https:\/\/gocuisivin.com\/fr\/wp-json\/wp\/v2\/product\/25420\/revisions"}],"wp:featuredmedia":[{"embeddable":true,"href":"https:\/\/gocuisivin.com\/fr\/wp-json\/wp\/v2\/media\/29548"}],"wp:attachment":[{"href":"https:\/\/gocuisivin.com\/fr\/wp-json\/wp\/v2\/media?parent=25420"}],"wp:term":[{"taxonomy":"pwb-brand","embeddable":true,"href":"https:\/\/gocuisivin.com\/fr\/wp-json\/wp\/v2\/pwb-brand?post=25420"},{"taxonomy":"product_brand","embeddable":true,"href":"https:\/\/gocuisivin.com\/fr\/wp-json\/wp\/v2\/product_brand?post=25420"},{"taxonomy":"product_cat","embeddable":true,"href":"https:\/\/gocuisivin.com\/fr\/wp-json\/wp\/v2\/product_cat?post=25420"},{"taxonomy":"product_tag","embeddable":true,"href":"https:\/\/gocuisivin.com\/fr\/wp-json\/wp\/v2\/product_tag?post=25420"}],"curies":[{"name":"wp","href":"https:\/\/api.w.org\/{rel}","templated":true}]}}