{"id":25410,"date":"2023-02-13T15:07:43","date_gmt":"2023-02-13T20:07:43","guid":{"rendered":"https:\/\/gocuisivin.com\/product\/bel-air-soapstone-chalk-6pk\/"},"modified":"2023-06-29T11:14:43","modified_gmt":"2023-06-29T15:14:43","slug":"bel-air-soapstone-chalk-6pk","status":"publish","type":"product","link":"https:\/\/gocuisivin.com\/fr\/product\/bel-air-soapstone-chalk-6pk\/","title":{"rendered":"Bel-Air Soapstone Chalk &#8211; 6pk"},"content":{"rendered":"<p>Personnalisez les marqueurs \u00e0 fromage en ardoise, les sous-verres, les bo\u00eetes et les enseignes en ardoise avec le marqueur \u00e0 craie en pierre ollaire Bel-Air. \u00c9conomique et r\u00e9utilisable. Essuyer avec un chiffon humide.<\/p>\n","protected":false},"excerpt":{"rendered":"<ul>\n<li>100% pierre ollaire<\/li>\n<li>Utiliser pour personnaliser les produits en ardoise<\/li>\n<li>Nettoyer avec un chiffon humide<\/li>\n<\/ul>\n","protected":false},"featured_media":25000,"comment_status":"open","ping_status":"closed","template":"","meta":[],"pwb-brand":[1663],"product_brand":[],"product_cat":[1565,102],"product_tag":[1002,1004,1656,1657],"class_list":{"0":"post-25410","1":"product","2":"type-product","3":"status-publish","4":"has-post-thumbnail","6":"pwb-brand-bel-air-fr","7":"product_cat-accessoires-pour-le-vin-et-le-bar","8":"product_cat-accessoires","9":"product_tag-accessoires-pour-le-vin-et-le-bar","10":"product_tag-bel-air-fr","11":"product_tag-craie","12":"product_tag-pierre-ollaire","14":"first","15":"instock","16":"taxable","17":"shipping-taxable","18":"purchasable","19":"product-type-simple"},"brands":[{"id":1663,"name":"Bel-Air","slug":"bel-air-fr"}],"_links":{"self":[{"href":"https:\/\/gocuisivin.com\/fr\/wp-json\/wp\/v2\/product\/25410","targetHints":{"allow":["GET"]}}],"collection":[{"href":"https:\/\/gocuisivin.com\/fr\/wp-json\/wp\/v2\/product"}],"about":[{"href":"https:\/\/gocuisivin.com\/fr\/wp-json\/wp\/v2\/types\/product"}],"replies":[{"embeddable":true,"href":"https:\/\/gocuisivin.com\/fr\/wp-json\/wp\/v2\/comments?post=25410"}],"version-history":[{"count":1,"href":"https:\/\/gocuisivin.com\/fr\/wp-json\/wp\/v2\/product\/25410\/revisions"}],"predecessor-version":[{"id":25415,"href":"https:\/\/gocuisivin.com\/fr\/wp-json\/wp\/v2\/product\/25410\/revisions\/25415"}],"wp:featuredmedia":[{"embeddable":true,"href":"https:\/\/gocuisivin.com\/fr\/wp-json\/wp\/v2\/media\/25000"}],"wp:attachment":[{"href":"https:\/\/gocuisivin.com\/fr\/wp-json\/wp\/v2\/media?parent=25410"}],"wp:term":[{"taxonomy":"pwb-brand","embeddable":true,"href":"https:\/\/gocuisivin.com\/fr\/wp-json\/wp\/v2\/pwb-brand?post=25410"},{"taxonomy":"product_brand","embeddable":true,"href":"https:\/\/gocuisivin.com\/fr\/wp-json\/wp\/v2\/product_brand?post=25410"},{"taxonomy":"product_cat","embeddable":true,"href":"https:\/\/gocuisivin.com\/fr\/wp-json\/wp\/v2\/product_cat?post=25410"},{"taxonomy":"product_tag","embeddable":true,"href":"https:\/\/gocuisivin.com\/fr\/wp-json\/wp\/v2\/product_tag?post=25410"}],"curies":[{"name":"wp","href":"https:\/\/api.w.org\/{rel}","templated":true}]}}