{"id":25406,"date":"2023-02-13T14:13:53","date_gmt":"2023-02-13T19:13:53","guid":{"rendered":"https:\/\/gocuisivin.com\/product\/cuisivin-groom-groom-red-wine-450ml-15-25oz-2pk\/"},"modified":"2023-06-29T11:14:35","modified_gmt":"2023-06-29T15:14:35","slug":"cuisivin-groom-groom-red-wine-450ml-15-25oz-2pk","status":"publish","type":"product","link":"https:\/\/gocuisivin.com\/fr\/product\/cuisivin-groom-groom-red-wine-450ml-15-25oz-2pk\/","title":{"rendered":"Cuisivin Groom &amp; Groom Red Wine 450ml\/15.25oz &#8211; 2pk"},"content":{"rendered":"<p>Portez un toast \u00e0 l&#8217;heureux couple avec ces verres sp\u00e9cialement con\u00e7us \u00e0 cet effet ! Verres en cristal sans plomb, fabriqu\u00e9s en Europe avec impression couleur givre. Id\u00e9al pour les registres de mariage, les anniversaires et les cadeaux de mariage. Le coffret comprend 2 verres \u00e0 vin rouge dans une bo\u00eete cadeau. Imprimer &#8220;Groom &amp; Groom&#8221; (mari\u00e9 et mari\u00e9)<\/p>\n","protected":false},"excerpt":{"rendered":"<ul>\n<li>Coffret de vin rouge imprim\u00e9 par le mari\u00e9 et le palefrenier<\/li>\n<li>Cristal sans plomb<\/li>\n<li>Jante fine<\/li>\n<li>Lave-vaisselle<\/li>\n<li>Fabriqu\u00e9 en Europe<\/li>\n<li>Bo\u00eete cadeau 2pk<\/li>\n<li>Capacit\u00e9 : 450ml\/15.25 oz<\/li>\n<\/ul>\n<p><img decoding=\"async\" class=\" wd-lazy-fade alignnone wp-image-24735\" src=\"https:\/\/gocuisivin.com\/zosypsyv\/images\/lazy.svg\" data-src=\"https:\/\/gocuisivin.com\/gleengag\/2023\/02\/Icon-w%EF%80%A2-Text_Fine-Rim_1-300x300.jpg\" alt=\"\" width=\"101\" height=\"101\"> <img decoding=\"async\" class=\" wd-lazy-fade alignnone wp-image-24611\" src=\"https:\/\/gocuisivin.com\/zosypsyv\/images\/lazy.svg\" data-src=\"https:\/\/gocuisivin.com\/gleengag\/2023\/02\/Icon-w%EF%80%A2-Text_Made-in-Europe_1-300x300.jpg\" alt=\"\" width=\"100\" height=\"100\"> <img decoding=\"async\" class=\" wd-lazy-fade alignnone wp-image-24609\" src=\"https:\/\/gocuisivin.com\/zosypsyv\/images\/lazy.svg\" data-src=\"https:\/\/gocuisivin.com\/gleengag\/2023\/02\/Icon-w%EF%80%A2-Text_Lead-Free-Crystal_1-300x300.jpg\" alt=\"\" width=\"100\" height=\"100\"> <img loading=\"lazy\" decoding=\"async\" class=\" wd-lazy-fade alignnone wp-image-24603\" src=\"https:\/\/gocuisivin.com\/zosypsyv\/images\/lazy.svg\" data-src=\"https:\/\/gocuisivin.com\/gleengag\/2023\/02\/Icon-w%EF%80%A2-Text_Dishwasher-Safe_1-300x300.jpg\" alt=\"\" width=\"100\" height=\"100\"><\/p>\n","protected":false},"featured_media":24967,"comment_status":"open","ping_status":"closed","template":"","meta":[],"pwb-brand":[1664],"product_brand":[],"product_cat":[1595,1557,1558],"product_tag":[1303,1100,281,1008,1304,1653,1302,115,118,116],"class_list":{"0":"post-25406","1":"product","2":"type-product","3":"status-publish","4":"has-post-thumbnail","6":"pwb-brand-cuisivin-fr","7":"product_cat-decore","8":"product_cat-verrerie","9":"product_cat-vin","10":"product_tag-450-ml-fr-2","11":"product_tag-classique","12":"product_tag-cuisivin-fr","13":"product_tag-decore","14":"product_tag-ensemble-de-verres-a-vin","15":"product_tag-marie-marie","16":"product_tag-style-tulipe","17":"product_tag-verre-de-vin","18":"product_tag-verrerie","19":"product_tag-vin","21":"first","22":"instock","23":"taxable","24":"shipping-taxable","25":"purchasable","26":"product-type-simple"},"brands":[{"id":1664,"name":"Cuisivin","slug":"cuisivin-fr"}],"_links":{"self":[{"href":"https:\/\/gocuisivin.com\/fr\/wp-json\/wp\/v2\/product\/25406","targetHints":{"allow":["GET"]}}],"collection":[{"href":"https:\/\/gocuisivin.com\/fr\/wp-json\/wp\/v2\/product"}],"about":[{"href":"https:\/\/gocuisivin.com\/fr\/wp-json\/wp\/v2\/types\/product"}],"replies":[{"embeddable":true,"href":"https:\/\/gocuisivin.com\/fr\/wp-json\/wp\/v2\/comments?post=25406"}],"version-history":[{"count":0,"href":"https:\/\/gocuisivin.com\/fr\/wp-json\/wp\/v2\/product\/25406\/revisions"}],"wp:featuredmedia":[{"embeddable":true,"href":"https:\/\/gocuisivin.com\/fr\/wp-json\/wp\/v2\/media\/24967"}],"wp:attachment":[{"href":"https:\/\/gocuisivin.com\/fr\/wp-json\/wp\/v2\/media?parent=25406"}],"wp:term":[{"taxonomy":"pwb-brand","embeddable":true,"href":"https:\/\/gocuisivin.com\/fr\/wp-json\/wp\/v2\/pwb-brand?post=25406"},{"taxonomy":"product_brand","embeddable":true,"href":"https:\/\/gocuisivin.com\/fr\/wp-json\/wp\/v2\/product_brand?post=25406"},{"taxonomy":"product_cat","embeddable":true,"href":"https:\/\/gocuisivin.com\/fr\/wp-json\/wp\/v2\/product_cat?post=25406"},{"taxonomy":"product_tag","embeddable":true,"href":"https:\/\/gocuisivin.com\/fr\/wp-json\/wp\/v2\/product_tag?post=25406"}],"curies":[{"name":"wp","href":"https:\/\/api.w.org\/{rel}","templated":true}]}}