{"id":25405,"date":"2023-02-13T13:35:03","date_gmt":"2023-02-13T18:35:03","guid":{"rendered":"https:\/\/gocuisivin.com\/product\/flute-cuisivin-mr-mr-220ml-7-5oz-2pk\/"},"modified":"2023-06-29T11:14:35","modified_gmt":"2023-06-29T15:14:35","slug":"cuisivin-mr-mr-flute-220ml-7-5oz-2pk","status":"publish","type":"product","link":"https:\/\/gocuisivin.com\/fr\/product\/cuisivin-mr-mr-flute-220ml-7-5oz-2pk\/","title":{"rendered":"Fl\u00fbte Cuisivin Mr. &amp; Mr. 220ml\/7.5oz &#8211; 2pk"},"content":{"rendered":"<p>Portez un toast \u00e0 l&#8217;heureux couple avec ces verres sp\u00e9cialement con\u00e7us \u00e0 cet effet ! Verres en cristal sans plomb, fabriqu\u00e9s en Europe avec impression couleur givre. Id\u00e9al pour les registres de mariage, les anniversaires et les cadeaux de mariage. Le coffret cadeau comprend 2 fl\u00fbtes \u00e0 champagne dans un coffret cadeau. Imprimer &#8220;M. &amp; M.&#8221;<\/p>\n","protected":false},"excerpt":{"rendered":"<ul>\n<li>Coffret de fl\u00fbtes \u00e0 champagne imprim\u00e9es Mr &amp; Mr frost<\/li>\n<li>Cristal sans plomb<\/li>\n<li>Jante fine<\/li>\n<li>Lave-vaisselle<\/li>\n<li>Fabriqu\u00e9 en Europe<\/li>\n<li>Bo\u00eete cadeau 2pk<\/li>\n<li>Capacit\u00e9 : 220ml\/7.5 oz<\/li>\n<\/ul>\n<p><img decoding=\"async\" class=\" wd-lazy-fade alignnone wp-image-24735\" src=\"https:\/\/gocuisivin.com\/zosypsyv\/images\/lazy.svg\" data-src=\"https:\/\/gocuisivin.com\/gleengag\/2023\/02\/Icon-w%EF%80%A2-Text_Fine-Rim_1-300x300.jpg\" alt=\"\" width=\"100\" height=\"100\"> <img decoding=\"async\" class=\" wd-lazy-fade alignnone wp-image-24611\" src=\"https:\/\/gocuisivin.com\/zosypsyv\/images\/lazy.svg\" data-src=\"https:\/\/gocuisivin.com\/gleengag\/2023\/02\/Icon-w%EF%80%A2-Text_Made-in-Europe_1-300x300.jpg\" alt=\"\" width=\"100\" height=\"100\"> <img decoding=\"async\" class=\" wd-lazy-fade alignnone wp-image-24609\" src=\"https:\/\/gocuisivin.com\/zosypsyv\/images\/lazy.svg\" data-src=\"https:\/\/gocuisivin.com\/gleengag\/2023\/02\/Icon-w%EF%80%A2-Text_Lead-Free-Crystal_1-300x300.jpg\" alt=\"\" width=\"100\" height=\"100\"> <img loading=\"lazy\" decoding=\"async\" class=\" wd-lazy-fade alignnone wp-image-24603\" src=\"https:\/\/gocuisivin.com\/zosypsyv\/images\/lazy.svg\" data-src=\"https:\/\/gocuisivin.com\/gleengag\/2023\/02\/Icon-w%EF%80%A2-Text_Dishwasher-Safe_1-300x300.jpg\" alt=\"\" width=\"100\" height=\"100\"><\/p>\n","protected":false},"featured_media":29625,"comment_status":"open","ping_status":"closed","template":"","meta":[],"pwb-brand":[],"product_brand":[],"product_cat":[1557,971,1595],"product_tag":[1269,136,1272,281,1008,1293,1270,1652,1271,118],"class_list":{"0":"post-25405","1":"product","2":"type-product","3":"status-publish","4":"has-post-thumbnail","6":"product_cat-verrerie","7":"product_cat-champagne-2","8":"product_cat-decore","9":"product_tag-220-ml","10":"product_tag-champagne-fr","11":"product_tag-conception-de-flute-mince","12":"product_tag-cuisivin-fr","13":"product_tag-decore","14":"product_tag-elegant-fr","15":"product_tag-ensemble-de-verres-a-champagne","16":"product_tag-m-m-imprime-givre","17":"product_tag-verre-de-champagne","18":"product_tag-verrerie","20":"first","21":"instock","22":"taxable","23":"shipping-taxable","24":"purchasable","25":"product-type-simple"},"brands":[],"_links":{"self":[{"href":"https:\/\/gocuisivin.com\/fr\/wp-json\/wp\/v2\/product\/25405","targetHints":{"allow":["GET"]}}],"collection":[{"href":"https:\/\/gocuisivin.com\/fr\/wp-json\/wp\/v2\/product"}],"about":[{"href":"https:\/\/gocuisivin.com\/fr\/wp-json\/wp\/v2\/types\/product"}],"replies":[{"embeddable":true,"href":"https:\/\/gocuisivin.com\/fr\/wp-json\/wp\/v2\/comments?post=25405"}],"version-history":[{"count":0,"href":"https:\/\/gocuisivin.com\/fr\/wp-json\/wp\/v2\/product\/25405\/revisions"}],"wp:featuredmedia":[{"embeddable":true,"href":"https:\/\/gocuisivin.com\/fr\/wp-json\/wp\/v2\/media\/29625"}],"wp:attachment":[{"href":"https:\/\/gocuisivin.com\/fr\/wp-json\/wp\/v2\/media?parent=25405"}],"wp:term":[{"taxonomy":"pwb-brand","embeddable":true,"href":"https:\/\/gocuisivin.com\/fr\/wp-json\/wp\/v2\/pwb-brand?post=25405"},{"taxonomy":"product_brand","embeddable":true,"href":"https:\/\/gocuisivin.com\/fr\/wp-json\/wp\/v2\/product_brand?post=25405"},{"taxonomy":"product_cat","embeddable":true,"href":"https:\/\/gocuisivin.com\/fr\/wp-json\/wp\/v2\/product_cat?post=25405"},{"taxonomy":"product_tag","embeddable":true,"href":"https:\/\/gocuisivin.com\/fr\/wp-json\/wp\/v2\/product_tag?post=25405"}],"curies":[{"name":"wp","href":"https:\/\/api.w.org\/{rel}","templated":true}]}}