{"id":25401,"date":"2023-02-13T12:21:35","date_gmt":"2023-02-13T17:21:35","guid":{"rendered":"https:\/\/gocuisivin.com\/product\/cuisivin-ensemble-de-whisky-a-lancienne-350ml-11-8oz-6pk\/"},"modified":"2023-06-29T11:11:49","modified_gmt":"2023-06-29T15:11:49","slug":"casual-of-350ml-11-8oz-6pk","status":"publish","type":"product","link":"https:\/\/gocuisivin.com\/fr\/product\/casual-of-350ml-11-8oz-6pk\/","title":{"rendered":"Cuisivin Ensemble de whisky \u00e0 l&#8217;ancienne 350ml\/11.8oz &#8211; 6pk"},"content":{"rendered":"<p>Le verre \u00e0 whisky Casual Old Fashion est le compl\u00e9ment id\u00e9al de tout bar domestique. Ce verre en cristal sans plomb est con\u00e7u avec des lignes traditionnelles \u00e9pur\u00e9es et une base lourde, ce qui le rend \u00e0 la fois solide et \u00e9l\u00e9gant. Gr\u00e2ce \u00e0 sa qualit\u00e9 sup\u00e9rieure et \u00e0 sa taille id\u00e9ale, ce verre est parfait pour servir du whisky, du scotch ou vos boissons m\u00e9lang\u00e9es pr\u00e9f\u00e9r\u00e9es.<\/p>\n","protected":false},"excerpt":{"rendered":"<ul>\n<li>Verre \u00e0 whisky classique \u00e0 l&#8217;ancienne de Cuisivin&#8217;s<\/li>\n<li>Jante fine<\/li>\n<li>Cristal sans plomb<\/li>\n<li>Une clart\u00e9 \u00e9clatante<\/li>\n<li>Lave-vaisselle<\/li>\n<li>Fabriqu\u00e9 en Europe<\/li>\n<\/ul>\n<p><img decoding=\"async\" class=\" wd-lazy-fade alignnone wp-image-24609\" src=\"https:\/\/gocuisivin.com\/zosypsyv\/images\/lazy.svg\" data-src=\"https:\/\/gocuisivin.com\/gleengag\/2023\/02\/Icon-w%EF%80%A2-Text_Lead-Free-Crystal_1-300x300.jpg\" alt=\"\" width=\"100\" height=\"100\"> <img decoding=\"async\" class=\" wd-lazy-fade alignnone wp-image-24603\" src=\"https:\/\/gocuisivin.com\/zosypsyv\/images\/lazy.svg\" data-src=\"https:\/\/gocuisivin.com\/gleengag\/2023\/02\/Icon-w%EF%80%A2-Text_Dishwasher-Safe_1-300x300.jpg\" alt=\"\" width=\"100\" height=\"100\"> <img decoding=\"async\" class=\" wd-lazy-fade alignnone wp-image-24611\" src=\"https:\/\/gocuisivin.com\/zosypsyv\/images\/lazy.svg\" data-src=\"https:\/\/gocuisivin.com\/gleengag\/2023\/02\/Icon-w%EF%80%A2-Text_Made-in-Europe_1-300x300.jpg\" alt=\"\" width=\"100\" height=\"100\"><\/p>\n","protected":false},"featured_media":24881,"comment_status":"open","ping_status":"closed","template":"","meta":[],"pwb-brand":[1664],"product_brand":[],"product_cat":[1557,1559],"product_tag":[1133,281,290,1033],"class_list":{"0":"post-25401","1":"product","2":"type-product","3":"status-publish","4":"has-post-thumbnail","6":"pwb-brand-cuisivin-fr","7":"product_cat-verrerie","8":"product_cat-whisky-spiritueux","9":"product_tag-ancienne-mode","10":"product_tag-cuisivin-fr","11":"product_tag-verre-a-whisky","12":"product_tag-whisky-spiritueux-cocktail","14":"first","15":"instock","16":"taxable","17":"shipping-taxable","18":"purchasable","19":"product-type-simple"},"brands":[{"id":1664,"name":"Cuisivin","slug":"cuisivin-fr"}],"_links":{"self":[{"href":"https:\/\/gocuisivin.com\/fr\/wp-json\/wp\/v2\/product\/25401","targetHints":{"allow":["GET"]}}],"collection":[{"href":"https:\/\/gocuisivin.com\/fr\/wp-json\/wp\/v2\/product"}],"about":[{"href":"https:\/\/gocuisivin.com\/fr\/wp-json\/wp\/v2\/types\/product"}],"replies":[{"embeddable":true,"href":"https:\/\/gocuisivin.com\/fr\/wp-json\/wp\/v2\/comments?post=25401"}],"version-history":[{"count":0,"href":"https:\/\/gocuisivin.com\/fr\/wp-json\/wp\/v2\/product\/25401\/revisions"}],"wp:featuredmedia":[{"embeddable":true,"href":"https:\/\/gocuisivin.com\/fr\/wp-json\/wp\/v2\/media\/24881"}],"wp:attachment":[{"href":"https:\/\/gocuisivin.com\/fr\/wp-json\/wp\/v2\/media?parent=25401"}],"wp:term":[{"taxonomy":"pwb-brand","embeddable":true,"href":"https:\/\/gocuisivin.com\/fr\/wp-json\/wp\/v2\/pwb-brand?post=25401"},{"taxonomy":"product_brand","embeddable":true,"href":"https:\/\/gocuisivin.com\/fr\/wp-json\/wp\/v2\/product_brand?post=25401"},{"taxonomy":"product_cat","embeddable":true,"href":"https:\/\/gocuisivin.com\/fr\/wp-json\/wp\/v2\/product_cat?post=25401"},{"taxonomy":"product_tag","embeddable":true,"href":"https:\/\/gocuisivin.com\/fr\/wp-json\/wp\/v2\/product_tag?post=25401"}],"curies":[{"name":"wp","href":"https:\/\/api.w.org\/{rel}","templated":true}]}}