{"id":25400,"date":"2023-02-13T12:39:45","date_gmt":"2023-02-13T17:39:45","guid":{"rendered":"https:\/\/gocuisivin.com\/product\/govino-ds-verre-a-cocktail-highball-14oz-4pk\/"},"modified":"2023-06-29T11:10:58","modified_gmt":"2023-06-29T15:10:58","slug":"govino-ds-highball-14oz-4pk","status":"publish","type":"product","link":"https:\/\/gocuisivin.com\/fr\/product\/govino-ds-highball-14oz-4pk\/","title":{"rendered":"Govino DS Verre \u00e0 cocktail Highball 14oz &#8211; 4pk"},"content":{"rendered":"<p>Govino est le gobelet qui va partout o\u00f9 le verre ne peut pas aller &#8211; sur le patio, \u00e0 la plage, en pique-nique, autour de la piscine et dans les bagages. Le NOUVEAU verre \u00e0 cocktail Highball est incassable, r\u00e9utilisable et recyclable. Fabriqu\u00e9 en plastique Tritan, Govino est exempt de BPA et refl\u00e8te la couleur et l&#8217;ar\u00f4me du cocktail comme du cristal. Les lunettes Govino sont con\u00e7ues de mani\u00e8re ergonomique avec une encoche pratique pour le pouce, ce qui permet une prise en main parfaite, m\u00eame avec des mains humides ou grasses. Laur\u00e9at de plusieurs prix internationaux !<\/p>\n","protected":false},"excerpt":{"rendered":"<ul>\n<li>Le verre Govino Highball est id\u00e9al pour les cocktails, les vins mousseux et autres boissons.<\/li>\n<li>Verres sans BPA, flexibles et incassables<\/li>\n<li>L&#8217;encoche brevet\u00e9e pour le pouce permet une prise en main parfaite&#8230; m\u00eame avec des mains humides ou grasses !<\/li>\n<li>Lavable au lave-vaisselle (panier sup\u00e9rieur)<\/li>\n<li>Fabriqu\u00e9 aux \u00c9tats-Unis<\/li>\n<li>Capacit\u00e9 : 14 oz \/ 414 ml<\/li>\n<\/ul>\n<p><img decoding=\"async\" class=\" wd-lazy-fade alignnone wp-image-24605\" src=\"https:\/\/gocuisivin.com\/zosypsyv\/images\/lazy.svg\" data-src=\"https:\/\/gocuisivin.com\/gleengag\/2023\/02\/Icon-w%EF%80%A2-Text_Made-in-USA_1-300x300.jpg\" alt=\"\" width=\"100\" height=\"100\"> <img decoding=\"async\" class=\" wd-lazy-fade alignnone wp-image-24600\" src=\"https:\/\/gocuisivin.com\/zosypsyv\/images\/lazy.svg\" data-src=\"https:\/\/gocuisivin.com\/gleengag\/2023\/02\/Icon-w%EF%80%A2-Text_BPA-Free_1-300x300.jpg\" alt=\"\" width=\"100\" height=\"100\"> <img decoding=\"async\" class=\" wd-lazy-fade alignnone wp-image-24603\" src=\"https:\/\/gocuisivin.com\/zosypsyv\/images\/lazy.svg\" data-src=\"https:\/\/gocuisivin.com\/gleengag\/2023\/02\/Icon-w%EF%80%A2-Text_Dishwasher-Safe_1-300x300.jpg\" alt=\"\" width=\"100\" height=\"100\"><\/p>\n","protected":false},"featured_media":24915,"comment_status":"open","ping_status":"closed","template":"","meta":[],"pwb-brand":[],"product_brand":[],"product_cat":[525,1577,1578],"product_tag":[1579,286,133,1646],"class_list":{"0":"post-25400","1":"product","2":"type-product","3":"status-publish","4":"has-post-thumbnail","6":"product_cat-cocktail-fr","7":"product_cat-exterieur","8":"product_cat-lunettes","9":"product_tag-exterieur","10":"product_tag-govino-fr","11":"product_tag-highball-fr","12":"product_tag-verre-a-cocktail","14":"first","15":"instock","16":"taxable","17":"shipping-taxable","18":"purchasable","19":"product-type-simple"},"brands":[],"_links":{"self":[{"href":"https:\/\/gocuisivin.com\/fr\/wp-json\/wp\/v2\/product\/25400","targetHints":{"allow":["GET"]}}],"collection":[{"href":"https:\/\/gocuisivin.com\/fr\/wp-json\/wp\/v2\/product"}],"about":[{"href":"https:\/\/gocuisivin.com\/fr\/wp-json\/wp\/v2\/types\/product"}],"replies":[{"embeddable":true,"href":"https:\/\/gocuisivin.com\/fr\/wp-json\/wp\/v2\/comments?post=25400"}],"version-history":[{"count":0,"href":"https:\/\/gocuisivin.com\/fr\/wp-json\/wp\/v2\/product\/25400\/revisions"}],"wp:featuredmedia":[{"embeddable":true,"href":"https:\/\/gocuisivin.com\/fr\/wp-json\/wp\/v2\/media\/24915"}],"wp:attachment":[{"href":"https:\/\/gocuisivin.com\/fr\/wp-json\/wp\/v2\/media?parent=25400"}],"wp:term":[{"taxonomy":"pwb-brand","embeddable":true,"href":"https:\/\/gocuisivin.com\/fr\/wp-json\/wp\/v2\/pwb-brand?post=25400"},{"taxonomy":"product_brand","embeddable":true,"href":"https:\/\/gocuisivin.com\/fr\/wp-json\/wp\/v2\/product_brand?post=25400"},{"taxonomy":"product_cat","embeddable":true,"href":"https:\/\/gocuisivin.com\/fr\/wp-json\/wp\/v2\/product_cat?post=25400"},{"taxonomy":"product_tag","embeddable":true,"href":"https:\/\/gocuisivin.com\/fr\/wp-json\/wp\/v2\/product_tag?post=25400"}],"curies":[{"name":"wp","href":"https:\/\/api.w.org\/{rel}","templated":true}]}}