{"id":25399,"date":"2023-02-13T12:33:45","date_gmt":"2023-02-13T17:33:45","guid":{"rendered":"https:\/\/gocuisivin.com\/product\/arbre-a-cocktail-bel-air\/"},"modified":"2023-06-29T11:10:57","modified_gmt":"2023-06-29T15:10:57","slug":"bel-air-cocktail-tree","status":"publish","type":"product","link":"https:\/\/gocuisivin.com\/fr\/product\/bel-air-cocktail-tree\/","title":{"rendered":"Arbre \u00e0 cocktail Bel-Air"},"content":{"rendered":"<p>Ajoutez un facteur de surprise \u00e0 votre prochain \u00e9v\u00e9nement ! Pr\u00e9sentez et servez vos cocktails avec \u00e9l\u00e9gance gr\u00e2ce au support pour arbre \u00e0 cocktails Cuisivin. Cette pi\u00e8ce centrale chic est parfaite pour tous les \u00e9v\u00e9nements &#8211; mariages, anniversaires, enterrements de vie de jeune fille, bachelorettes et autres. Le support de l&#8217;arbre \u00e0 cocktail peut accueillir une vari\u00e9t\u00e9 de verres diff\u00e9rents &#8211; fl\u00fbtes \u00e0 champagne, coupes, verres \u00e0 vin, verres \u00e0 vin et plus encore.<\/p>\n","protected":false},"excerpt":{"rendered":"<ul>\n<li>Pr\u00e9senter et servir les cocktails avec \u00e9l\u00e9gance<\/li>\n<li>Une pi\u00e8ce ma\u00eetresse chic pour tout \u00e9v\u00e9nement ! Fabriqu\u00e9 en acier robuste de gros calibre<\/li>\n<li>Peut contenir jusqu&#8217;\u00e0 12 verres. Lunettes non incluses.<\/li>\n<li>Assemblage n\u00e9cessaire.<\/li>\n<li>Stockage \u00e0 plat peu encombrant<\/li>\n<\/ul>\n","protected":false},"featured_media":29014,"comment_status":"open","ping_status":"closed","template":"","meta":[],"pwb-brand":[1663],"product_brand":[],"product_cat":[1565,102],"product_tag":[1002,1650,1004],"class_list":{"0":"post-25399","1":"product","2":"type-product","3":"status-publish","4":"has-post-thumbnail","6":"pwb-brand-bel-air-fr","7":"product_cat-accessoires-pour-le-vin-et-le-bar","8":"product_cat-accessoires","9":"product_tag-accessoires-pour-le-vin-et-le-bar","10":"product_tag-arbre-a-cocktail","11":"product_tag-bel-air-fr","13":"first","14":"instock","15":"taxable","16":"shipping-taxable","17":"purchasable","18":"product-type-simple"},"brands":[{"id":1663,"name":"Bel-Air","slug":"bel-air-fr"}],"_links":{"self":[{"href":"https:\/\/gocuisivin.com\/fr\/wp-json\/wp\/v2\/product\/25399","targetHints":{"allow":["GET"]}}],"collection":[{"href":"https:\/\/gocuisivin.com\/fr\/wp-json\/wp\/v2\/product"}],"about":[{"href":"https:\/\/gocuisivin.com\/fr\/wp-json\/wp\/v2\/types\/product"}],"replies":[{"embeddable":true,"href":"https:\/\/gocuisivin.com\/fr\/wp-json\/wp\/v2\/comments?post=25399"}],"version-history":[{"count":0,"href":"https:\/\/gocuisivin.com\/fr\/wp-json\/wp\/v2\/product\/25399\/revisions"}],"wp:featuredmedia":[{"embeddable":true,"href":"https:\/\/gocuisivin.com\/fr\/wp-json\/wp\/v2\/media\/29014"}],"wp:attachment":[{"href":"https:\/\/gocuisivin.com\/fr\/wp-json\/wp\/v2\/media?parent=25399"}],"wp:term":[{"taxonomy":"pwb-brand","embeddable":true,"href":"https:\/\/gocuisivin.com\/fr\/wp-json\/wp\/v2\/pwb-brand?post=25399"},{"taxonomy":"product_brand","embeddable":true,"href":"https:\/\/gocuisivin.com\/fr\/wp-json\/wp\/v2\/product_brand?post=25399"},{"taxonomy":"product_cat","embeddable":true,"href":"https:\/\/gocuisivin.com\/fr\/wp-json\/wp\/v2\/product_cat?post=25399"},{"taxonomy":"product_tag","embeddable":true,"href":"https:\/\/gocuisivin.com\/fr\/wp-json\/wp\/v2\/product_tag?post=25399"}],"curies":[{"name":"wp","href":"https:\/\/api.w.org\/{rel}","templated":true}]}}