{"id":25398,"date":"2023-02-13T12:51:22","date_gmt":"2023-02-13T17:51:22","guid":{"rendered":"https:\/\/gocuisivin.com\/product\/cuisivin-patioware-verre-a-vin-buzzed-14-5oz-6pk\/"},"modified":"2023-06-29T11:10:57","modified_gmt":"2023-06-29T15:10:57","slug":"govino-patioware-buzzed-14-5oz-6pk","status":"publish","type":"product","link":"https:\/\/gocuisivin.com\/fr\/product\/govino-patioware-buzzed-14-5oz-6pk\/","title":{"rendered":"Cuisivin Patioware Verre \u00e0 vin Buzzed 14.5oz &#8211; 6pk"},"content":{"rendered":"<p>Le verre \u00e0 vin Patioware est parfait pour un mode de vie en plein air. Profitez de votre vin, de vos cocktails et de vos boissons sans vous soucier de la piscine, du bain \u00e0 remous, du patio ou du pique-nique. La prise en main est excellente et le design empilable fantastique ! Fabriqu\u00e9 aux \u00c9tats-Unis en plastique Tritan incassable et sans BPA, Patioware passe au lave-vaisselle, est r\u00e9utilisable et recyclable. La capacit\u00e9 de 14,5 oz \/ 430 ml est id\u00e9ale pour votre prochaine aventure en plein air. 6pk chaque verre avec une impression color\u00e9e amusante.<\/p>\n","protected":false},"excerpt":{"rendered":"<ul>\n<li>Chaque verre est orn\u00e9 d&#8217;un imprim\u00e9 color\u00e9 diff\u00e9rent et amusant<\/li>\n<li>Un verre parfait pour tous les besoins ext\u00e9rieurs<\/li>\n<li>Sans BPA, flexible, incassable<\/li>\n<li>Conception empilable<\/li>\n<li>Lavable au lave-vaisselle (panier sup\u00e9rieur)<\/li>\n<li>Fabriqu\u00e9 aux \u00c9tats-Unis<\/li>\n<li>Capacit\u00e9 : 14.5 oz \/ 430 ml<\/li>\n<\/ul>\n<p><img decoding=\"async\" class=\" wd-lazy-fade alignnone wp-image-24605\" src=\"https:\/\/gocuisivin.com\/zosypsyv\/images\/lazy.svg\" data-src=\"https:\/\/gocuisivin.com\/gleengag\/2023\/02\/Icon-w%EF%80%A2-Text_Made-in-USA_1-300x300.jpg\" alt=\"\" width=\"100\" height=\"100\"> <img decoding=\"async\" class=\" wd-lazy-fade alignnone wp-image-24603\" src=\"https:\/\/gocuisivin.com\/zosypsyv\/images\/lazy.svg\" data-src=\"https:\/\/gocuisivin.com\/gleengag\/2023\/02\/Icon-w%EF%80%A2-Text_Dishwasher-Safe_1-300x300.jpg\" alt=\"\" width=\"100\" height=\"100\"> <img decoding=\"async\" class=\" wd-lazy-fade alignnone wp-image-24600\" src=\"https:\/\/gocuisivin.com\/zosypsyv\/images\/lazy.svg\" data-src=\"https:\/\/gocuisivin.com\/gleengag\/2023\/02\/Icon-w%EF%80%A2-Text_BPA-Free_1-300x300.jpg\" alt=\"\" width=\"100\" height=\"100\"><\/p>\n","protected":false},"featured_media":24925,"comment_status":"open","ping_status":"closed","template":"","meta":[],"pwb-brand":[],"product_brand":[],"product_cat":[1577,1578],"product_tag":[1579,286,1648,1646],"class_list":{"0":"post-25398","1":"product","2":"type-product","3":"status-publish","4":"has-post-thumbnail","6":"product_cat-exterieur","7":"product_cat-lunettes","8":"product_tag-exterieur","9":"product_tag-govino-fr","10":"product_tag-patioware-fr","11":"product_tag-verre-a-cocktail","13":"first","14":"instock","15":"taxable","16":"shipping-taxable","17":"purchasable","18":"product-type-simple"},"brands":[],"_links":{"self":[{"href":"https:\/\/gocuisivin.com\/fr\/wp-json\/wp\/v2\/product\/25398","targetHints":{"allow":["GET"]}}],"collection":[{"href":"https:\/\/gocuisivin.com\/fr\/wp-json\/wp\/v2\/product"}],"about":[{"href":"https:\/\/gocuisivin.com\/fr\/wp-json\/wp\/v2\/types\/product"}],"replies":[{"embeddable":true,"href":"https:\/\/gocuisivin.com\/fr\/wp-json\/wp\/v2\/comments?post=25398"}],"version-history":[{"count":0,"href":"https:\/\/gocuisivin.com\/fr\/wp-json\/wp\/v2\/product\/25398\/revisions"}],"wp:featuredmedia":[{"embeddable":true,"href":"https:\/\/gocuisivin.com\/fr\/wp-json\/wp\/v2\/media\/24925"}],"wp:attachment":[{"href":"https:\/\/gocuisivin.com\/fr\/wp-json\/wp\/v2\/media?parent=25398"}],"wp:term":[{"taxonomy":"pwb-brand","embeddable":true,"href":"https:\/\/gocuisivin.com\/fr\/wp-json\/wp\/v2\/pwb-brand?post=25398"},{"taxonomy":"product_brand","embeddable":true,"href":"https:\/\/gocuisivin.com\/fr\/wp-json\/wp\/v2\/product_brand?post=25398"},{"taxonomy":"product_cat","embeddable":true,"href":"https:\/\/gocuisivin.com\/fr\/wp-json\/wp\/v2\/product_cat?post=25398"},{"taxonomy":"product_tag","embeddable":true,"href":"https:\/\/gocuisivin.com\/fr\/wp-json\/wp\/v2\/product_tag?post=25398"}],"curies":[{"name":"wp","href":"https:\/\/api.w.org\/{rel}","templated":true}]}}