{"id":25397,"date":"2023-02-13T12:58:10","date_gmt":"2023-02-13T17:58:10","guid":{"rendered":"https:\/\/gocuisivin.com\/product\/cuisivin-chopine-parfaite-buzzed-20oz-590ml-6pk\/"},"modified":"2023-06-29T11:10:57","modified_gmt":"2023-06-29T15:10:57","slug":"perfect-pint-20oz-buzzed-6pk","status":"publish","type":"product","link":"https:\/\/gocuisivin.com\/fr\/product\/perfect-pint-20oz-buzzed-6pk\/","title":{"rendered":"Cuisivin Chopine Parfaite Buzzed 20oz\/590ml &#8211; 6pk"},"content":{"rendered":"<p>La pinte parfaite est parfaite pour toute utilisation en ext\u00e9rieur. Fabriqu\u00e9s en plastique Tritan sans BPA, r\u00e9sistant aux fissures, les verres sont r\u00e9utilisables et recyclables. Il comporte des languettes d&#8217;a\u00e9ration qui augmentent le p\u00e9tillement pour un go\u00fbt am\u00e9lior\u00e9 et am\u00e9liorent la r\u00e9tention de la t\u00eate mousseuse. Empilable et lavable au lave-vaisselle, la pinte parfaite a une grande capacit\u00e9 de 20 oz pour accueillir une pinte compl\u00e8te et une t\u00eate. Bordure fine et clart\u00e9 cristalline. 6pk chaque verre avec une impression color\u00e9e amusante.<\/p>\n","protected":false},"excerpt":{"rendered":"<ul>\n<li>Chaque verre est orn\u00e9 d&#8217;un motif color\u00e9 diff\u00e9rent et amusant<\/li>\n<li>Verre parfait pour tous les besoins ext\u00e9rieurs Id\u00e9al pour la bi\u00e8re, les cocktails et plus encore !<\/li>\n<li>Onglets d&#8217;a\u00e9ration &#8211; aident \u00e0 maintenir le duvet et \u00e0 cr\u00e9er une t\u00eate parfaite !<\/li>\n<li>Sans BPA, flexible, incassable<\/li>\n<li>Conception empilable<\/li>\n<li>Lavable au lave-vaisselle (panier sup\u00e9rieur)<\/li>\n<li>Fabriqu\u00e9 aux \u00c9tats-Unis<\/li>\n<\/ul>\n<p><img decoding=\"async\" class=\" wd-lazy-fade alignnone wp-image-24605\" src=\"https:\/\/gocuisivin.com\/zosypsyv\/images\/lazy.svg\" data-src=\"https:\/\/gocuisivin.com\/gleengag\/2023\/02\/Icon-w%EF%80%A2-Text_Made-in-USA_1-300x300.jpg\" alt=\"\" width=\"101\" height=\"101\"> <img decoding=\"async\" class=\" wd-lazy-fade alignnone wp-image-24603\" src=\"https:\/\/gocuisivin.com\/zosypsyv\/images\/lazy.svg\" data-src=\"https:\/\/gocuisivin.com\/gleengag\/2023\/02\/Icon-w%EF%80%A2-Text_Dishwasher-Safe_1-300x300.jpg\" alt=\"\" width=\"101\" height=\"101\"> <img decoding=\"async\" class=\" wd-lazy-fade alignnone wp-image-24600\" src=\"https:\/\/gocuisivin.com\/zosypsyv\/images\/lazy.svg\" data-src=\"https:\/\/gocuisivin.com\/gleengag\/2023\/02\/Icon-w%EF%80%A2-Text_BPA-Free_1-300x300.jpg\" alt=\"\" width=\"101\" height=\"101\"><\/p>\n","protected":false},"featured_media":24931,"comment_status":"open","ping_status":"closed","template":"","meta":[],"pwb-brand":[],"product_brand":[],"product_cat":[1577,1578],"product_tag":[1579,286,1649,1646],"class_list":{"0":"post-25397","1":"product","2":"type-product","3":"status-publish","4":"has-post-thumbnail","6":"product_cat-exterieur","7":"product_cat-lunettes","8":"product_tag-exterieur","9":"product_tag-govino-fr","10":"product_tag-une-pinte-parfaite","11":"product_tag-verre-a-cocktail","13":"first","14":"instock","15":"taxable","16":"shipping-taxable","17":"purchasable","18":"product-type-simple"},"brands":[],"_links":{"self":[{"href":"https:\/\/gocuisivin.com\/fr\/wp-json\/wp\/v2\/product\/25397","targetHints":{"allow":["GET"]}}],"collection":[{"href":"https:\/\/gocuisivin.com\/fr\/wp-json\/wp\/v2\/product"}],"about":[{"href":"https:\/\/gocuisivin.com\/fr\/wp-json\/wp\/v2\/types\/product"}],"replies":[{"embeddable":true,"href":"https:\/\/gocuisivin.com\/fr\/wp-json\/wp\/v2\/comments?post=25397"}],"version-history":[{"count":0,"href":"https:\/\/gocuisivin.com\/fr\/wp-json\/wp\/v2\/product\/25397\/revisions"}],"wp:featuredmedia":[{"embeddable":true,"href":"https:\/\/gocuisivin.com\/fr\/wp-json\/wp\/v2\/media\/24931"}],"wp:attachment":[{"href":"https:\/\/gocuisivin.com\/fr\/wp-json\/wp\/v2\/media?parent=25397"}],"wp:term":[{"taxonomy":"pwb-brand","embeddable":true,"href":"https:\/\/gocuisivin.com\/fr\/wp-json\/wp\/v2\/pwb-brand?post=25397"},{"taxonomy":"product_brand","embeddable":true,"href":"https:\/\/gocuisivin.com\/fr\/wp-json\/wp\/v2\/product_brand?post=25397"},{"taxonomy":"product_cat","embeddable":true,"href":"https:\/\/gocuisivin.com\/fr\/wp-json\/wp\/v2\/product_cat?post=25397"},{"taxonomy":"product_tag","embeddable":true,"href":"https:\/\/gocuisivin.com\/fr\/wp-json\/wp\/v2\/product_tag?post=25397"}],"curies":[{"name":"wp","href":"https:\/\/api.w.org\/{rel}","templated":true}]}}