{"id":23591,"date":"2022-11-03T20:40:45","date_gmt":"2022-11-03T20:40:45","guid":{"rendered":"https:\/\/gocuisivin.com\/?post_type=product&#038;p=23591"},"modified":"2023-01-19T17:17:41","modified_gmt":"2023-01-19T17:17:41","slug":"eisch-decanter-dryer","status":"publish","type":"product","link":"https:\/\/gocuisivin.com\/fr\/product\/eisch-decanter-dryer\/","title":{"rendered":"S\u00e9choir \u00e0 carafe Eisch"},"content":{"rendered":"<p>L&#8217;outil parfait pour s\u00e9cher l&#8217;int\u00e9rieur d&#8217;une carafe afin d&#8217;\u00e9viter les taches d&#8217;eau. T\u00eate de brosse en microfibre extr\u00eamement r\u00e9sistante, absorbante et non pelucheuse.<\/p>\n","protected":false},"excerpt":{"rendered":"<p>&nbsp;<\/p>\n<ul>\n<li>S\u00e9choir \u00e0 d\u00e9cantation et plumeau faciles \u00e0 utiliser<\/li>\n<li>Convient \u00e0 toutes les carafes standard et aux carafes \u00e0 canard<\/li>\n<li>Facile \u00e0 utiliser : visser la poign\u00e9e sur le support du chiffon en microfibres ; tirer le chiffon en microfibres dans le tuyau ; presser le chiffon en microfibres dans la carafe ; tirer le tuyau ; faire tourner rapidement la baguette de s\u00e9chage entre la paume de la main jusqu&#8217;\u00e0 ce que la carafe soit propre et s\u00e8che.<\/li>\n<li>Technique brevet\u00e9e<\/li>\n<li>Atteindre les points difficiles \u00e0 atteindre dans la carafe.<\/li>\n<li>N&#8217;inclut pas la carafe<\/li>\n<\/ul>\n<p><img decoding=\"async\" src=\"https:\/\/gocuisivin.com\/gleengag\/2022\/03\/Icon-w_-Text_Made-in-Germany_1.jpg\" alt=\"\" width=\"100\" height=\"100\" \/><\/p>\n","protected":false},"featured_media":29270,"comment_status":"open","ping_status":"closed","template":"","meta":[],"pwb-brand":[1667],"product_brand":[],"product_cat":[1565,1599],"product_tag":[1002,1622,121,1231],"class_list":{"0":"post-23591","1":"product","2":"type-product","3":"status-publish","4":"has-post-thumbnail","6":"pwb-brand-eisch-fr","7":"product_cat-accessoires-pour-le-vin-et-le-bar","8":"product_cat-nettoyage","9":"product_tag-accessoires-pour-le-vin-et-le-bar","10":"product_tag-decanteur-secheur","11":"product_tag-eisch-fr","12":"product_tag-nettoyage","14":"first","15":"instock","16":"taxable","17":"shipping-taxable","18":"purchasable","19":"product-type-simple"},"brands":[{"id":1667,"name":"Eisch","slug":"eisch-fr"}],"_links":{"self":[{"href":"https:\/\/gocuisivin.com\/fr\/wp-json\/wp\/v2\/product\/23591","targetHints":{"allow":["GET"]}}],"collection":[{"href":"https:\/\/gocuisivin.com\/fr\/wp-json\/wp\/v2\/product"}],"about":[{"href":"https:\/\/gocuisivin.com\/fr\/wp-json\/wp\/v2\/types\/product"}],"replies":[{"embeddable":true,"href":"https:\/\/gocuisivin.com\/fr\/wp-json\/wp\/v2\/comments?post=23591"}],"version-history":[{"count":2,"href":"https:\/\/gocuisivin.com\/fr\/wp-json\/wp\/v2\/product\/23591\/revisions"}],"predecessor-version":[{"id":23949,"href":"https:\/\/gocuisivin.com\/fr\/wp-json\/wp\/v2\/product\/23591\/revisions\/23949"}],"wp:featuredmedia":[{"embeddable":true,"href":"https:\/\/gocuisivin.com\/fr\/wp-json\/wp\/v2\/media\/29270"}],"wp:attachment":[{"href":"https:\/\/gocuisivin.com\/fr\/wp-json\/wp\/v2\/media?parent=23591"}],"wp:term":[{"taxonomy":"pwb-brand","embeddable":true,"href":"https:\/\/gocuisivin.com\/fr\/wp-json\/wp\/v2\/pwb-brand?post=23591"},{"taxonomy":"product_brand","embeddable":true,"href":"https:\/\/gocuisivin.com\/fr\/wp-json\/wp\/v2\/product_brand?post=23591"},{"taxonomy":"product_cat","embeddable":true,"href":"https:\/\/gocuisivin.com\/fr\/wp-json\/wp\/v2\/product_cat?post=23591"},{"taxonomy":"product_tag","embeddable":true,"href":"https:\/\/gocuisivin.com\/fr\/wp-json\/wp\/v2\/product_tag?post=23591"}],"curies":[{"name":"wp","href":"https:\/\/api.w.org\/{rel}","templated":true}]}}