{"id":23535,"date":"2022-11-03T19:44:28","date_gmt":"2022-11-03T19:44:28","guid":{"rendered":"https:\/\/gocuisivin.com\/?post_type=product&#038;p=23535"},"modified":"2023-01-16T15:47:15","modified_gmt":"2023-01-16T15:47:15","slug":"cuisivin-solo-shot-sake-paquet-de-6-copy","status":"publish","type":"product","link":"https:\/\/gocuisivin.com\/fr\/product\/cuisivin-solo-shot-sake-paquet-de-6-copy\/","title":{"rendered":"Cuisivin Solo Shot\/Sak\u00e9 &#8211; Paquet de 6"},"content":{"rendered":"<p>Le verre Solo est une version moderne du verre \u00e0 liqueur traditionnel. Convient \u00e0 une vari\u00e9t\u00e9 de spiritueux, ce verre a \u00e9t\u00e9 con\u00e7u pour Saki. Il est dot\u00e9 d&#8217;une base en verre solide et d&#8217;une capacit\u00e9 \u00e9l\u00e9gante de 2 oz.<\/p>\n","protected":false},"excerpt":{"rendered":"<p>&nbsp;<\/p>\n<ul>\n<li>Design \u00e9l\u00e9gant avec base pi\u00e9destal<\/li>\n<li>Id\u00e9al de Saki et autres liqueurs<\/li>\n<li>Verre \u00e0 liqueur contemporain<\/li>\n<li>Capacit\u00e9 : 2oz \/ 50 ml<\/li>\n<li>Lave-vaisselle<\/li>\n<li>Bo\u00eete marron 6pk<\/li>\n<\/ul>\n<p><img decoding=\"async\" src=\"https:\/\/gocuisivin.com\/gleengag\/2022\/03\/Icon-w_-Text_Dishwasher-Safe_1-scaled-e1647696229552.jpg\" alt=\"\" width=\"100\" height=\"100\" \/><\/p>\n","protected":false},"featured_media":23537,"comment_status":"open","ping_status":"closed","template":"","meta":[],"pwb-brand":[1664],"product_brand":[],"product_cat":[525,1557,1559],"product_tag":[1165,291,281,1164,1166,118,527],"class_list":{"0":"post-23535","1":"product","2":"type-product","3":"status-publish","4":"has-post-thumbnail","6":"pwb-brand-cuisivin-fr","7":"product_cat-cocktail-fr","8":"product_cat-verrerie","9":"product_cat-whisky-spiritueux","10":"product_tag-50-ml-fr","11":"product_tag-cocktail-fr","12":"product_tag-cuisivin-fr","13":"product_tag-design-elegant","14":"product_tag-verre-a-liqueur","15":"product_tag-verrerie","16":"product_tag-whisky-spiritueux-fr","18":"first","19":"instock","20":"taxable","21":"shipping-taxable","22":"purchasable","23":"product-type-simple"},"brands":[{"id":1664,"name":"Cuisivin","slug":"cuisivin-fr"}],"_links":{"self":[{"href":"https:\/\/gocuisivin.com\/fr\/wp-json\/wp\/v2\/product\/23535","targetHints":{"allow":["GET"]}}],"collection":[{"href":"https:\/\/gocuisivin.com\/fr\/wp-json\/wp\/v2\/product"}],"about":[{"href":"https:\/\/gocuisivin.com\/fr\/wp-json\/wp\/v2\/types\/product"}],"replies":[{"embeddable":true,"href":"https:\/\/gocuisivin.com\/fr\/wp-json\/wp\/v2\/comments?post=23535"}],"version-history":[{"count":1,"href":"https:\/\/gocuisivin.com\/fr\/wp-json\/wp\/v2\/product\/23535\/revisions"}],"predecessor-version":[{"id":23954,"href":"https:\/\/gocuisivin.com\/fr\/wp-json\/wp\/v2\/product\/23535\/revisions\/23954"}],"wp:featuredmedia":[{"embeddable":true,"href":"https:\/\/gocuisivin.com\/fr\/wp-json\/wp\/v2\/media\/23537"}],"wp:attachment":[{"href":"https:\/\/gocuisivin.com\/fr\/wp-json\/wp\/v2\/media?parent=23535"}],"wp:term":[{"taxonomy":"pwb-brand","embeddable":true,"href":"https:\/\/gocuisivin.com\/fr\/wp-json\/wp\/v2\/pwb-brand?post=23535"},{"taxonomy":"product_brand","embeddable":true,"href":"https:\/\/gocuisivin.com\/fr\/wp-json\/wp\/v2\/product_brand?post=23535"},{"taxonomy":"product_cat","embeddable":true,"href":"https:\/\/gocuisivin.com\/fr\/wp-json\/wp\/v2\/product_cat?post=23535"},{"taxonomy":"product_tag","embeddable":true,"href":"https:\/\/gocuisivin.com\/fr\/wp-json\/wp\/v2\/product_tag?post=23535"}],"curies":[{"name":"wp","href":"https:\/\/api.w.org\/{rel}","templated":true}]}}