{"id":23532,"date":"2022-11-03T18:41:34","date_gmt":"2022-11-03T18:41:34","guid":{"rendered":"https:\/\/gocuisivin.com\/?post_type=product&#038;p=23532"},"modified":"2023-01-16T15:48:25","modified_gmt":"2023-01-16T15:48:25","slug":"carafe-celebration-eisch-copy","status":"publish","type":"product","link":"https:\/\/gocuisivin.com\/fr\/product\/carafe-celebration-eisch-copy\/","title":{"rendered":"Carafe C\u00e9l\u00e9bration Eisch"},"content":{"rendered":"<p>Au cours des 100 derni\u00e8res ann\u00e9es, Eisch a cr\u00e9\u00e9 des conceptions et des techniques de fabrication innovantes pour devenir un producteur de verre prim\u00e9 \u00e0 plusieurs reprises en Allemagne. Cette carafe en cristal sans plomb souffl\u00e9 bouche est une \u0153uvre d&#8217;art.<\/p>\n<p>Les carafes Eisch sont \u00e9galement dot\u00e9es de l&#8217;exclusif No Drip Effect\u00a9 &#8211; un traitement exclusif du bord qui aide \u00e0 emp\u00eacher les gouttes de rouler \u00e0 l&#8217;ext\u00e9rieur de la carafe. Au lieu de cela, ils perlent et roulent dans la carafe &#8211; \u00e9vitant ainsi les taches sur les nappes ! La carafe Celebration Decanter la plus vendue pr\u00e9sente une indentation sur la base pour s&#8217;adapter parfaitement \u00e0 la paume pour un meilleur contr\u00f4le et une plus grande facilit\u00e9 lors du versement.<\/p>\n","protected":false},"excerpt":{"rendered":"<p>&nbsp;<\/p>\n<ul>\n<li>Carafe \u00e0 vin rouge avec indentation dans la base pour s&#8217;adapter parfaitement \u00e0 la paume pour plus de contr\u00f4le et de facilit\u00e9 lors du versement<\/li>\n<li>Unique No Drip Effect\u00a9 : le rebord trait\u00e9 emp\u00eache les gouttes de vin de rouler sur l&#8217;ext\u00e9rieur de la carafe<\/li>\n<li>Cristal sans plomb souffl\u00e9 \u00e0 la bouche<\/li>\n<li>Cristal sans plomb allemand<\/li>\n<li>Capacit\u00e9 : 26,5 oz \/ 780 ml ; Hauteur : 9&#8243; \/ 228,6 mm<\/li>\n<\/ul>\n<p><img decoding=\"async\" src=\"https:\/\/gocuisivin.com\/gleengag\/2022\/03\/Icon-w_-Text_Made-in-Germany_1.jpg\" alt=\"\" width=\"100\" height=\"100\" \/><img decoding=\"async\" src=\"https:\/\/gocuisivin.com\/gleengag\/2022\/03\/Icon-w_-Text_Lead-Free-Crystal_1-scaled-e1647696159460.jpg\" alt=\"\" width=\"100\" height=\"100\" \/><img decoding=\"async\" src=\"https:\/\/gocuisivin.com\/gleengag\/2022\/03\/Icon-w_-Text_Handmade_1.jpg\" alt=\"\" width=\"100\" height=\"100\" \/><img loading=\"lazy\" decoding=\"async\" src=\"https:\/\/gocuisivin.com\/gleengag\/2022\/03\/Icon-w_-Text_Handwash_1.jpg\" alt=\"\" width=\"100\" height=\"100\" \/><img loading=\"lazy\" decoding=\"async\" src=\"https:\/\/gocuisivin.com\/gleengag\/2022\/03\/Icon-w_-Text_No-Drip-Effect_1-1.jpg\" alt=\"\" width=\"100\" height=\"100\" \/><\/p>\n","protected":false},"featured_media":23489,"comment_status":"open","ping_status":"closed","template":"","meta":[],"pwb-brand":[1667],"product_brand":[],"product_cat":[1562,1557],"product_tag":[1171,121,118,298],"class_list":{"0":"post-23532","1":"product","2":"type-product","3":"status-publish","4":"has-post-thumbnail","6":"pwb-brand-eisch-fr","7":"product_cat-carafe","8":"product_cat-verrerie","9":"product_tag-carafe-fr","10":"product_tag-eisch-fr","11":"product_tag-verrerie","12":"product_tag-vin-rouge","14":"first","15":"instock","16":"taxable","17":"shipping-taxable","18":"purchasable","19":"product-type-simple"},"brands":[{"id":1667,"name":"Eisch","slug":"eisch-fr"}],"_links":{"self":[{"href":"https:\/\/gocuisivin.com\/fr\/wp-json\/wp\/v2\/product\/23532","targetHints":{"allow":["GET"]}}],"collection":[{"href":"https:\/\/gocuisivin.com\/fr\/wp-json\/wp\/v2\/product"}],"about":[{"href":"https:\/\/gocuisivin.com\/fr\/wp-json\/wp\/v2\/types\/product"}],"replies":[{"embeddable":true,"href":"https:\/\/gocuisivin.com\/fr\/wp-json\/wp\/v2\/comments?post=23532"}],"version-history":[{"count":2,"href":"https:\/\/gocuisivin.com\/fr\/wp-json\/wp\/v2\/product\/23532\/revisions"}],"predecessor-version":[{"id":23956,"href":"https:\/\/gocuisivin.com\/fr\/wp-json\/wp\/v2\/product\/23532\/revisions\/23956"}],"wp:featuredmedia":[{"embeddable":true,"href":"https:\/\/gocuisivin.com\/fr\/wp-json\/wp\/v2\/media\/23489"}],"wp:attachment":[{"href":"https:\/\/gocuisivin.com\/fr\/wp-json\/wp\/v2\/media?parent=23532"}],"wp:term":[{"taxonomy":"pwb-brand","embeddable":true,"href":"https:\/\/gocuisivin.com\/fr\/wp-json\/wp\/v2\/pwb-brand?post=23532"},{"taxonomy":"product_brand","embeddable":true,"href":"https:\/\/gocuisivin.com\/fr\/wp-json\/wp\/v2\/product_brand?post=23532"},{"taxonomy":"product_cat","embeddable":true,"href":"https:\/\/gocuisivin.com\/fr\/wp-json\/wp\/v2\/product_cat?post=23532"},{"taxonomy":"product_tag","embeddable":true,"href":"https:\/\/gocuisivin.com\/fr\/wp-json\/wp\/v2\/product_tag?post=23532"}],"curies":[{"name":"wp","href":"https:\/\/api.w.org\/{rel}","templated":true}]}}