{"id":23525,"date":"2022-11-03T18:35:26","date_gmt":"2022-11-03T18:35:26","guid":{"rendered":"https:\/\/gocuisivin.com\/?post_type=product&#038;p=23525"},"modified":"2023-01-16T15:48:10","modified_gmt":"2023-01-16T15:48:10","slug":"carafe-eisch-twister-copy","status":"publish","type":"product","link":"https:\/\/gocuisivin.com\/fr\/product\/carafe-eisch-twister-copy\/","title":{"rendered":"Carafe Eisch Twister"},"content":{"rendered":"<p>Au cours des 100 derni\u00e8res ann\u00e9es, Eisch a cr\u00e9\u00e9 des conceptions et des techniques de fabrication innovantes pour devenir un producteur de verre prim\u00e9 \u00e0 plusieurs reprises en Allemagne. La carafe Twister est faite de cristal sans plomb souffl\u00e9 \u00e0 la bouche et est livr\u00e9e avec une base en acier inoxydable. C&#8217;est une \u0153uvre d&#8217;art impressionnante mais fonctionnelle.<\/p>\n<p>Le design est tr\u00e8s facile \u00e0 verser et une fois assis, il offre une grande surface d&#8217;a\u00e9ration. Le Twister est \u00e9galement dot\u00e9 de l&#8217;exclusif No Drip Effect\u00a9 &#8211; un traitement exclusif du bord qui emp\u00eache les gouttes de rouler \u00e0 l&#8217;ext\u00e9rieur de la carafe &#8211; au lieu de cela, elles perlent et retournent dans la carafe &#8211; \u00e9vitant ainsi les taches sur la nappe\u00a0!<\/p>\n","protected":false},"excerpt":{"rendered":"<p>&nbsp;<\/p>\n<ul>\n<li>Design \u00e9l\u00e9gant avec base en acier inoxydable<\/li>\n<li>Unique No Drip Effect\u00a9 : le rebord trait\u00e9 emp\u00eache les gouttes de vin de rouler sur l&#8217;ext\u00e9rieur de la carafe<\/li>\n<li>Cristal sans plomb souffl\u00e9 \u00e0 la bouche<\/li>\n<li>Cristal sans plomb allemand<\/li>\n<li>Capacit\u00e9 : 26,5 oz \/ 780 ml ; Hauteur\u00a0:\u00a016,5&#8243; \/ 419,1\u00a0mm<\/li>\n<\/ul>\n<p><img decoding=\"async\" src=\"https:\/\/gocuisivin.com\/gleengag\/2022\/03\/Icon-w_-Text_Made-in-Germany_1.jpg\" alt=\"\" width=\"100\" height=\"100\" \/><img decoding=\"async\" src=\"https:\/\/gocuisivin.com\/gleengag\/2022\/03\/Icon-w_-Text_Lead-Free-Crystal_1-scaled-e1647696159460.jpg\" alt=\"\" width=\"100\" height=\"100\" \/><img decoding=\"async\" src=\"https:\/\/gocuisivin.com\/gleengag\/2022\/03\/Icon-w_-Text_Handmade_1.jpg\" alt=\"\" width=\"100\" height=\"100\" \/><img loading=\"lazy\" decoding=\"async\" src=\"https:\/\/gocuisivin.com\/gleengag\/2022\/03\/Icon-w_-Text_Handwash_1.jpg\" alt=\"\" width=\"100\" height=\"100\" \/><img loading=\"lazy\" decoding=\"async\" src=\"https:\/\/gocuisivin.com\/gleengag\/2022\/03\/Icon-w_-Text_No-Drip-Effect_1-1.jpg\" alt=\"\" width=\"100\" height=\"100\" \/><\/p>\n","protected":false},"featured_media":23530,"comment_status":"open","ping_status":"closed","template":"","meta":[],"pwb-brand":[1667],"product_brand":[],"product_cat":[1562,1557],"product_tag":[991,1171,121,1217,118],"class_list":{"0":"post-23525","1":"product","2":"type-product","3":"status-publish","4":"has-post-thumbnail","6":"pwb-brand-eisch-fr","7":"product_cat-carafe","8":"product_cat-verrerie","9":"product_tag-acier-inoxydable","10":"product_tag-carafe-fr","11":"product_tag-eisch-fr","12":"product_tag-tornade","13":"product_tag-verrerie","15":"first","16":"outofstock","17":"taxable","18":"shipping-taxable","19":"purchasable","20":"product-type-simple"},"brands":[{"id":1667,"name":"Eisch","slug":"eisch-fr"}],"_links":{"self":[{"href":"https:\/\/gocuisivin.com\/fr\/wp-json\/wp\/v2\/product\/23525","targetHints":{"allow":["GET"]}}],"collection":[{"href":"https:\/\/gocuisivin.com\/fr\/wp-json\/wp\/v2\/product"}],"about":[{"href":"https:\/\/gocuisivin.com\/fr\/wp-json\/wp\/v2\/types\/product"}],"replies":[{"embeddable":true,"href":"https:\/\/gocuisivin.com\/fr\/wp-json\/wp\/v2\/comments?post=23525"}],"version-history":[{"count":2,"href":"https:\/\/gocuisivin.com\/fr\/wp-json\/wp\/v2\/product\/23525\/revisions"}],"predecessor-version":[{"id":23958,"href":"https:\/\/gocuisivin.com\/fr\/wp-json\/wp\/v2\/product\/23525\/revisions\/23958"}],"wp:featuredmedia":[{"embeddable":true,"href":"https:\/\/gocuisivin.com\/fr\/wp-json\/wp\/v2\/media\/23530"}],"wp:attachment":[{"href":"https:\/\/gocuisivin.com\/fr\/wp-json\/wp\/v2\/media?parent=23525"}],"wp:term":[{"taxonomy":"pwb-brand","embeddable":true,"href":"https:\/\/gocuisivin.com\/fr\/wp-json\/wp\/v2\/pwb-brand?post=23525"},{"taxonomy":"product_brand","embeddable":true,"href":"https:\/\/gocuisivin.com\/fr\/wp-json\/wp\/v2\/product_brand?post=23525"},{"taxonomy":"product_cat","embeddable":true,"href":"https:\/\/gocuisivin.com\/fr\/wp-json\/wp\/v2\/product_cat?post=23525"},{"taxonomy":"product_tag","embeddable":true,"href":"https:\/\/gocuisivin.com\/fr\/wp-json\/wp\/v2\/product_tag?post=23525"}],"curies":[{"name":"wp","href":"https:\/\/api.w.org\/{rel}","templated":true}]}}