{"id":23444,"date":"2022-11-02T19:32:22","date_gmt":"2022-11-02T19:32:22","guid":{"rendered":"https:\/\/gocuisivin.com\/?post_type=product&#038;p=23444"},"modified":"2023-01-19T17:16:54","modified_gmt":"2023-01-19T17:16:54","slug":"planche-a-fromage-rectangulaire-en-marbre-gris-bel-air-cuisivin-avec-poignee-copy-copy-copy-copy-copy-copy-copy-copy-copy","status":"publish","type":"product","link":"https:\/\/gocuisivin.com\/fr\/product\/planche-a-fromage-rectangulaire-en-marbre-gris-bel-air-cuisivin-avec-poignee-copy-copy-copy-copy-copy-copy-copy-copy-copy\/","title":{"rendered":"F\u00fbt de vieillissement en ch\u00eane"},"content":{"rendered":"<p>F\u00fbt de ch\u00eane blanc am\u00e9ricain fabriqu\u00e9 \u00e0 la main. Les barils ont un ombrage moyen et sont livr\u00e9s avec le support, la bonde, le robinet en bois et la tablette de stockage. Parfait pour le vieillissement du vin, de la bi\u00e8re, de la tequila, du brandy, du whisky, du scotch, du bourbon, du rhum, du cognac ou de tout esprit qui b\u00e9n\u00e9ficie du vieillissement. Le vieillissement du vin et de la bi\u00e8re peut n\u00e9cessiter une combinaison sas\/bouchon. Capacit\u00e9 : 5 litres Taille : 9,5\u2033 x 6,5\u2033 x 6,5\u2033 pouces<\/p>\n","protected":false},"excerpt":{"rendered":"<p>&nbsp;<\/p>\n<ul>\n<li>Faites vieillir et affichez vos vins et spiritueux avec style<\/li>\n<li>Fait \u00e0 la main, ch\u00eane massif<\/li>\n<li>Taille : 9,5\u2033 x 6,5\u2033 x 6,5\u2033 pouces<\/li>\n<\/ul>\n<p>&nbsp;<\/p>\n","protected":false},"featured_media":23446,"comment_status":"open","ping_status":"closed","template":"","meta":[],"pwb-brand":[1683],"product_brand":[],"product_cat":[102,1565],"product_tag":[1003,1002,291],"class_list":{"0":"post-23444","1":"product","2":"type-product","3":"status-publish","4":"has-post-thumbnail","6":"pwb-brand-foghat-fr","7":"product_cat-accessoires","8":"product_cat-accessoires-pour-le-vin-et-le-bar","9":"product_tag-accessoires","10":"product_tag-accessoires-pour-le-vin-et-le-bar","11":"product_tag-cocktail-fr","13":"first","14":"outofstock","15":"taxable","16":"shipping-taxable","17":"purchasable","18":"product-type-simple"},"brands":[{"id":1683,"name":"Foghat","slug":"foghat-fr"}],"_links":{"self":[{"href":"https:\/\/gocuisivin.com\/fr\/wp-json\/wp\/v2\/product\/23444","targetHints":{"allow":["GET"]}}],"collection":[{"href":"https:\/\/gocuisivin.com\/fr\/wp-json\/wp\/v2\/product"}],"about":[{"href":"https:\/\/gocuisivin.com\/fr\/wp-json\/wp\/v2\/types\/product"}],"replies":[{"embeddable":true,"href":"https:\/\/gocuisivin.com\/fr\/wp-json\/wp\/v2\/comments?post=23444"}],"version-history":[{"count":3,"href":"https:\/\/gocuisivin.com\/fr\/wp-json\/wp\/v2\/product\/23444\/revisions"}],"predecessor-version":[{"id":24480,"href":"https:\/\/gocuisivin.com\/fr\/wp-json\/wp\/v2\/product\/23444\/revisions\/24480"}],"wp:featuredmedia":[{"embeddable":true,"href":"https:\/\/gocuisivin.com\/fr\/wp-json\/wp\/v2\/media\/23446"}],"wp:attachment":[{"href":"https:\/\/gocuisivin.com\/fr\/wp-json\/wp\/v2\/media?parent=23444"}],"wp:term":[{"taxonomy":"pwb-brand","embeddable":true,"href":"https:\/\/gocuisivin.com\/fr\/wp-json\/wp\/v2\/pwb-brand?post=23444"},{"taxonomy":"product_brand","embeddable":true,"href":"https:\/\/gocuisivin.com\/fr\/wp-json\/wp\/v2\/product_brand?post=23444"},{"taxonomy":"product_cat","embeddable":true,"href":"https:\/\/gocuisivin.com\/fr\/wp-json\/wp\/v2\/product_cat?post=23444"},{"taxonomy":"product_tag","embeddable":true,"href":"https:\/\/gocuisivin.com\/fr\/wp-json\/wp\/v2\/product_tag?post=23444"}],"curies":[{"name":"wp","href":"https:\/\/api.w.org\/{rel}","templated":true}]}}