{"id":23438,"date":"2022-11-02T19:29:08","date_gmt":"2022-11-02T19:29:08","guid":{"rendered":"https:\/\/gocuisivin.com\/?post_type=product&#038;p=23438"},"modified":"2023-01-19T17:23:12","modified_gmt":"2023-01-19T17:23:12","slug":"planche-a-fromage-rectangulaire-en-marbre-gris-bel-air-cuisivin-avec-poignee-copy-copy-copy-copy-copy-copy-copy","status":"publish","type":"product","link":"https:\/\/gocuisivin.com\/fr\/product\/planche-a-fromage-rectangulaire-en-marbre-gris-bel-air-cuisivin-avec-poignee-copy-copy-copy-copy-copy-copy-copy\/","title":{"rendered":"Foghat Copeaux De Bois Aromatis\u00e9- Cherry Tempest"},"content":{"rendered":"<p>Transformez votre exp\u00e9rience \u00e9picurienne avec le Foghat Cocktail Smoker. Infusez la nourriture, le vin et les spiritueux avec toutes les saveurs de fum\u00e9e naturelles avec un affichage \u00e0 couper le souffle. Cr\u00e9ez des cocktails captivants et des plats fum\u00e9s en quelques \u00e9tapes faciles !<\/p>\n<p>Cherry Tempest \u2013 une ouverture de bois et de fruit de la passion. Tout le carburant de fumage naturel et aromatis\u00e9 est ajout\u00e9 au Foghat Smoker et br\u00fbl\u00e9, cr\u00e9ant une cascade de d\u00e9licieuse fum\u00e9e culinaire pour rehausser la saveur de vos spiritueux et de vos aliments. Ces profils de fum\u00e9e \u00e9picuriens sont une confection gourmande de bois, d&#8217;herbes et d&#8217;\u00e9pices.<\/p>\n<p>*Fumoir \u00e0 cocktail Foghat vendu s\u00e9par\u00e9ment<\/p>\n","protected":false},"excerpt":{"rendered":"<p>&nbsp;<\/p>\n<ul>\n<li>Combustible culinaire Bo\u00eete de 4 oz<\/li>\n<li>Cherry Tempest \u2013 une ouverture de bois et de fruit de la passion<\/li>\n<li>Transformez votre exp\u00e9rience \u00e9picurienne avec le Foghat Cocktail Smoker.<\/li>\n<li>Infusez la nourriture, le vin et les spiritueux avec toutes les saveurs de fum\u00e9e naturelles avec un affichage \u00e9poustouflant<\/li>\n<li>Convient \u00e0 tous les fumeurs Foghat<\/li>\n<\/ul>\n","protected":false},"featured_media":23424,"comment_status":"open","ping_status":"closed","template":"","meta":[],"pwb-brand":[1683],"product_brand":[],"product_cat":[102,1565],"product_tag":[1003,1002,291],"class_list":{"0":"post-23438","1":"product","2":"type-product","3":"status-publish","4":"has-post-thumbnail","6":"pwb-brand-foghat-fr","7":"product_cat-accessoires","8":"product_cat-accessoires-pour-le-vin-et-le-bar","9":"product_tag-accessoires","10":"product_tag-accessoires-pour-le-vin-et-le-bar","11":"product_tag-cocktail-fr","13":"first","14":"instock","15":"taxable","16":"shipping-taxable","17":"purchasable","18":"product-type-simple"},"brands":[{"id":1683,"name":"Foghat","slug":"foghat-fr"}],"_links":{"self":[{"href":"https:\/\/gocuisivin.com\/fr\/wp-json\/wp\/v2\/product\/23438","targetHints":{"allow":["GET"]}}],"collection":[{"href":"https:\/\/gocuisivin.com\/fr\/wp-json\/wp\/v2\/product"}],"about":[{"href":"https:\/\/gocuisivin.com\/fr\/wp-json\/wp\/v2\/types\/product"}],"replies":[{"embeddable":true,"href":"https:\/\/gocuisivin.com\/fr\/wp-json\/wp\/v2\/comments?post=23438"}],"version-history":[{"count":4,"href":"https:\/\/gocuisivin.com\/fr\/wp-json\/wp\/v2\/product\/23438\/revisions"}],"predecessor-version":[{"id":24482,"href":"https:\/\/gocuisivin.com\/fr\/wp-json\/wp\/v2\/product\/23438\/revisions\/24482"}],"wp:featuredmedia":[{"embeddable":true,"href":"https:\/\/gocuisivin.com\/fr\/wp-json\/wp\/v2\/media\/23424"}],"wp:attachment":[{"href":"https:\/\/gocuisivin.com\/fr\/wp-json\/wp\/v2\/media?parent=23438"}],"wp:term":[{"taxonomy":"pwb-brand","embeddable":true,"href":"https:\/\/gocuisivin.com\/fr\/wp-json\/wp\/v2\/pwb-brand?post=23438"},{"taxonomy":"product_brand","embeddable":true,"href":"https:\/\/gocuisivin.com\/fr\/wp-json\/wp\/v2\/product_brand?post=23438"},{"taxonomy":"product_cat","embeddable":true,"href":"https:\/\/gocuisivin.com\/fr\/wp-json\/wp\/v2\/product_cat?post=23438"},{"taxonomy":"product_tag","embeddable":true,"href":"https:\/\/gocuisivin.com\/fr\/wp-json\/wp\/v2\/product_tag?post=23438"}],"curies":[{"name":"wp","href":"https:\/\/api.w.org\/{rel}","templated":true}]}}