{"id":23414,"date":"2022-11-02T19:10:05","date_gmt":"2022-11-02T19:10:05","guid":{"rendered":"https:\/\/gocuisivin.com\/?post_type=product&#038;p=23414"},"modified":"2023-01-19T17:30:39","modified_gmt":"2023-01-19T17:30:39","slug":"planche-a-fromage-rectangulaire-en-marbre-gris-bel-air-cuisivin-avec-poignee-copy-copy-copy-2","status":"publish","type":"product","link":"https:\/\/gocuisivin.com\/fr\/product\/planche-a-fromage-rectangulaire-en-marbre-gris-bel-air-cuisivin-avec-poignee-copy-copy-copy-2\/","title":{"rendered":"Foghat Copeaux De Bois Aromatis\u00e9- Whiskey Barrel Oak"},"content":{"rendered":"<p>Transformez votre exp\u00e9rience \u00e9picurienne avec le Foghat Cocktail Smoker. Infusez la nourriture, le vin et les spiritueux avec toutes les saveurs de fum\u00e9e naturelles avec un affichage \u00e0 couper le souffle. Cr\u00e9ez des cocktails captivants et des plats fum\u00e9s en quelques \u00e9tapes faciles !<\/p>\n<p>Foghat Culinary Fuel &#8211; Whisky Barrel Oak &#8211; swish bourbon whisky feuille et \u00e9pices. Tout le carburant de fumage naturel et aromatis\u00e9 est ajout\u00e9 au Foghat Smoker et br\u00fbl\u00e9, cr\u00e9ant une cascade de d\u00e9licieuse fum\u00e9e culinaire pour rehausser la saveur de vos spiritueux et de vos aliments. Ces profils de fum\u00e9e \u00e9picuriens sont une confection gourmande de bois, d&#8217;herbes et d&#8217;\u00e9pices.<\/p>\n<p>*Fumoir \u00e0 cocktail Foghat vendu s\u00e9par\u00e9ment<\/p>\n","protected":false},"excerpt":{"rendered":"<p>&nbsp;<\/p>\n<ul>\n<li>Combustible culinaire Bo\u00eete de 4 oz<\/li>\n<li>Whisky Barrel Oak &#8211; feuille de whisky bourbon swish et \u00e9pices<\/li>\n<li>Transformez votre exp\u00e9rience \u00e9picurienne avec le Foghat Cocktail Smoker.<\/li>\n<li>Infusez la nourriture, le vin et les spiritueux avec toutes les saveurs de fum\u00e9e naturelles avec un affichage \u00e9poustouflant<\/li>\n<li>Convient \u00e0 tous les fumeurs Foghat<\/li>\n<\/ul>\n<p>&nbsp;<\/p>\n","protected":false},"featured_media":23416,"comment_status":"open","ping_status":"closed","template":"","meta":[],"pwb-brand":[1683],"product_brand":[],"product_cat":[102,1565],"product_tag":[1003,1002,291],"class_list":{"0":"post-23414","1":"product","2":"type-product","3":"status-publish","4":"has-post-thumbnail","6":"pwb-brand-foghat-fr","7":"product_cat-accessoires","8":"product_cat-accessoires-pour-le-vin-et-le-bar","9":"product_tag-accessoires","10":"product_tag-accessoires-pour-le-vin-et-le-bar","11":"product_tag-cocktail-fr","13":"first","14":"instock","15":"taxable","16":"shipping-taxable","17":"purchasable","18":"product-type-simple"},"brands":[{"id":1683,"name":"Foghat","slug":"foghat-fr"}],"_links":{"self":[{"href":"https:\/\/gocuisivin.com\/fr\/wp-json\/wp\/v2\/product\/23414","targetHints":{"allow":["GET"]}}],"collection":[{"href":"https:\/\/gocuisivin.com\/fr\/wp-json\/wp\/v2\/product"}],"about":[{"href":"https:\/\/gocuisivin.com\/fr\/wp-json\/wp\/v2\/types\/product"}],"replies":[{"embeddable":true,"href":"https:\/\/gocuisivin.com\/fr\/wp-json\/wp\/v2\/comments?post=23414"}],"version-history":[{"count":4,"href":"https:\/\/gocuisivin.com\/fr\/wp-json\/wp\/v2\/product\/23414\/revisions"}],"predecessor-version":[{"id":24487,"href":"https:\/\/gocuisivin.com\/fr\/wp-json\/wp\/v2\/product\/23414\/revisions\/24487"}],"wp:featuredmedia":[{"embeddable":true,"href":"https:\/\/gocuisivin.com\/fr\/wp-json\/wp\/v2\/media\/23416"}],"wp:attachment":[{"href":"https:\/\/gocuisivin.com\/fr\/wp-json\/wp\/v2\/media?parent=23414"}],"wp:term":[{"taxonomy":"pwb-brand","embeddable":true,"href":"https:\/\/gocuisivin.com\/fr\/wp-json\/wp\/v2\/pwb-brand?post=23414"},{"taxonomy":"product_brand","embeddable":true,"href":"https:\/\/gocuisivin.com\/fr\/wp-json\/wp\/v2\/product_brand?post=23414"},{"taxonomy":"product_cat","embeddable":true,"href":"https:\/\/gocuisivin.com\/fr\/wp-json\/wp\/v2\/product_cat?post=23414"},{"taxonomy":"product_tag","embeddable":true,"href":"https:\/\/gocuisivin.com\/fr\/wp-json\/wp\/v2\/product_tag?post=23414"}],"curies":[{"name":"wp","href":"https:\/\/api.w.org\/{rel}","templated":true}]}}