{"id":23394,"date":"2022-11-02T18:55:32","date_gmt":"2022-11-02T18:55:32","guid":{"rendered":"https:\/\/gocuisivin.com\/?post_type=product&#038;p=23394"},"modified":"2023-10-27T22:26:25","modified_gmt":"2023-10-28T02:26:25","slug":"planche-a-fromage-rectangulaire-en-marbre-gris-bel-air-cuisivin-avec-poignee-copy-copy-2","status":"publish","type":"product","link":"https:\/\/gocuisivin.com\/fr\/product\/planche-a-fromage-rectangulaire-en-marbre-gris-bel-air-cuisivin-avec-poignee-copy-copy-2\/","title":{"rendered":"Foghat Ensemble Cloche en Verre"},"content":{"rendered":"<p>Transformez votre exp\u00e9rience \u00e9picurienne avec le Foghat Cocktail Smoker. Infusez la nourriture, le vin et les spiritueux avec toutes les saveurs de fum\u00e9e naturelles avec un affichage \u00e0 couper le souffle. Cr\u00e9ez de d\u00e9licieux plats fum\u00e9s \u00e0 la maison en quelques \u00e9tapes faciles : placez vos aliments sur le plateau et couvrez avec le d\u00f4me cloche. Placez Foghat Smoker sur le dessus du d\u00f4me cloche. Ajoutez l&#8217;un de nos combustibles aromatis\u00e9s, enti\u00e8rement naturels, au fumoir. S\u00e9curisez le pare-braises en treillis d&#8217;acier et allumez le carburant. Placez le couvercle Foghat et regardez la cascade de fum\u00e9e culinaire infuser dans votre nourriture ! L&#8217;ensemble comprend tout pour commencer : Foghat Smoker, pare-braises, brosse de nettoyage, Whisky Barrel Oak Culinary Smoking Fuel, Torch Culinary, Butane Gas, Board, Cloche Dome.<\/p>\n","protected":false},"excerpt":{"rendered":"<ul>\n<li>Transformez votre exp\u00e9rience \u00e9picurienne avec l&#8217;ensemble Foghat Cloche.<\/li>\n<li>Infusez de la fum\u00e9e culinaire dans du fromage, de la charcuterie et bien plus encore !<\/li>\n<li>Fait \u00e0 la main, ch\u00eane massif<\/li>\n<li>Placez vos aliments sur le plateau et couvrez avec un d\u00f4me cloche.<\/li>\n<li>Placez le Foghat Smoker sur le dessus du d\u00f4me cloche.<\/li>\n<li>Ajoutez l&#8217;un de nos combustibles aromatis\u00e9s, enti\u00e8rement naturels, au fumoir.<\/li>\n<li>S\u00e9curisez le pare-braises en treillis d&#8217;acier et allumez le carburant.<\/li>\n<li>Placez le couvercle Foghat et regardez la cascade de fum\u00e9e culinaire infuser dans votre nourriture !<\/li>\n<li>Comprend tout ce dont vous avez besoin pour commencer : Foghat Smoker, pare-braises, brosse de nettoyage, carburant de fumage culinaire en ch\u00eane Whisky Barrel, torche culinaire, butane culinaire ultra pur, planche et d\u00f4me cloche.<\/li>\n<\/ul>\n","protected":false},"featured_media":23396,"comment_status":"open","ping_status":"closed","template":"","meta":[],"pwb-brand":[1683],"product_brand":[],"product_cat":[102,1565],"product_tag":[1003,1002,291],"class_list":{"0":"post-23394","1":"product","2":"type-product","3":"status-publish","4":"has-post-thumbnail","6":"pwb-brand-foghat-fr","7":"product_cat-accessoires","8":"product_cat-accessoires-pour-le-vin-et-le-bar","9":"product_tag-accessoires","10":"product_tag-accessoires-pour-le-vin-et-le-bar","11":"product_tag-cocktail-fr","13":"first","14":"instock","15":"taxable","16":"shipping-taxable","17":"purchasable","18":"product-type-simple"},"brands":[{"id":1683,"name":"Foghat","slug":"foghat-fr"}],"_links":{"self":[{"href":"https:\/\/gocuisivin.com\/fr\/wp-json\/wp\/v2\/product\/23394","targetHints":{"allow":["GET"]}}],"collection":[{"href":"https:\/\/gocuisivin.com\/fr\/wp-json\/wp\/v2\/product"}],"about":[{"href":"https:\/\/gocuisivin.com\/fr\/wp-json\/wp\/v2\/types\/product"}],"replies":[{"embeddable":true,"href":"https:\/\/gocuisivin.com\/fr\/wp-json\/wp\/v2\/comments?post=23394"}],"version-history":[{"count":4,"href":"https:\/\/gocuisivin.com\/fr\/wp-json\/wp\/v2\/product\/23394\/revisions"}],"predecessor-version":[{"id":24491,"href":"https:\/\/gocuisivin.com\/fr\/wp-json\/wp\/v2\/product\/23394\/revisions\/24491"}],"wp:featuredmedia":[{"embeddable":true,"href":"https:\/\/gocuisivin.com\/fr\/wp-json\/wp\/v2\/media\/23396"}],"wp:attachment":[{"href":"https:\/\/gocuisivin.com\/fr\/wp-json\/wp\/v2\/media?parent=23394"}],"wp:term":[{"taxonomy":"pwb-brand","embeddable":true,"href":"https:\/\/gocuisivin.com\/fr\/wp-json\/wp\/v2\/pwb-brand?post=23394"},{"taxonomy":"product_brand","embeddable":true,"href":"https:\/\/gocuisivin.com\/fr\/wp-json\/wp\/v2\/product_brand?post=23394"},{"taxonomy":"product_cat","embeddable":true,"href":"https:\/\/gocuisivin.com\/fr\/wp-json\/wp\/v2\/product_cat?post=23394"},{"taxonomy":"product_tag","embeddable":true,"href":"https:\/\/gocuisivin.com\/fr\/wp-json\/wp\/v2\/product_tag?post=23394"}],"curies":[{"name":"wp","href":"https:\/\/api.w.org\/{rel}","templated":true}]}}