{"id":23356,"date":"2022-11-02T16:41:10","date_gmt":"2022-11-02T16:41:10","guid":{"rendered":"https:\/\/gocuisivin.com\/?post_type=product&#038;p=23356"},"modified":"2023-01-16T16:41:49","modified_gmt":"2023-01-16T16:41:49","slug":"planche-a-fromage-rectangulaire-en-marbre-gris-bel-air-cuisivin-avec-poignee-copy","status":"publish","type":"product","link":"https:\/\/gocuisivin.com\/fr\/product\/planche-a-fromage-rectangulaire-en-marbre-gris-bel-air-cuisivin-avec-poignee-copy\/","title":{"rendered":"Foghat Trousse de Fumoir \u00e0 Cocktail"},"content":{"rendered":"<ul>\n<li>Transformez votre exp\u00e9rience \u00e9picurienne avec le Foghat\u00ae fumoir \u00e0 cocktail.<\/li>\n<li>Faites infuser les aliments, le vin et les spiritueux avec des saveurs de fum\u00e9es naturelles, c\u2019est un spectacle \u00e0 couper le souffle.<\/li>\n<li>Pr\u00e9parez votre cocktail pr\u00e9f\u00e9r\u00e9 et placez le Foghat\u00ae fumoir \u00e0 cocktail sur le verre<\/li>\n<li>Ajoutez une de nos essences de bois aromatis\u00e9s, naturelles, et fumantes<\/li>\n<li>Ajustez les copeaux et la passoire dans le fumoir et emflamez le tout avec s\u00e9curit\u00e9<\/li>\n<li>Placez le couvercle de bois et regardez la cascade de fum\u00e9e culinaire infus\u00e9e dans votre boisson.<\/li>\n<\/ul>\n","protected":false},"excerpt":{"rendered":"<ul>\n<li>Transformez votre exp\u00e9rience \u00e9picurienne avec le Foghat\u00ae fumoir \u00e0 cocktail.<\/li>\n<li>Faites infuser les aliments, le vin et les spiritueux avec des saveurs de fum\u00e9es naturelles, c\u2019est un spectacle \u00e0 couper le souffle.<\/li>\n<li>Pr\u00e9parez votre cocktail pr\u00e9f\u00e9r\u00e9 et placez le Foghat\u00ae fumoir \u00e0 cocktail sur le verre<\/li>\n<li>Ajoutez une de nos essences de bois aromatis\u00e9s, naturelles, et fumantes<\/li>\n<li>Ajustez les copeaux et la passoire dans le fumoir et emflamez le tout avec s\u00e9curit\u00e9<\/li>\n<li>Placez le couvercle de bois et regardez la cascade de fum\u00e9e culinaire infus\u00e9e dans votre boisson.<\/li>\n<\/ul>\n<p>&nbsp;<\/p>\n","protected":false},"featured_media":23364,"comment_status":"open","ping_status":"closed","template":"","meta":[],"pwb-brand":[1683],"product_brand":[],"product_cat":[102,1565],"product_tag":[1003,1002,291],"class_list":{"0":"post-23356","1":"product","2":"type-product","3":"status-publish","4":"has-post-thumbnail","6":"pwb-brand-foghat-fr","7":"product_cat-accessoires","8":"product_cat-accessoires-pour-le-vin-et-le-bar","9":"product_tag-accessoires","10":"product_tag-accessoires-pour-le-vin-et-le-bar","11":"product_tag-cocktail-fr","13":"first","14":"instock","15":"taxable","16":"shipping-taxable","17":"purchasable","18":"product-type-simple"},"brands":[{"id":1683,"name":"Foghat","slug":"foghat-fr"}],"_links":{"self":[{"href":"https:\/\/gocuisivin.com\/fr\/wp-json\/wp\/v2\/product\/23356","targetHints":{"allow":["GET"]}}],"collection":[{"href":"https:\/\/gocuisivin.com\/fr\/wp-json\/wp\/v2\/product"}],"about":[{"href":"https:\/\/gocuisivin.com\/fr\/wp-json\/wp\/v2\/types\/product"}],"replies":[{"embeddable":true,"href":"https:\/\/gocuisivin.com\/fr\/wp-json\/wp\/v2\/comments?post=23356"}],"version-history":[{"count":3,"href":"https:\/\/gocuisivin.com\/fr\/wp-json\/wp\/v2\/product\/23356\/revisions"}],"predecessor-version":[{"id":23980,"href":"https:\/\/gocuisivin.com\/fr\/wp-json\/wp\/v2\/product\/23356\/revisions\/23980"}],"wp:featuredmedia":[{"embeddable":true,"href":"https:\/\/gocuisivin.com\/fr\/wp-json\/wp\/v2\/media\/23364"}],"wp:attachment":[{"href":"https:\/\/gocuisivin.com\/fr\/wp-json\/wp\/v2\/media?parent=23356"}],"wp:term":[{"taxonomy":"pwb-brand","embeddable":true,"href":"https:\/\/gocuisivin.com\/fr\/wp-json\/wp\/v2\/pwb-brand?post=23356"},{"taxonomy":"product_brand","embeddable":true,"href":"https:\/\/gocuisivin.com\/fr\/wp-json\/wp\/v2\/product_brand?post=23356"},{"taxonomy":"product_cat","embeddable":true,"href":"https:\/\/gocuisivin.com\/fr\/wp-json\/wp\/v2\/product_cat?post=23356"},{"taxonomy":"product_tag","embeddable":true,"href":"https:\/\/gocuisivin.com\/fr\/wp-json\/wp\/v2\/product_tag?post=23356"}],"curies":[{"name":"wp","href":"https:\/\/api.w.org\/{rel}","templated":true}]}}