{"id":23280,"date":"2022-11-01T20:16:31","date_gmt":"2022-11-01T20:16:31","guid":{"rendered":"https:\/\/gocuisivin.com\/?post_type=product&#038;p=23280"},"modified":"2023-01-18T14:32:56","modified_gmt":"2023-01-18T14:32:56","slug":"herbe-du-moulin-frais-copy","status":"publish","type":"product","link":"https:\/\/gocuisivin.com\/fr\/product\/herbe-du-moulin-frais-copy\/","title":{"rendered":"Bouteille d&#8217;eau en verre PuroAqua"},"content":{"rendered":"<p>Profitez d&#8217;un pur rafra\u00eechissement \u00e0 chaque gorg\u00e9e ! La bouteille d&#8217;eau en verre PuroAqua est compos\u00e9e de verre borosilicat\u00e9 de haute qualit\u00e9 et d&#8217;un corps enduit de silicone lumineux. Le corps doux au toucher augmente la durabilit\u00e9 et offre une bonne prise sur la bouteille. La bouteille en verre sans BPA maintient la puret\u00e9 de la boisson sans lixiviation de produits chimiques ou de r\u00e9sidus de go\u00fbt m\u00e9tallique. Dot\u00e9 d&#8217;un bec verseur \u00e9tanche facile \u00e0 boire, le couvercle est durable et ergonomique avec une poign\u00e9e int\u00e9gr\u00e9e. La bouteille \u00e0 col large est facile \u00e0 remplir avec des gla\u00e7ons et des accompagnements. La bouteille est facile \u00e0 nettoyer, passe au lave-vaisselle et est disponible dans un assortiment de couleurs.<\/p>\n","protected":false},"excerpt":{"rendered":"<p>&nbsp;<\/p>\n<ul>\n<li>Bouteille en verre borosilicat\u00e9 durable et l\u00e9g\u00e8re<\/li>\n<li>Rev\u00eatement unique en silicone doux au toucher<\/li>\n<li>Sans BPA<\/li>\n<li>R\u00e9sistant \u00e0 la sueur<\/li>\n<li>Lave-vaisselle<\/li>\n<li>Coffret cadeau<\/li>\n<\/ul>\n<p><img decoding=\"async\" src=\"https:\/\/gocuisivin.com\/gleengag\/2022\/03\/Icon-w_-Text_Dishwasher-Safe_1-scaled-e1647696229552.jpg\" alt=\"\" width=\"100\" height=\"100\" \/><\/p>\n","protected":false},"featured_media":23307,"comment_status":"open","ping_status":"closed","template":"","meta":[],"pwb-brand":[1682],"product_brand":[],"product_cat":[1567,1582],"product_tag":[504,1536],"class_list":{"0":"post-23280","1":"product","2":"type-product","3":"status-publish","4":"has-post-thumbnail","6":"pwb-brand-puroaqua-fr","7":"product_cat-cuisine","8":"product_cat-outils-et-gadgets","9":"product_tag-cuisine","10":"product_tag-outils-et-gadgets","12":"first","13":"instock","14":"taxable","15":"shipping-taxable","16":"purchasable","17":"product-type-variable"},"brands":[{"id":1682,"name":"PuroAqua","slug":"puroaqua-fr"}],"_links":{"self":[{"href":"https:\/\/gocuisivin.com\/fr\/wp-json\/wp\/v2\/product\/23280","targetHints":{"allow":["GET"]}}],"collection":[{"href":"https:\/\/gocuisivin.com\/fr\/wp-json\/wp\/v2\/product"}],"about":[{"href":"https:\/\/gocuisivin.com\/fr\/wp-json\/wp\/v2\/types\/product"}],"replies":[{"embeddable":true,"href":"https:\/\/gocuisivin.com\/fr\/wp-json\/wp\/v2\/comments?post=23280"}],"version-history":[{"count":3,"href":"https:\/\/gocuisivin.com\/fr\/wp-json\/wp\/v2\/product\/23280\/revisions"}],"predecessor-version":[{"id":24097,"href":"https:\/\/gocuisivin.com\/fr\/wp-json\/wp\/v2\/product\/23280\/revisions\/24097"}],"wp:featuredmedia":[{"embeddable":true,"href":"https:\/\/gocuisivin.com\/fr\/wp-json\/wp\/v2\/media\/23307"}],"wp:attachment":[{"href":"https:\/\/gocuisivin.com\/fr\/wp-json\/wp\/v2\/media?parent=23280"}],"wp:term":[{"taxonomy":"pwb-brand","embeddable":true,"href":"https:\/\/gocuisivin.com\/fr\/wp-json\/wp\/v2\/pwb-brand?post=23280"},{"taxonomy":"product_brand","embeddable":true,"href":"https:\/\/gocuisivin.com\/fr\/wp-json\/wp\/v2\/product_brand?post=23280"},{"taxonomy":"product_cat","embeddable":true,"href":"https:\/\/gocuisivin.com\/fr\/wp-json\/wp\/v2\/product_cat?post=23280"},{"taxonomy":"product_tag","embeddable":true,"href":"https:\/\/gocuisivin.com\/fr\/wp-json\/wp\/v2\/product_tag?post=23280"}],"curies":[{"name":"wp","href":"https:\/\/api.w.org\/{rel}","templated":true}]}}