{"id":23269,"date":"2022-11-01T19:47:17","date_gmt":"2022-11-01T23:47:17","guid":{"rendered":"https:\/\/gocuisivin.com\/?post_type=product&#038;p=23269"},"modified":"2023-01-18T14:38:15","modified_gmt":"2023-01-18T14:38:15","slug":"livre-de-recettes-de-sushis-faciles-cocktail-party-copy-copy-copy-copy","status":"publish","type":"product","link":"https:\/\/gocuisivin.com\/fr\/product\/livre-de-recettes-de-sushis-faciles-cocktail-party-copy-copy-copy-copy\/","title":{"rendered":"Pi\u00e8ce de rechange Dualit &#8211; Grille-pain classique 2 + 1 \u00e9l\u00e9ment central \u00e0 fentes"},"content":{"rendered":"<p>\u00c9l\u00e9ment central de remplacement pour le grille-pain 2+1 Slot Dualit Classic (Vario).<\/p>\n","protected":false},"excerpt":{"rendered":"<p>&nbsp;<\/p>\n<ul>\n<li>\u00c9l\u00e9ment de rechange pour grille-pain Dualit Classic uniquement<\/li>\n<li>Convient uniquement au centre de fente 2 + 1<\/li>\n<li>120V<\/li>\n<\/ul>\n<p>&nbsp;<\/p>\n","protected":false},"featured_media":23243,"comment_status":"open","ping_status":"closed","template":"","meta":[],"pwb-brand":[1665],"product_brand":[],"product_cat":[1567,1584],"product_tag":[504,993,995,998],"class_list":{"0":"post-23269","1":"product","2":"type-product","3":"status-publish","4":"has-post-thumbnail","6":"pwb-brand-dualit-fr","7":"product_cat-cuisine","8":"product_cat-grille-pain","9":"product_tag-cuisine","10":"product_tag-dualit-fr","11":"product_tag-elements-proheat","12":"product_tag-grille-pain-2-tranches","14":"first","15":"outofstock","16":"taxable","17":"shipping-taxable","18":"purchasable","19":"product-type-simple"},"brands":[{"id":1665,"name":"Dualit","slug":"dualit-fr"}],"_links":{"self":[{"href":"https:\/\/gocuisivin.com\/fr\/wp-json\/wp\/v2\/product\/23269","targetHints":{"allow":["GET"]}}],"collection":[{"href":"https:\/\/gocuisivin.com\/fr\/wp-json\/wp\/v2\/product"}],"about":[{"href":"https:\/\/gocuisivin.com\/fr\/wp-json\/wp\/v2\/types\/product"}],"replies":[{"embeddable":true,"href":"https:\/\/gocuisivin.com\/fr\/wp-json\/wp\/v2\/comments?post=23269"}],"version-history":[{"count":2,"href":"https:\/\/gocuisivin.com\/fr\/wp-json\/wp\/v2\/product\/23269\/revisions"}],"predecessor-version":[{"id":24098,"href":"https:\/\/gocuisivin.com\/fr\/wp-json\/wp\/v2\/product\/23269\/revisions\/24098"}],"wp:featuredmedia":[{"embeddable":true,"href":"https:\/\/gocuisivin.com\/fr\/wp-json\/wp\/v2\/media\/23243"}],"wp:attachment":[{"href":"https:\/\/gocuisivin.com\/fr\/wp-json\/wp\/v2\/media?parent=23269"}],"wp:term":[{"taxonomy":"pwb-brand","embeddable":true,"href":"https:\/\/gocuisivin.com\/fr\/wp-json\/wp\/v2\/pwb-brand?post=23269"},{"taxonomy":"product_brand","embeddable":true,"href":"https:\/\/gocuisivin.com\/fr\/wp-json\/wp\/v2\/product_brand?post=23269"},{"taxonomy":"product_cat","embeddable":true,"href":"https:\/\/gocuisivin.com\/fr\/wp-json\/wp\/v2\/product_cat?post=23269"},{"taxonomy":"product_tag","embeddable":true,"href":"https:\/\/gocuisivin.com\/fr\/wp-json\/wp\/v2\/product_tag?post=23269"}],"curies":[{"name":"wp","href":"https:\/\/api.w.org\/{rel}","templated":true}]}}