{"id":23250,"date":"2022-11-01T19:32:33","date_gmt":"2022-11-01T19:32:33","guid":{"rendered":"https:\/\/gocuisivin.com\/?post_type=product&#038;p=23250"},"modified":"2025-03-31T18:49:19","modified_gmt":"2025-03-31T22:49:19","slug":"livre-de-recettes-de-sushis-faciles-cocktail-party-copy-copy-copy","status":"publish","type":"product","link":"https:\/\/gocuisivin.com\/fr\/product\/livre-de-recettes-de-sushis-faciles-cocktail-party-copy-copy-copy\/","title":{"rendered":"Pi\u00e8ce de rechange Dualit \u2013 \u00c9l\u00e9ment central pour grille-pain classique \u00e0 4 fentes"},"content":{"rendered":"<p>\u00c9l\u00e9ment central de remplacement pour le grille-pain 4 fentes Dualit Classic (NewGen ou Vario).<\/p>\n","protected":false},"excerpt":{"rendered":"<p>&nbsp;<\/p>\n<ul>\n<li>\u00c9l\u00e9ment de rechange pour grille-pain Dualit Classic uniquement<\/li>\n<li>Convient uniquement au centre \u00e0 4 fentes<\/li>\n<li>120V<\/li>\n<\/ul>\n<p>&nbsp;<\/p>\n","protected":false},"featured_media":23243,"comment_status":"open","ping_status":"closed","template":"","meta":[],"pwb-brand":[1665],"product_brand":[],"product_cat":[1567,1584],"product_tag":[504,993,995,998],"class_list":{"0":"post-23250","1":"product","2":"type-product","3":"status-publish","4":"has-post-thumbnail","6":"pwb-brand-dualit-fr","7":"product_cat-cuisine","8":"product_cat-grille-pain","9":"product_tag-cuisine","10":"product_tag-dualit-fr","11":"product_tag-elements-proheat","12":"product_tag-grille-pain-2-tranches","14":"first","15":"outofstock","16":"taxable","17":"shipping-taxable","18":"purchasable","19":"product-type-simple"},"brands":[{"id":1665,"name":"Dualit","slug":"dualit-fr"}],"_links":{"self":[{"href":"https:\/\/gocuisivin.com\/fr\/wp-json\/wp\/v2\/product\/23250","targetHints":{"allow":["GET"]}}],"collection":[{"href":"https:\/\/gocuisivin.com\/fr\/wp-json\/wp\/v2\/product"}],"about":[{"href":"https:\/\/gocuisivin.com\/fr\/wp-json\/wp\/v2\/types\/product"}],"replies":[{"embeddable":true,"href":"https:\/\/gocuisivin.com\/fr\/wp-json\/wp\/v2\/comments?post=23250"}],"version-history":[{"count":2,"href":"https:\/\/gocuisivin.com\/fr\/wp-json\/wp\/v2\/product\/23250\/revisions"}],"predecessor-version":[{"id":24106,"href":"https:\/\/gocuisivin.com\/fr\/wp-json\/wp\/v2\/product\/23250\/revisions\/24106"}],"wp:featuredmedia":[{"embeddable":true,"href":"https:\/\/gocuisivin.com\/fr\/wp-json\/wp\/v2\/media\/23243"}],"wp:attachment":[{"href":"https:\/\/gocuisivin.com\/fr\/wp-json\/wp\/v2\/media?parent=23250"}],"wp:term":[{"taxonomy":"pwb-brand","embeddable":true,"href":"https:\/\/gocuisivin.com\/fr\/wp-json\/wp\/v2\/pwb-brand?post=23250"},{"taxonomy":"product_brand","embeddable":true,"href":"https:\/\/gocuisivin.com\/fr\/wp-json\/wp\/v2\/product_brand?post=23250"},{"taxonomy":"product_cat","embeddable":true,"href":"https:\/\/gocuisivin.com\/fr\/wp-json\/wp\/v2\/product_cat?post=23250"},{"taxonomy":"product_tag","embeddable":true,"href":"https:\/\/gocuisivin.com\/fr\/wp-json\/wp\/v2\/product_tag?post=23250"}],"curies":[{"name":"wp","href":"https:\/\/api.w.org\/{rel}","templated":true}]}}