{"id":22861,"date":"2022-03-08T07:31:16","date_gmt":"2022-03-08T12:31:16","guid":{"rendered":"https:\/\/gocuisivin.com\/product\/verre-a-pinte-parfait-cuisivin\/"},"modified":"2023-01-19T17:06:13","modified_gmt":"2023-01-19T17:06:13","slug":"verre-a-pinte-parfait-cuisivin","status":"publish","type":"product","link":"https:\/\/gocuisivin.com\/fr\/product\/verre-a-pinte-parfait-cuisivin\/","title":{"rendered":"Verre \u00e0 pinte parfait Cuisivin"},"content":{"rendered":"<p>La pinte parfaite est parfaite pour toute utilisation en ext\u00e9rieur. Emportez-le \u00e0 un pique-nique, \u00e0 la plage, sur la terrasse, dans le bain \u00e0 remous, \u00e0 la piscine ou m\u00eame jetez-le dans vos bagages ou votre \u00e9quipement de camping\u00a0! Fabriqu\u00e9s en plastique Tritan sans BPA, r\u00e9sistant aux fissures, les verres sont r\u00e9utilisables et recyclables. Il comporte des languettes d&#8217;a\u00e9ration qui augmentent le p\u00e9tillement pour un go\u00fbt am\u00e9lior\u00e9 et am\u00e9liorent la r\u00e9tention de la t\u00eate mousseuse. Empilable et lavable au lave-vaisselle, la pinte parfaite a une grande capacit\u00e9 de 20 oz pour accueillir une pinte compl\u00e8te et une t\u00eate.<\/p>\n","protected":false},"excerpt":{"rendered":"<p>&nbsp;<\/p>\n<ul>\n<li>Des verres incassables con\u00e7us pour \u00eatre appr\u00e9ci\u00e9s en ext\u00e9rieur !<\/li>\n<li>Parfait pour la bi\u00e8re, les cocktails, les sodas et autres boissons<\/li>\n<li>Les languettes d&#8217;a\u00e9ration maintiennent le p\u00e9tillement pour am\u00e9liorer le go\u00fbt, l&#8217;ar\u00f4me et la r\u00e9tention de la t\u00eate<\/li>\n<li>Empilable<\/li>\n<li>Capacit\u00e9 : 20 oz \/ 590 ml<\/li>\n<li>Coffret cadeau 6pk couleur<\/li>\n<li>Coffret cadeau couleur 12pk<\/li>\n<\/ul>\n<p><img decoding=\"async\" src=\"https:\/\/gocuisivin.com\/gleengag\/2022\/03\/Icon-w_-Text_Made-in-USA_1.jpg\" alt=\"\" width=\"100\" height=\"100\" \/><img decoding=\"async\" src=\"https:\/\/gocuisivin.com\/gleengag\/2022\/03\/Icon-w_-Text_Tritan-Plastic_1.jpg\" alt=\"\" width=\"100\" height=\"100\" \/><img decoding=\"async\" src=\"https:\/\/gocuisivin.com\/gleengag\/2022\/03\/Icon-w_-Text_BPA-Free_1.jpg\" alt=\"\" width=\"100\" height=\"100\" \/><img loading=\"lazy\" decoding=\"async\" src=\"https:\/\/gocuisivin.com\/gleengag\/2022\/03\/Icon-w_-Text_Shatterproof_1.jpg\" alt=\"\" width=\"100\" height=\"100\" \/><img loading=\"lazy\" decoding=\"async\" src=\"https:\/\/gocuisivin.com\/gleengag\/2022\/03\/Icon-w_-Text_-Reusable-_-Recyclable_1.jpg\" alt=\"\" width=\"100\" height=\"100\" \/><img loading=\"lazy\" decoding=\"async\" src=\"https:\/\/gocuisivin.com\/gleengag\/2022\/03\/Icon-w_-Text_Dishwasher-Safe_1-scaled-e1647696229552.jpg\" alt=\"\" width=\"100\" height=\"100\" \/><\/p>\n","protected":false},"featured_media":25511,"comment_status":"open","ping_status":"closed","template":"","meta":[],"pwb-brand":[1664],"product_brand":[],"product_cat":[1577,1578],"product_tag":[281,1579,287,1607,278],"class_list":{"0":"post-22861","1":"product","2":"type-product","3":"status-publish","4":"has-post-thumbnail","6":"pwb-brand-cuisivin-fr","7":"product_cat-exterieur","8":"product_cat-lunettes","9":"product_tag-cuisivin-fr","10":"product_tag-exterieur","11":"product_tag-incassable","12":"product_tag-pinte","13":"product_tag-un-verre","15":"first","16":"instock","17":"taxable","18":"shipping-taxable","19":"purchasable","20":"product-type-variable"},"brands":[{"id":1664,"name":"Cuisivin","slug":"cuisivin-fr"}],"_links":{"self":[{"href":"https:\/\/gocuisivin.com\/fr\/wp-json\/wp\/v2\/product\/22861","targetHints":{"allow":["GET"]}}],"collection":[{"href":"https:\/\/gocuisivin.com\/fr\/wp-json\/wp\/v2\/product"}],"about":[{"href":"https:\/\/gocuisivin.com\/fr\/wp-json\/wp\/v2\/types\/product"}],"replies":[{"embeddable":true,"href":"https:\/\/gocuisivin.com\/fr\/wp-json\/wp\/v2\/comments?post=22861"}],"version-history":[{"count":2,"href":"https:\/\/gocuisivin.com\/fr\/wp-json\/wp\/v2\/product\/22861\/revisions"}],"predecessor-version":[{"id":24471,"href":"https:\/\/gocuisivin.com\/fr\/wp-json\/wp\/v2\/product\/22861\/revisions\/24471"}],"wp:featuredmedia":[{"embeddable":true,"href":"https:\/\/gocuisivin.com\/fr\/wp-json\/wp\/v2\/media\/25511"}],"wp:attachment":[{"href":"https:\/\/gocuisivin.com\/fr\/wp-json\/wp\/v2\/media?parent=22861"}],"wp:term":[{"taxonomy":"pwb-brand","embeddable":true,"href":"https:\/\/gocuisivin.com\/fr\/wp-json\/wp\/v2\/pwb-brand?post=22861"},{"taxonomy":"product_brand","embeddable":true,"href":"https:\/\/gocuisivin.com\/fr\/wp-json\/wp\/v2\/product_brand?post=22861"},{"taxonomy":"product_cat","embeddable":true,"href":"https:\/\/gocuisivin.com\/fr\/wp-json\/wp\/v2\/product_cat?post=22861"},{"taxonomy":"product_tag","embeddable":true,"href":"https:\/\/gocuisivin.com\/fr\/wp-json\/wp\/v2\/product_tag?post=22861"}],"curies":[{"name":"wp","href":"https:\/\/api.w.org\/{rel}","templated":true}]}}