{"id":22855,"date":"2022-03-09T06:08:34","date_gmt":"2022-03-09T06:08:34","guid":{"rendered":"https:\/\/gocuisivin.com\/product\/oberglas-passion-highball-pack-de-4\/"},"modified":"2023-01-19T16:57:15","modified_gmt":"2023-01-19T16:57:15","slug":"oberglas-passion-highball-pack-de-4","status":"publish","type":"product","link":"https:\/\/gocuisivin.com\/fr\/product\/oberglas-passion-highball-pack-de-4\/","title":{"rendered":"Oberglas Passion Highball \u2013 pack de 4"},"content":{"rendered":"<p>Le verre Oberglas Passion Highball est fabriqu\u00e9 \u00e0 partir de cristal sans plomb de la plus haute qualit\u00e9. Le composite brillant est durable avec un rebord et un mur fins, pour une pr\u00e9sentation plus raffin\u00e9e. Le Passion Highball pr\u00e9sente un design haut et \u00e9lanc\u00e9 parfaitement form\u00e9 pour contenir votre boisson m\u00e9lang\u00e9e pr\u00e9f\u00e9r\u00e9e. Fabriqu\u00e9 en Allemagne, le verre est \u00e9galement 100 % lavable au lave-vaisselle.<\/p>\n","protected":false},"excerpt":{"rendered":"<p>&nbsp;<\/p>\n<ul>\n<li>Sp\u00e9cialement con\u00e7u pour le plaisir des cocktails<\/li>\n<li>Le style contemporain rencontre la durabilit\u00e9 brillante<\/li>\n<li>Construction durable en une seule pi\u00e8ce avec rebord fin<\/li>\n<li>Cristal sans plomb allemand<\/li>\n<li>Capacit\u00e9 : 13,75 oz \/ 406 ml<\/li>\n<li>Bo\u00eete cadeau de 4 couleurs<\/li>\n<\/ul>\n<p><img decoding=\"async\" src=\"https:\/\/gocuisivin.com\/gleengag\/2022\/03\/Icon-w_-Text_Made-in-Germany_1.jpg\" alt=\"\" width=\"100\" height=\"100\" \/><img decoding=\"async\" src=\"https:\/\/gocuisivin.com\/gleengag\/2022\/03\/Icon-w_-Text_Lead-Free-Crystal_1-scaled-e1647696159460.jpg\" alt=\"\" width=\"100\" height=\"100\" \/><img decoding=\"async\" src=\"https:\/\/gocuisivin.com\/gleengag\/2022\/03\/Icon-w_-Text_Fine-Rim_1-scaled-e1647696201810.jpg\" alt=\"\" width=\"100\" height=\"100\" \/><img loading=\"lazy\" decoding=\"async\" src=\"https:\/\/gocuisivin.com\/gleengag\/2022\/03\/Icon-w_-Text_Dishwasher-Safe_1-scaled-e1647696229552.jpg\" alt=\"\" width=\"100\" height=\"100\" \/><img loading=\"lazy\" decoding=\"async\" src=\"https:\/\/gocuisivin.com\/gleengag\/2022\/03\/Icon-w_-Text_Pulled-Stem-for-Durability_1.jpg\" alt=\"\" width=\"100\" height=\"100\" \/><\/p>\n","protected":false},"featured_media":12680,"comment_status":"open","ping_status":"closed","template":"","meta":[],"pwb-brand":[1673],"product_brand":[],"product_cat":[525,1557,1559],"product_tag":[117,1028,1034,115,118,1033],"class_list":{"0":"post-22855","1":"product","2":"type-product","3":"status-publish","4":"has-post-thumbnail","6":"pwb-brand-oberglas-fr","7":"product_cat-cocktail-fr","8":"product_cat-verrerie","9":"product_cat-whisky-spiritueux","10":"product_tag-oberglas-fr","11":"product_tag-paquet-de-4","12":"product_tag-verre-a-vin-highball","13":"product_tag-verre-de-vin","14":"product_tag-verrerie","15":"product_tag-whisky-spiritueux-cocktail","17":"first","18":"instock","19":"taxable","20":"shipping-taxable","21":"purchasable","22":"product-type-simple"},"brands":[{"id":1673,"name":"Oberglas","slug":"oberglas-fr"}],"_links":{"self":[{"href":"https:\/\/gocuisivin.com\/fr\/wp-json\/wp\/v2\/product\/22855","targetHints":{"allow":["GET"]}}],"collection":[{"href":"https:\/\/gocuisivin.com\/fr\/wp-json\/wp\/v2\/product"}],"about":[{"href":"https:\/\/gocuisivin.com\/fr\/wp-json\/wp\/v2\/types\/product"}],"replies":[{"embeddable":true,"href":"https:\/\/gocuisivin.com\/fr\/wp-json\/wp\/v2\/comments?post=22855"}],"version-history":[{"count":2,"href":"https:\/\/gocuisivin.com\/fr\/wp-json\/wp\/v2\/product\/22855\/revisions"}],"predecessor-version":[{"id":24455,"href":"https:\/\/gocuisivin.com\/fr\/wp-json\/wp\/v2\/product\/22855\/revisions\/24455"}],"wp:featuredmedia":[{"embeddable":true,"href":"https:\/\/gocuisivin.com\/fr\/wp-json\/wp\/v2\/media\/12680"}],"wp:attachment":[{"href":"https:\/\/gocuisivin.com\/fr\/wp-json\/wp\/v2\/media?parent=22855"}],"wp:term":[{"taxonomy":"pwb-brand","embeddable":true,"href":"https:\/\/gocuisivin.com\/fr\/wp-json\/wp\/v2\/pwb-brand?post=22855"},{"taxonomy":"product_brand","embeddable":true,"href":"https:\/\/gocuisivin.com\/fr\/wp-json\/wp\/v2\/product_brand?post=22855"},{"taxonomy":"product_cat","embeddable":true,"href":"https:\/\/gocuisivin.com\/fr\/wp-json\/wp\/v2\/product_cat?post=22855"},{"taxonomy":"product_tag","embeddable":true,"href":"https:\/\/gocuisivin.com\/fr\/wp-json\/wp\/v2\/product_tag?post=22855"}],"curies":[{"name":"wp","href":"https:\/\/api.w.org\/{rel}","templated":true}]}}