{"id":22853,"date":"2022-03-08T07:50:03","date_gmt":"2022-03-08T12:50:03","guid":{"rendered":"https:\/\/gocuisivin.com\/product\/cuisivin-chill-beverage-party-tub\/"},"modified":"2023-01-19T17:05:39","modified_gmt":"2023-01-19T17:05:39","slug":"cuisivin-chill-beverage-party-tub","status":"publish","type":"product","link":"https:\/\/gocuisivin.com\/fr\/product\/cuisivin-chill-beverage-party-tub\/","title":{"rendered":"Cuisivin Chill Beverage Party Tub"},"content":{"rendered":"<p>Le Chill Beverage Party Tub est \u00e9l\u00e9gant et attrayant avec un design contemporain et angulaire. Il s&#8217;agit d&#8217;un plastique acrylique monobloc robuste de qualit\u00e9 commerciale et dot\u00e9 de solides poign\u00e9es int\u00e9gr\u00e9es pour un transport facile et confortable lorsqu&#8217;il est plein\u00a0!<\/p>\n","protected":false},"excerpt":{"rendered":"<p>&nbsp;<\/p>\n<ul>\n<li>Baignoire \u00e0 boisson contemporaine au design angulaire<\/li>\n<li>Ajoutez simplement de la glace et refroidissez vos boissons avec style !<\/li>\n<li>Id\u00e9al pour refroidir le vin, la bi\u00e8re, les sodas, l&#8217;eau et d&#8217;autres boissons en bouteille<\/li>\n<li>Plastique acrylique de qualit\u00e9 commerciale<\/li>\n<li>Construction monobloc robuste avec de solides poign\u00e9es int\u00e9gr\u00e9es pour un transport facile<\/li>\n<li>Capacit\u00e9 : 7 L\/ 237 oz<\/li>\n<\/ul>\n<p><img decoding=\"async\" src=\"https:\/\/gocuisivin.com\/gleengag\/2022\/03\/Icon-w_-Text_Brazil.jpg\" alt=\"\" width=\"100\" height=\"100\" \/><img decoding=\"async\" src=\"https:\/\/gocuisivin.com\/gleengag\/2022\/03\/Icon-w_-Text_Handwash_1.jpg\" alt=\"\" width=\"100\" height=\"100\" \/><\/p>\n","protected":false},"featured_media":25526,"comment_status":"open","ping_status":"closed","template":"","meta":[],"pwb-brand":[1664],"product_brand":[],"product_cat":[1577,1585],"product_tag":[1420,1423,1424,1425,1421],"class_list":{"0":"post-22853","1":"product","2":"type-product","3":"status-publish","4":"has-post-thumbnail","6":"pwb-brand-cuisivin-fr","7":"product_cat-exterieur","8":"product_cat-vaisselle","9":"product_tag-baignoire-de-fete","10":"product_tag-baignoire-refrigeree","11":"product_tag-conception-angulaire","12":"product_tag-plastique-acrylique","13":"product_tag-pot-a-boisson","15":"first","16":"instock","17":"taxable","18":"shipping-taxable","19":"purchasable","20":"product-type-variable"},"brands":[{"id":1664,"name":"Cuisivin","slug":"cuisivin-fr"}],"_links":{"self":[{"href":"https:\/\/gocuisivin.com\/fr\/wp-json\/wp\/v2\/product\/22853","targetHints":{"allow":["GET"]}}],"collection":[{"href":"https:\/\/gocuisivin.com\/fr\/wp-json\/wp\/v2\/product"}],"about":[{"href":"https:\/\/gocuisivin.com\/fr\/wp-json\/wp\/v2\/types\/product"}],"replies":[{"embeddable":true,"href":"https:\/\/gocuisivin.com\/fr\/wp-json\/wp\/v2\/comments?post=22853"}],"version-history":[{"count":2,"href":"https:\/\/gocuisivin.com\/fr\/wp-json\/wp\/v2\/product\/22853\/revisions"}],"predecessor-version":[{"id":24470,"href":"https:\/\/gocuisivin.com\/fr\/wp-json\/wp\/v2\/product\/22853\/revisions\/24470"}],"wp:featuredmedia":[{"embeddable":true,"href":"https:\/\/gocuisivin.com\/fr\/wp-json\/wp\/v2\/media\/25526"}],"wp:attachment":[{"href":"https:\/\/gocuisivin.com\/fr\/wp-json\/wp\/v2\/media?parent=22853"}],"wp:term":[{"taxonomy":"pwb-brand","embeddable":true,"href":"https:\/\/gocuisivin.com\/fr\/wp-json\/wp\/v2\/pwb-brand?post=22853"},{"taxonomy":"product_brand","embeddable":true,"href":"https:\/\/gocuisivin.com\/fr\/wp-json\/wp\/v2\/product_brand?post=22853"},{"taxonomy":"product_cat","embeddable":true,"href":"https:\/\/gocuisivin.com\/fr\/wp-json\/wp\/v2\/product_cat?post=22853"},{"taxonomy":"product_tag","embeddable":true,"href":"https:\/\/gocuisivin.com\/fr\/wp-json\/wp\/v2\/product_tag?post=22853"}],"curies":[{"name":"wp","href":"https:\/\/api.w.org\/{rel}","templated":true}]}}