{"id":22850,"date":"2022-03-09T05:44:57","date_gmt":"2022-03-09T05:44:57","guid":{"rendered":"https:\/\/gocuisivin.com\/product\/couvercle-en-verre-pensofal-aroma-avec-bouton-en-acier-inoxydable\/"},"modified":"2023-01-19T16:59:33","modified_gmt":"2023-01-19T16:59:33","slug":"couvercle-en-verre-pensofal-aroma-avec-bouton-en-acier-inoxydable","status":"publish","type":"product","link":"https:\/\/gocuisivin.com\/fr\/product\/couvercle-en-verre-pensofal-aroma-avec-bouton-en-acier-inoxydable\/","title":{"rendered":"Couvercle en verre Pensofal Aroma avec bouton en acier inoxydable"},"content":{"rendered":"<p>Unique \u00e0 Pensofal, le couvercle Aroma en verre tremp\u00e9 est dot\u00e9 d&#8217;une poign\u00e9e de r\u00e9servoir en acier inoxydable destin\u00e9e \u00e0 diffuser lentement les liquides \u00e0 travers un trou et sur vos aliments pendant la cuisson. Ajoutez de l&#8217;huile d&#8217;olive, du vin ou du vinaigre balsamique dans le couvercle aromatique pour infuser vos plats de saveurs et d&#8217;ar\u00f4mes intensifi\u00e9s. Le couvercle est \u00e9galement con\u00e7u pour \u00eatre invers\u00e9 et utilis\u00e9 comme pi\u00e9destal pour servir \u00e0 partir de la casserole &#8211; isolant la chaleur du comptoir. Le couvercle en verre tremp\u00e9 est \u00e9galement dot\u00e9 d&#8217;un rebord de protection en acier inoxydable et d&#8217;un trou d&#8217;\u00e9vacuation de l&#8217;humidit\u00e9. Lave-vaisselle.<\/p>\n","protected":false},"excerpt":{"rendered":"<p>&nbsp;<\/p>\n<ul>\n<li>Couvercle en verre avec rebord en acier inoxydable.<\/li>\n<li>Diffusez lentement les liquides dans vos aliments \u00e0 cuire par le micro-trou du manche (huile d&#8217;olive, vin ou vinaigre balsamique)<\/li>\n<li>Couvercle invers\u00e9 \u00e0 utiliser comme pi\u00e9destal pour servir \u00e0 partir d&#8217;une casserole\/pot<\/li>\n<li>Verre tremp\u00e9<\/li>\n<li>Bord et poign\u00e9e en acier inoxydable avec trou diffus<\/li>\n<li>Trou de soulagement de l&#8217;humidit\u00e9 pour l&#8217;exc\u00e8s de vapeur<\/li>\n<\/ul>\n<p><img decoding=\"async\" src=\"https:\/\/gocuisivin.com\/gleengag\/2022\/03\/Icon-w_-Text_Made-in-Italy_1.jpg\" alt=\"\" width=\"100\" height=\"100\" \/><img decoding=\"async\" src=\"https:\/\/gocuisivin.com\/gleengag\/2022\/03\/Icon-w_-Text_PFOA-Freee_1.jpg\" alt=\"\" width=\"100\" height=\"100\" \/><img decoding=\"async\" src=\"https:\/\/gocuisivin.com\/gleengag\/2022\/03\/Icon-w_-Text_Dishwasher-Safe_1-scaled-e1647696229552.jpg\" alt=\"\" width=\"100\" height=\"100\" \/><\/p>\n","protected":false},"featured_media":15561,"comment_status":"open","ping_status":"closed","template":"","meta":[],"pwb-brand":[1675],"product_brand":[],"product_cat":[1569,1567],"product_tag":[509,1431,1429,1430,1432,504,1433,507,1434],"class_list":{"0":"post-22850","1":"product","2":"type-product","3":"status-publish","4":"has-post-thumbnail","6":"pwb-brand-pensofal-fr","7":"product_cat-batterie-de-cuisine","8":"product_cat-cuisine","9":"product_tag-batterie-de-cuisine","10":"product_tag-couvercle-avec-bouton","11":"product_tag-couvercle-en-verre","12":"product_tag-couvercle-en-verre-aromatique","13":"product_tag-couvercle-en-verre-avec-bouton","14":"product_tag-cuisine","15":"product_tag-jante-en-acier-inoxydable","16":"product_tag-pensofal-fr","17":"product_tag-trou-diffus","19":"first","20":"instock","21":"taxable","22":"shipping-taxable","23":"purchasable","24":"product-type-variable"},"brands":[{"id":1675,"name":"Pensofal","slug":"pensofal-fr"}],"_links":{"self":[{"href":"https:\/\/gocuisivin.com\/fr\/wp-json\/wp\/v2\/product\/22850","targetHints":{"allow":["GET"]}}],"collection":[{"href":"https:\/\/gocuisivin.com\/fr\/wp-json\/wp\/v2\/product"}],"about":[{"href":"https:\/\/gocuisivin.com\/fr\/wp-json\/wp\/v2\/types\/product"}],"replies":[{"embeddable":true,"href":"https:\/\/gocuisivin.com\/fr\/wp-json\/wp\/v2\/comments?post=22850"}],"version-history":[{"count":2,"href":"https:\/\/gocuisivin.com\/fr\/wp-json\/wp\/v2\/product\/22850\/revisions"}],"predecessor-version":[{"id":24459,"href":"https:\/\/gocuisivin.com\/fr\/wp-json\/wp\/v2\/product\/22850\/revisions\/24459"}],"wp:featuredmedia":[{"embeddable":true,"href":"https:\/\/gocuisivin.com\/fr\/wp-json\/wp\/v2\/media\/15561"}],"wp:attachment":[{"href":"https:\/\/gocuisivin.com\/fr\/wp-json\/wp\/v2\/media?parent=22850"}],"wp:term":[{"taxonomy":"pwb-brand","embeddable":true,"href":"https:\/\/gocuisivin.com\/fr\/wp-json\/wp\/v2\/pwb-brand?post=22850"},{"taxonomy":"product_brand","embeddable":true,"href":"https:\/\/gocuisivin.com\/fr\/wp-json\/wp\/v2\/product_brand?post=22850"},{"taxonomy":"product_cat","embeddable":true,"href":"https:\/\/gocuisivin.com\/fr\/wp-json\/wp\/v2\/product_cat?post=22850"},{"taxonomy":"product_tag","embeddable":true,"href":"https:\/\/gocuisivin.com\/fr\/wp-json\/wp\/v2\/product_tag?post=22850"}],"curies":[{"name":"wp","href":"https:\/\/api.w.org\/{rel}","templated":true}]}}