{"id":22849,"date":"2022-03-09T06:14:08","date_gmt":"2022-03-09T06:14:08","guid":{"rendered":"https:\/\/gocuisivin.com\/product\/couvert-a-salade-legnoart-quis\/"},"modified":"2023-01-19T16:56:40","modified_gmt":"2023-01-19T16:56:40","slug":"couvert-a-salade-legnoart-quis","status":"publish","type":"product","link":"https:\/\/gocuisivin.com\/fr\/product\/couvert-a-salade-legnoart-quis\/","title":{"rendered":"Couvert \u00e0 Salade Legnoart Quis"},"content":{"rendered":"<p>Les couverts \u00e0 salade Legnoart Spicy Quis pr\u00e9sentent un design deux en un ; ils peuvent \u00eatre utilis\u00e9s comme couverts \u00e0 salade traditionnels, ou ils peuvent \u00eatre assembl\u00e9s et fonctionner comme une pince \u00e0 une main. Con\u00e7u en Italie par Federico Arquint.<\/p>\n","protected":false},"excerpt":{"rendered":"<p>&nbsp;<\/p>\n<ul>\n<li>Design moderne et \u00e9l\u00e9gant<\/li>\n<li>Conception deux en un<\/li>\n<li>Couverts \u00e0 salade traditionnels embo\u00eet\u00e9s pour une fonction de pince<\/li>\n<li>Longueur : 14,5&#8243; \/ 368,3 mm<\/li>\n<\/ul>\n<p><img decoding=\"async\" src=\"https:\/\/gocuisivin.com\/gleengag\/2022\/03\/Icon-w_-Text_Handwash_1.jpg\" alt=\"\" width=\"100\" height=\"100\" \/><\/p>\n","protected":false},"featured_media":15608,"comment_status":"open","ping_status":"closed","template":"","meta":[],"pwb-brand":[1671],"product_brand":[],"product_cat":[1567,1582],"product_tag":[504,1537,1536],"class_list":{"0":"post-22849","1":"product","2":"type-product","3":"status-publish","4":"has-post-thumbnail","6":"pwb-brand-legnoart-fr","7":"product_cat-cuisine","8":"product_cat-outils-et-gadgets","9":"product_tag-cuisine","10":"product_tag-legnoart-fr","11":"product_tag-outils-et-gadgets","13":"first","14":"instock","15":"taxable","16":"shipping-taxable","17":"purchasable","18":"product-type-variable"},"brands":[{"id":1671,"name":"Legnoart","slug":"legnoart-fr"}],"_links":{"self":[{"href":"https:\/\/gocuisivin.com\/fr\/wp-json\/wp\/v2\/product\/22849","targetHints":{"allow":["GET"]}}],"collection":[{"href":"https:\/\/gocuisivin.com\/fr\/wp-json\/wp\/v2\/product"}],"about":[{"href":"https:\/\/gocuisivin.com\/fr\/wp-json\/wp\/v2\/types\/product"}],"replies":[{"embeddable":true,"href":"https:\/\/gocuisivin.com\/fr\/wp-json\/wp\/v2\/comments?post=22849"}],"version-history":[{"count":2,"href":"https:\/\/gocuisivin.com\/fr\/wp-json\/wp\/v2\/product\/22849\/revisions"}],"predecessor-version":[{"id":24454,"href":"https:\/\/gocuisivin.com\/fr\/wp-json\/wp\/v2\/product\/22849\/revisions\/24454"}],"wp:featuredmedia":[{"embeddable":true,"href":"https:\/\/gocuisivin.com\/fr\/wp-json\/wp\/v2\/media\/15608"}],"wp:attachment":[{"href":"https:\/\/gocuisivin.com\/fr\/wp-json\/wp\/v2\/media?parent=22849"}],"wp:term":[{"taxonomy":"pwb-brand","embeddable":true,"href":"https:\/\/gocuisivin.com\/fr\/wp-json\/wp\/v2\/pwb-brand?post=22849"},{"taxonomy":"product_brand","embeddable":true,"href":"https:\/\/gocuisivin.com\/fr\/wp-json\/wp\/v2\/product_brand?post=22849"},{"taxonomy":"product_cat","embeddable":true,"href":"https:\/\/gocuisivin.com\/fr\/wp-json\/wp\/v2\/product_cat?post=22849"},{"taxonomy":"product_tag","embeddable":true,"href":"https:\/\/gocuisivin.com\/fr\/wp-json\/wp\/v2\/product_tag?post=22849"}],"curies":[{"name":"wp","href":"https:\/\/api.w.org\/{rel}","templated":true}]}}