{"id":22844,"date":"2022-03-08T08:00:26","date_gmt":"2022-03-08T13:00:26","guid":{"rendered":"https:\/\/gocuisivin.com\/product\/herbe-du-moulin-frais\/"},"modified":"2023-01-19T17:05:05","modified_gmt":"2023-01-19T17:05:05","slug":"herbe-du-moulin-frais","status":"publish","type":"product","link":"https:\/\/gocuisivin.com\/fr\/product\/herbe-du-moulin-frais\/","title":{"rendered":"Herbe du moulin frais"},"content":{"rendered":"<p>Freshmill est le premier conservateur d&#8217;herbes fra\u00eeches avec une r\u00e2pe int\u00e9gr\u00e9e. Remplissez simplement le Freshmill avec vos herbes fra\u00eeches et rangez l&#8217;appareil au cong\u00e9lateur. Lorsque vous \u00eates pr\u00eat \u00e0 l&#8217;utiliser, donnez-lui simplement une torsion et la r\u00e2pe int\u00e9gr\u00e9e saupoudrera les herbes fra\u00eechement conserv\u00e9es directement sur votre plat pr\u00e9f\u00e9r\u00e9. Ce gadget pratique \u00e9limine le gaspillage car les herbes conservent leurs saveurs fra\u00eeches et parfum\u00e9es pendant des mois ! Parfait pour tous les types d&#8217;herbes, y compris la coriandre et le basilic, Freshmill est \u00e9galement id\u00e9al pour les jardiniers d&#8217;herbes qui souhaitent conserver le stock de fin de saison. Freshmill est disponible en trois couleurs et comprend un autocollant d&#8217;identit\u00e9 pour le dessus &#8211; ou vous pouvez \u00e9galement charger un pr\u00e9m\u00e9lange de vos combinaisons d&#8217;herbes pr\u00e9f\u00e9r\u00e9es pour cuisiner des plats italiens ou asiatiques ! Freshmill vous permet de savourer des herbes chaque fois que vous en avez besoin &#8211; fra\u00eeches et sans fl\u00e9trissement\u00a0!<\/p>\n","protected":false},"excerpt":{"rendered":"<p>&nbsp;<\/p>\n<ul>\n<li>Conserve et r\u00e2pe \u00e0 herbes fra\u00eeches deux en un<\/li>\n<li>Conservez les herbes culinaires fra\u00eeches directement dans votre cong\u00e9lateur; r\u00e2per les herbes surgel\u00e9es \u00e0 la demande et saupoudrer directement sur les aliments<\/li>\n<li>R\u00e2pe les herbes directement sur vos plats pr\u00e9f\u00e9r\u00e9s<\/li>\n<li>\u00c9limine le gaspillage d\u00fb aux feuilles fan\u00e9es et \u00e0 la d\u00e9t\u00e9rioration, tout en pr\u00e9servant la saveur fra\u00eeche<\/li>\n<li>Comprend des \u00e9tiquettes pour identifier les herbes stock\u00e9es<\/li>\n<li>Fonctionne sur n&#8217;importe quelle herbe<\/li>\n<\/ul>\n<p><img decoding=\"async\" src=\"https:\/\/gocuisivin.com\/gleengag\/2022\/03\/Icon-w_-Text_Dishwasher-Safe_1-scaled-e1647696229552.jpg\" alt=\"\" width=\"100\" height=\"100\" \/><\/p>\n","protected":false},"featured_media":25541,"comment_status":"open","ping_status":"closed","template":"","meta":[],"pwb-brand":[1668],"product_brand":[],"product_cat":[1567,1582],"product_tag":[504,1467,1466,1536],"class_list":{"0":"post-22844","1":"product","2":"type-product","3":"status-publish","4":"has-post-thumbnail","6":"pwb-brand-freshmill-fr","7":"product_cat-cuisine","8":"product_cat-outils-et-gadgets","9":"product_tag-cuisine","10":"product_tag-herbe","11":"product_tag-moulin-frais","12":"product_tag-outils-et-gadgets","14":"first","15":"instock","16":"taxable","17":"shipping-taxable","18":"purchasable","19":"product-type-variable"},"brands":[{"id":1668,"name":"Freshmill","slug":"freshmill-fr"}],"_links":{"self":[{"href":"https:\/\/gocuisivin.com\/fr\/wp-json\/wp\/v2\/product\/22844","targetHints":{"allow":["GET"]}}],"collection":[{"href":"https:\/\/gocuisivin.com\/fr\/wp-json\/wp\/v2\/product"}],"about":[{"href":"https:\/\/gocuisivin.com\/fr\/wp-json\/wp\/v2\/types\/product"}],"replies":[{"embeddable":true,"href":"https:\/\/gocuisivin.com\/fr\/wp-json\/wp\/v2\/comments?post=22844"}],"version-history":[{"count":2,"href":"https:\/\/gocuisivin.com\/fr\/wp-json\/wp\/v2\/product\/22844\/revisions"}],"predecessor-version":[{"id":24469,"href":"https:\/\/gocuisivin.com\/fr\/wp-json\/wp\/v2\/product\/22844\/revisions\/24469"}],"wp:featuredmedia":[{"embeddable":true,"href":"https:\/\/gocuisivin.com\/fr\/wp-json\/wp\/v2\/media\/25541"}],"wp:attachment":[{"href":"https:\/\/gocuisivin.com\/fr\/wp-json\/wp\/v2\/media?parent=22844"}],"wp:term":[{"taxonomy":"pwb-brand","embeddable":true,"href":"https:\/\/gocuisivin.com\/fr\/wp-json\/wp\/v2\/pwb-brand?post=22844"},{"taxonomy":"product_brand","embeddable":true,"href":"https:\/\/gocuisivin.com\/fr\/wp-json\/wp\/v2\/product_brand?post=22844"},{"taxonomy":"product_cat","embeddable":true,"href":"https:\/\/gocuisivin.com\/fr\/wp-json\/wp\/v2\/product_cat?post=22844"},{"taxonomy":"product_tag","embeddable":true,"href":"https:\/\/gocuisivin.com\/fr\/wp-json\/wp\/v2\/product_tag?post=22844"}],"curies":[{"name":"wp","href":"https:\/\/api.w.org\/{rel}","templated":true}]}}