{"id":22843,"date":"2022-03-09T05:48:58","date_gmt":"2022-03-09T05:48:58","guid":{"rendered":"https:\/\/gocuisivin.com\/product\/verre-a-vin-blanc-oberglas-passion-paquet-de-4\/"},"modified":"2023-01-19T16:58:50","modified_gmt":"2023-01-19T16:58:50","slug":"verre-a-vin-blanc-oberglas-passion-paquet-de-4","status":"publish","type":"product","link":"https:\/\/gocuisivin.com\/fr\/product\/verre-a-vin-blanc-oberglas-passion-paquet-de-4\/","title":{"rendered":"Verre \u00e0 vin blanc Oberglas Passion &#8211; Paquet de 4"},"content":{"rendered":"<p>Le verre \u00e0 vin Oberglas Passion White est fabriqu\u00e9 \u00e0 partir de cristal sans plomb de la plus haute qualit\u00e9. La durabilit\u00e9 du composite brillant est renforc\u00e9e par la structure de la tige monobloc. La qualit\u00e9 sup\u00e9rieure permet \u00e9galement un rebord et un mur plus fins, donnant une pr\u00e9sentation plus raffin\u00e9e. Le verre \u00e0 vin Oberglas Passion Blanc est une version plus petite du rouge. L&#8217;espace plus restreint pr\u00e9serve la saveur nette et nette du vin blanc et la bouche plus petite aide \u00e0 diriger les saveurs vers le bout de la langue. La longue tige aide \u00e9galement \u00e0 maintenir le vin \u00e0 sa temp\u00e9rature pr\u00e9vue &#8211; loin de la main. Fabriqu\u00e9 en Allemagne, le verre est \u00e9galement 100 % lavable au lave-vaisselle.<\/p>\n","protected":false},"excerpt":{"rendered":"<p>&nbsp;<\/p>\n<ul>\n<li>Sp\u00e9cialement con\u00e7u pour le plaisir de tous les vins blancs dont : Chardonnay, Sauvignon Blanc, Pinot Grigio et plus<\/li>\n<li>Le style contemporain rencontre la durabilit\u00e9 brillante<\/li>\n<li>Construction durable en une seule pi\u00e8ce avec rebord fin<\/li>\n<li>Cristal sans plomb allemand<\/li>\n<li>Capacit\u00e9 : 13,75 oz \/ 406 ml<\/li>\n<li>Bo\u00eete cadeau de 4 couleurs<\/li>\n<\/ul>\n<p><img decoding=\"async\" src=\"https:\/\/gocuisivin.com\/gleengag\/2022\/03\/Icon-w_-Text_Made-in-Germany_1.jpg\" alt=\"\" width=\"100\" height=\"100\" \/><img decoding=\"async\" src=\"https:\/\/gocuisivin.com\/gleengag\/2022\/03\/Icon-w_-Text_Lead-Free-Crystal_1-scaled-e1647696159460.jpg\" alt=\"\" width=\"100\" height=\"100\" \/><img decoding=\"async\" src=\"https:\/\/gocuisivin.com\/gleengag\/2022\/03\/Icon-w_-Text_Fine-Rim_1-scaled-e1647696201810.jpg\" alt=\"\" width=\"100\" height=\"100\" \/><img loading=\"lazy\" decoding=\"async\" src=\"https:\/\/gocuisivin.com\/gleengag\/2022\/03\/Icon-w_-Text_Dishwasher-Safe_1-scaled-e1647696229552.jpg\" alt=\"\" width=\"100\" height=\"100\" \/><img loading=\"lazy\" decoding=\"async\" src=\"https:\/\/gocuisivin.com\/gleengag\/2022\/03\/Icon-w_-Text_Pulled-Stem-for-Durability_1.jpg\" alt=\"\" width=\"100\" height=\"100\" \/><\/p>\n","protected":false},"featured_media":12671,"comment_status":"open","ping_status":"closed","template":"","meta":[],"pwb-brand":[1673],"product_brand":[],"product_cat":[1557,1558],"product_tag":[117,1028,1041,115,118,116],"class_list":{"0":"post-22843","1":"product","2":"type-product","3":"status-publish","4":"has-post-thumbnail","6":"pwb-brand-oberglas-fr","7":"product_cat-verrerie","8":"product_cat-vin","9":"product_tag-oberglas-fr","10":"product_tag-paquet-de-4","11":"product_tag-verre-a-vin-blanc","12":"product_tag-verre-de-vin","13":"product_tag-verrerie","14":"product_tag-vin","16":"first","17":"instock","18":"taxable","19":"shipping-taxable","20":"purchasable","21":"product-type-simple"},"brands":[{"id":1673,"name":"Oberglas","slug":"oberglas-fr"}],"_links":{"self":[{"href":"https:\/\/gocuisivin.com\/fr\/wp-json\/wp\/v2\/product\/22843","targetHints":{"allow":["GET"]}}],"collection":[{"href":"https:\/\/gocuisivin.com\/fr\/wp-json\/wp\/v2\/product"}],"about":[{"href":"https:\/\/gocuisivin.com\/fr\/wp-json\/wp\/v2\/types\/product"}],"replies":[{"embeddable":true,"href":"https:\/\/gocuisivin.com\/fr\/wp-json\/wp\/v2\/comments?post=22843"}],"version-history":[{"count":2,"href":"https:\/\/gocuisivin.com\/fr\/wp-json\/wp\/v2\/product\/22843\/revisions"}],"predecessor-version":[{"id":24458,"href":"https:\/\/gocuisivin.com\/fr\/wp-json\/wp\/v2\/product\/22843\/revisions\/24458"}],"wp:featuredmedia":[{"embeddable":true,"href":"https:\/\/gocuisivin.com\/fr\/wp-json\/wp\/v2\/media\/12671"}],"wp:attachment":[{"href":"https:\/\/gocuisivin.com\/fr\/wp-json\/wp\/v2\/media?parent=22843"}],"wp:term":[{"taxonomy":"pwb-brand","embeddable":true,"href":"https:\/\/gocuisivin.com\/fr\/wp-json\/wp\/v2\/pwb-brand?post=22843"},{"taxonomy":"product_brand","embeddable":true,"href":"https:\/\/gocuisivin.com\/fr\/wp-json\/wp\/v2\/product_brand?post=22843"},{"taxonomy":"product_cat","embeddable":true,"href":"https:\/\/gocuisivin.com\/fr\/wp-json\/wp\/v2\/product_cat?post=22843"},{"taxonomy":"product_tag","embeddable":true,"href":"https:\/\/gocuisivin.com\/fr\/wp-json\/wp\/v2\/product_tag?post=22843"}],"curies":[{"name":"wp","href":"https:\/\/api.w.org\/{rel}","templated":true}]}}