{"id":22842,"date":"2022-03-09T06:19:55","date_gmt":"2022-03-09T06:19:55","guid":{"rendered":"https:\/\/gocuisivin.com\/product\/verre-a-vin-whisky-oberglas-passion-paquet-de-4\/"},"modified":"2023-01-19T16:55:36","modified_gmt":"2023-01-19T16:55:36","slug":"verre-a-vin-whisky-oberglas-passion-paquet-de-4","status":"publish","type":"product","link":"https:\/\/gocuisivin.com\/fr\/product\/verre-a-vin-whisky-oberglas-passion-paquet-de-4\/","title":{"rendered":"Verre \u00e0 Vin Whisky Oberglas Passion &#8211; Paquet de 4"},"content":{"rendered":"<p>Le verre \u00e0 whisky Oberglas Passion est fabriqu\u00e9 \u00e0 partir de cristal sans plomb de la plus haute qualit\u00e9. Le composite brillant est durable avec un rebord et un mur fins, pour une pr\u00e9sentation plus raffin\u00e9e. D\u00e9gustez votre whisky pr\u00e9f\u00e9r\u00e9 servi pur &#8211; ou on the rocks. Le verre \u00e0 whisky Oberglas est dot\u00e9 d&#8217;un bol l\u00e9g\u00e8rement \u00e9largi &#8211; parfait pour tourbillonner ! Le c\u00f4ne apporte l&#8217;ar\u00f4me et la nuance au nez et \u00e0 la bouche. Un design \u00e9l\u00e9gant mais r\u00e9solument contemporain. Fabriqu\u00e9 en Allemagne, le verre est \u00e9galement 100 % lavable au lave-vaisselle.<\/p>\n","protected":false},"excerpt":{"rendered":"<p>&nbsp;<\/p>\n<ul>\n<li>Sp\u00e9cialement con\u00e7u pour le plaisir du whisky, du bourbon, du scotch et des cocktails<\/li>\n<li>Le style contemporain rencontre la durabilit\u00e9 brillante<\/li>\n<li>Construction durable en une seule pi\u00e8ce avec rebord fin<\/li>\n<li>Cristal sans plomb allemand<\/li>\n<li>Capacit\u00e9 : 13oz\/384 ml<\/li>\n<li>Bo\u00eete cadeau de 4 couleurs<\/li>\n<\/ul>\n<p><img decoding=\"async\" src=\"https:\/\/gocuisivin.com\/gleengag\/2022\/03\/Icon-w_-Text_Made-in-Germany_1.jpg\" alt=\"\" width=\"100\" height=\"100\" \/><img decoding=\"async\" src=\"https:\/\/gocuisivin.com\/gleengag\/2022\/03\/Icon-w_-Text_Lead-Free-Crystal_1-scaled-e1647696159460.jpg\" alt=\"\" width=\"100\" height=\"100\" \/><img decoding=\"async\" src=\"https:\/\/gocuisivin.com\/gleengag\/2022\/03\/Icon-w_-Text_Fine-Rim_1-scaled-e1647696201810.jpg\" alt=\"\" width=\"100\" height=\"100\" \/><img loading=\"lazy\" decoding=\"async\" src=\"https:\/\/gocuisivin.com\/gleengag\/2022\/03\/Icon-w_-Text_Dishwasher-Safe_1-scaled-e1647696229552.jpg\" alt=\"\" width=\"100\" height=\"100\" \/><img loading=\"lazy\" decoding=\"async\" src=\"https:\/\/gocuisivin.com\/gleengag\/2022\/03\/Icon-w_-Text_Pulled-Stem-for-Durability_1.jpg\" alt=\"\" width=\"100\" height=\"100\" \/><\/p>\n","protected":false},"featured_media":12683,"comment_status":"open","ping_status":"closed","template":"","meta":[],"pwb-brand":[1673],"product_brand":[],"product_cat":[1557,1559],"product_tag":[117,1028,1030,115,118,1029],"class_list":{"0":"post-22842","1":"product","2":"type-product","3":"status-publish","4":"has-post-thumbnail","6":"pwb-brand-oberglas-fr","7":"product_cat-verrerie","8":"product_cat-whisky-spiritueux","9":"product_tag-oberglas-fr","10":"product_tag-paquet-de-4","11":"product_tag-verre-a-vin-whisky","12":"product_tag-verre-de-vin","13":"product_tag-verrerie","14":"product_tag-whisky-spiritueux-sans-tige-cocktail","16":"first","17":"instock","18":"taxable","19":"shipping-taxable","20":"purchasable","21":"product-type-simple"},"brands":[{"id":1673,"name":"Oberglas","slug":"oberglas-fr"}],"_links":{"self":[{"href":"https:\/\/gocuisivin.com\/fr\/wp-json\/wp\/v2\/product\/22842","targetHints":{"allow":["GET"]}}],"collection":[{"href":"https:\/\/gocuisivin.com\/fr\/wp-json\/wp\/v2\/product"}],"about":[{"href":"https:\/\/gocuisivin.com\/fr\/wp-json\/wp\/v2\/types\/product"}],"replies":[{"embeddable":true,"href":"https:\/\/gocuisivin.com\/fr\/wp-json\/wp\/v2\/comments?post=22842"}],"version-history":[{"count":2,"href":"https:\/\/gocuisivin.com\/fr\/wp-json\/wp\/v2\/product\/22842\/revisions"}],"predecessor-version":[{"id":24453,"href":"https:\/\/gocuisivin.com\/fr\/wp-json\/wp\/v2\/product\/22842\/revisions\/24453"}],"wp:featuredmedia":[{"embeddable":true,"href":"https:\/\/gocuisivin.com\/fr\/wp-json\/wp\/v2\/media\/12683"}],"wp:attachment":[{"href":"https:\/\/gocuisivin.com\/fr\/wp-json\/wp\/v2\/media?parent=22842"}],"wp:term":[{"taxonomy":"pwb-brand","embeddable":true,"href":"https:\/\/gocuisivin.com\/fr\/wp-json\/wp\/v2\/pwb-brand?post=22842"},{"taxonomy":"product_brand","embeddable":true,"href":"https:\/\/gocuisivin.com\/fr\/wp-json\/wp\/v2\/product_brand?post=22842"},{"taxonomy":"product_cat","embeddable":true,"href":"https:\/\/gocuisivin.com\/fr\/wp-json\/wp\/v2\/product_cat?post=22842"},{"taxonomy":"product_tag","embeddable":true,"href":"https:\/\/gocuisivin.com\/fr\/wp-json\/wp\/v2\/product_tag?post=22842"}],"curies":[{"name":"wp","href":"https:\/\/api.w.org\/{rel}","templated":true}]}}