{"id":22841,"date":"2022-03-08T23:41:05","date_gmt":"2022-03-09T04:41:05","guid":{"rendered":"https:\/\/gocuisivin.com\/product\/grille-pain-dualit-newgen-2-tranches\/"},"modified":"2023-01-19T17:04:36","modified_gmt":"2023-01-19T17:04:36","slug":"grille-pain-dualit-newgen-2-tranches","status":"publish","type":"product","link":"https:\/\/gocuisivin.com\/fr\/product\/grille-pain-dualit-newgen-2-tranches\/","title":{"rendered":"Grille-pain Dualit NewGen 2 tranches"},"content":{"rendered":"<p>Le grille-pain Classic Dualit est la quintessence de la simplicit\u00e9 et de la sophistication. Assembl\u00e9s \u00e0 la main en Angleterre, ces grille-pain d&#8217;inspiration r\u00e9tro sont disponibles dans une large palette de couleurs.<\/p>\n<p>Les grille-pain classiques disposent de larges fentes de 28 mm pour accueillir des petits pains ou des bagels. Les \u00e9l\u00e9ments prim\u00e9s ProHeat pr\u00e9sentent une conception brevet\u00e9e qui augmente l&#8217;efficacit\u00e9 du grillage et la long\u00e9vit\u00e9 des \u00e9l\u00e9ments.<\/p>\n<p>Le mod\u00e8le NewGen dispose d&#8217;un r\u00e9glage pour d\u00e9congeler le pain ainsi que d&#8217;un s\u00e9lecteur pour griller les petits pains\/bagels (griller un c\u00f4t\u00e9 et r\u00e9chauffer l&#8217;autre). Le grille-pain Dualit est actionn\u00e9 manuellement avec une minuterie pour contr\u00f4ler le degr\u00e9 de brunissement et un syst\u00e8me d&#8217;\u00e9jection, qui maintient les articles au chaud jusqu&#8217;\u00e0 ce que le levier d&#8217;\u00e9jection soit pouss\u00e9 vers le haut pour retirer le pain grill\u00e9. Le grille-pain est \u00e9galement \u00e9quip\u00e9 d&#8217;un ramasse-miettes amovible et d&#8217;un pied arri\u00e8re \u00e0 r\u00e9glage de niveau pour plus de stabilit\u00e9. Le grille-pain classique a \u00e9galement la possibilit\u00e9 d&#8217;accueillir la cage \u00e0 sandwich Dualit et\/ou le support chauffant Dualit (vendus s\u00e9par\u00e9ment).<\/p>\n<p>Le grille-pain Dualit Classic est respectueux de l&#8217;environnement : con\u00e7u pour durer, avec des pi\u00e8ces r\u00e9parables ou rempla\u00e7ables disponibles si vous en avez besoin. Capacit\u00e9 : 1 ou 2 tranches \/ Sortie par heure : 65 tranches \/ Puissance : 1250 watts 120 Volts AC \/ Dimensions : 10,25\u2033 x 8,27\u2033 x 8,75\u2033 Haut \/ Poids : 7,75 lbs \/ Mat\u00e9riaux : Corps en acier inoxydable isol\u00e9<\/p>\n<p>Garantie limit\u00e9e de 1 an.<\/p>\n<p><strong>Remarque :<\/strong> le guide des couleurs Dualit est fourni \u00e0 titre de r\u00e9f\u00e9rence uniquement. Les couleurs r\u00e9elles peuvent varier. En raison des proc\u00e9d\u00e9s de peinture utilis\u00e9s, une variation de couleur sur les produits de finition en cuivre est possible et peut ne pas correspondre \u00e0 100 %.<\/p>\n","protected":false},"excerpt":{"rendered":"<p>&nbsp;<\/p>\n<ul>\n<li>Le classique prim\u00e9 est une ic\u00f4ne du design, fabriqu\u00e9 \u00e0 la main en Angleterre depuis 1947<\/li>\n<li>Respectueux de l&#8217;environnement : construit pour durer, avec des pi\u00e8ces r\u00e9parables ou rempla\u00e7ables<\/li>\n<li>Construction robuste &#8211; corps en fonte d&#8217;aluminium et en acier inoxydable<\/li>\n<li>\u00c9l\u00e9ments brevet\u00e9s prim\u00e9s ProHeat, con\u00e7us pour augmenter l&#8217;efficacit\u00e9 du grillage et la long\u00e9vit\u00e9 des \u00e9l\u00e9ments<\/li>\n<li>Le s\u00e9lecteur \u00e9co\u00e9nerg\u00e9tique permet de chauffer des emplacements sp\u00e9cifiques<\/li>\n<li>Levier d&#8217;\u00e9jection \u00e0 commande manuelle vous permet de v\u00e9rifier le pain pendant qu&#8217;il grille<\/li>\n<\/ul>\n<p>&nbsp;<\/p>\n<p><img decoding=\"async\" src=\"https:\/\/gocuisivin.com\/gleengag\/2022\/03\/Icon-w_-Text_Made-in-UK_1.jpg\" alt=\"\" width=\"100\" height=\"100\" \/><img decoding=\"async\" src=\"https:\/\/gocuisivin.com\/gleengag\/2022\/03\/Icon-w_-Text_Handmade_1.jpg\" alt=\"\" width=\"100\" height=\"100\" \/><img decoding=\"async\" src=\"https:\/\/gocuisivin.com\/gleengag\/2022\/03\/Icon-w_-Text_Repairable_1.jpg\" alt=\"\" width=\"100\" height=\"100\" \/><\/p>\n","protected":false},"featured_media":25568,"comment_status":"closed","ping_status":"closed","template":"","meta":[],"pwb-brand":[1665],"product_brand":[],"product_cat":[1584],"product_tag":[993,992],"class_list":{"0":"post-22841","1":"product","2":"type-product","3":"status-publish","4":"has-post-thumbnail","6":"pwb-brand-dualit-fr","7":"product_cat-grille-pain","8":"product_tag-dualit-fr","9":"product_tag-grille-pain","11":"first","12":"instock","13":"taxable","14":"shipping-taxable","15":"purchasable","16":"product-type-variable"},"brands":[{"id":1665,"name":"Dualit","slug":"dualit-fr"}],"_links":{"self":[{"href":"https:\/\/gocuisivin.com\/fr\/wp-json\/wp\/v2\/product\/22841","targetHints":{"allow":["GET"]}}],"collection":[{"href":"https:\/\/gocuisivin.com\/fr\/wp-json\/wp\/v2\/product"}],"about":[{"href":"https:\/\/gocuisivin.com\/fr\/wp-json\/wp\/v2\/types\/product"}],"replies":[{"embeddable":true,"href":"https:\/\/gocuisivin.com\/fr\/wp-json\/wp\/v2\/comments?post=22841"}],"version-history":[{"count":2,"href":"https:\/\/gocuisivin.com\/fr\/wp-json\/wp\/v2\/product\/22841\/revisions"}],"predecessor-version":[{"id":24468,"href":"https:\/\/gocuisivin.com\/fr\/wp-json\/wp\/v2\/product\/22841\/revisions\/24468"}],"wp:featuredmedia":[{"embeddable":true,"href":"https:\/\/gocuisivin.com\/fr\/wp-json\/wp\/v2\/media\/25568"}],"wp:attachment":[{"href":"https:\/\/gocuisivin.com\/fr\/wp-json\/wp\/v2\/media?parent=22841"}],"wp:term":[{"taxonomy":"pwb-brand","embeddable":true,"href":"https:\/\/gocuisivin.com\/fr\/wp-json\/wp\/v2\/pwb-brand?post=22841"},{"taxonomy":"product_brand","embeddable":true,"href":"https:\/\/gocuisivin.com\/fr\/wp-json\/wp\/v2\/product_brand?post=22841"},{"taxonomy":"product_cat","embeddable":true,"href":"https:\/\/gocuisivin.com\/fr\/wp-json\/wp\/v2\/product_cat?post=22841"},{"taxonomy":"product_tag","embeddable":true,"href":"https:\/\/gocuisivin.com\/fr\/wp-json\/wp\/v2\/product_tag?post=22841"}],"curies":[{"name":"wp","href":"https:\/\/api.w.org\/{rel}","templated":true}]}}