{"id":22840,"date":"2022-03-09T05:55:59","date_gmt":"2022-03-09T05:55:59","guid":{"rendered":"https:\/\/gocuisivin.com\/product\/verre-a-flute-oberglas-passion-4pk\/"},"modified":"2023-01-19T16:58:20","modified_gmt":"2023-01-19T16:58:20","slug":"verre-a-flute-oberglas-passion-4pk","status":"publish","type":"product","link":"https:\/\/gocuisivin.com\/fr\/product\/verre-a-flute-oberglas-passion-4pk\/","title":{"rendered":"Verre \u00e0 fl\u00fbte Oberglas Passion &#8211; 4pk"},"content":{"rendered":"<p>Le verre Oberglas Passion Flute est fabriqu\u00e9 \u00e0 partir de cristal sans plomb de la plus haute qualit\u00e9. La durabilit\u00e9 du composite brillant est renforc\u00e9e par la structure de la tige monobloc. La qualit\u00e9 sup\u00e9rieure permet \u00e9galement un rebord et un mur plus fins, donnant une pr\u00e9sentation plus raffin\u00e9e. La Fl\u00fbte Oberglas Passion est le verre id\u00e9al pour pr\u00e9senter et d\u00e9guster votre vin mousseux ou champagne pr\u00e9f\u00e9r\u00e9. Dot\u00e9e d&#8217;un grand bol allong\u00e9, la fl\u00fbte est con\u00e7ue pour pr\u00e9server les bulles et concentrer les saveurs jusqu&#8217;au bout de la langue. Fabriqu\u00e9 en Allemagne, le verre est \u00e9galement 100 % lavable au lave-vaisselle.<\/p>\n","protected":false},"excerpt":{"rendered":"<p>&nbsp;<\/p>\n<ul>\n<li>Sp\u00e9cialement con\u00e7u pour le plaisir du vin effervescent et du champagne<\/li>\n<li>Le style contemporain rencontre la durabilit\u00e9 brillante<\/li>\n<li>Construction durable en une seule pi\u00e8ce avec rebord fin<\/li>\n<li>Cristal sans plomb allemand<\/li>\n<li>Capacit\u00e9 : 8,75 onces \/ 259 ml<\/li>\n<li>Bo\u00eete cadeau de 4 couleurs<\/li>\n<\/ul>\n<p><img decoding=\"async\" src=\"https:\/\/gocuisivin.com\/gleengag\/2022\/03\/Icon-w_-Text_Made-in-Germany_1.jpg\" alt=\"\" width=\"100\" height=\"100\" \/><img decoding=\"async\" src=\"https:\/\/gocuisivin.com\/gleengag\/2022\/03\/Icon-w_-Text_Lead-Free-Crystal_1-scaled-e1647696159460.jpg\" alt=\"\" width=\"100\" height=\"100\" \/><img decoding=\"async\" src=\"https:\/\/gocuisivin.com\/gleengag\/2022\/03\/Icon-w_-Text_Fine-Rim_1-scaled-e1647696201810.jpg\" alt=\"\" width=\"100\" height=\"100\" \/><img loading=\"lazy\" decoding=\"async\" src=\"https:\/\/gocuisivin.com\/gleengag\/2022\/03\/Icon-w_-Text_Dishwasher-Safe_1-scaled-e1647696229552.jpg\" alt=\"\" width=\"100\" height=\"100\" \/><img loading=\"lazy\" decoding=\"async\" src=\"https:\/\/gocuisivin.com\/gleengag\/2022\/03\/Icon-w_-Text_Pulled-Stem-for-Durability_1.jpg\" alt=\"\" width=\"100\" height=\"100\" \/><\/p>\n","protected":false},"featured_media":12677,"comment_status":"open","ping_status":"closed","template":"","meta":[],"pwb-brand":[1673],"product_brand":[],"product_cat":[971,1557],"product_tag":[136,117,1028,1048,115,118],"class_list":{"0":"post-22840","1":"product","2":"type-product","3":"status-publish","4":"has-post-thumbnail","6":"pwb-brand-oberglas-fr","7":"product_cat-champagne-2","8":"product_cat-verrerie","9":"product_tag-champagne-fr","10":"product_tag-oberglas-fr","11":"product_tag-paquet-de-4","12":"product_tag-verre-a-vin-flute","13":"product_tag-verre-de-vin","14":"product_tag-verrerie","16":"first","17":"instock","18":"taxable","19":"shipping-taxable","20":"purchasable","21":"product-type-simple"},"brands":[{"id":1673,"name":"Oberglas","slug":"oberglas-fr"}],"_links":{"self":[{"href":"https:\/\/gocuisivin.com\/fr\/wp-json\/wp\/v2\/product\/22840","targetHints":{"allow":["GET"]}}],"collection":[{"href":"https:\/\/gocuisivin.com\/fr\/wp-json\/wp\/v2\/product"}],"about":[{"href":"https:\/\/gocuisivin.com\/fr\/wp-json\/wp\/v2\/types\/product"}],"replies":[{"embeddable":true,"href":"https:\/\/gocuisivin.com\/fr\/wp-json\/wp\/v2\/comments?post=22840"}],"version-history":[{"count":2,"href":"https:\/\/gocuisivin.com\/fr\/wp-json\/wp\/v2\/product\/22840\/revisions"}],"predecessor-version":[{"id":24457,"href":"https:\/\/gocuisivin.com\/fr\/wp-json\/wp\/v2\/product\/22840\/revisions\/24457"}],"wp:featuredmedia":[{"embeddable":true,"href":"https:\/\/gocuisivin.com\/fr\/wp-json\/wp\/v2\/media\/12677"}],"wp:attachment":[{"href":"https:\/\/gocuisivin.com\/fr\/wp-json\/wp\/v2\/media?parent=22840"}],"wp:term":[{"taxonomy":"pwb-brand","embeddable":true,"href":"https:\/\/gocuisivin.com\/fr\/wp-json\/wp\/v2\/pwb-brand?post=22840"},{"taxonomy":"product_brand","embeddable":true,"href":"https:\/\/gocuisivin.com\/fr\/wp-json\/wp\/v2\/product_brand?post=22840"},{"taxonomy":"product_cat","embeddable":true,"href":"https:\/\/gocuisivin.com\/fr\/wp-json\/wp\/v2\/product_cat?post=22840"},{"taxonomy":"product_tag","embeddable":true,"href":"https:\/\/gocuisivin.com\/fr\/wp-json\/wp\/v2\/product_tag?post=22840"}],"curies":[{"name":"wp","href":"https:\/\/api.w.org\/{rel}","templated":true}]}}