{"id":22839,"date":"2022-03-09T05:22:50","date_gmt":"2022-03-09T05:22:50","guid":{"rendered":"https:\/\/gocuisivin.com\/product\/verre-a-vin-bordeaux-elegant-oberglas-paquet-de-6\/"},"modified":"2023-01-19T17:01:18","modified_gmt":"2023-01-19T17:01:18","slug":"verre-a-vin-bordeaux-elegant-oberglas-paquet-de-6","status":"publish","type":"product","link":"https:\/\/gocuisivin.com\/fr\/product\/verre-a-vin-bordeaux-elegant-oberglas-paquet-de-6\/","title":{"rendered":"Verre \u00e0 vin Bordeaux \u00e9l\u00e9gant Oberglas &#8211; Paquet de 6"},"content":{"rendered":"<p>Le verre \u00e0 vin Oberglas Elegant Bordeaux est fabriqu\u00e9 \u00e0 partir de cristal sans plomb de la plus haute qualit\u00e9. La durabilit\u00e9 du composite brillant est renforc\u00e9e par la structure de la tige monobloc. La qualit\u00e9 sup\u00e9rieure permet \u00e9galement un rebord et un mur plus fins, pour une pr\u00e9sentation plus raffin\u00e9e. Le verre Bordeaux Elegant est un design tr\u00e8s sculptural, contemporain et polyvalent. Le bol large peut mettre en valeur un pinot noir plus l\u00e9ger et d\u00e9licat, ou aider \u00e0 ouvrir un vin cors\u00e9 plus robuste. Les ar\u00f4mes sont retenus de la grande surface par la conicit\u00e9 prononc\u00e9e. Plus haut et plus large que les verres \u00e0 vin rouge traditionnels, il est absolument parfait pour les vins cors\u00e9s. Fabriqu\u00e9 en Allemagne, le verre est \u00e9galement 100 % lavable au lave-vaisselle.<\/p>\n","protected":false},"excerpt":{"rendered":"<p>&nbsp;<\/p>\n<ul>\n<li>Sp\u00e9cialement con\u00e7u pour le plaisir de tous les vins blancs dont : Chardonnay, Sauvignon Blanc, Pinot Grigio et plus<\/li>\n<li>Sp\u00e9cialement con\u00e7u pour le plaisir des vins rouges cors\u00e9s dont : Bordeaux, Cabernet Sauvignon, Syrah, Merlot et plus<\/li>\n<li>Construction durable en une seule pi\u00e8ce avec rebord fin<\/li>\n<li>Cristal sans plomb allemand<\/li>\n<li>Capacit\u00e9 : 24,25 oz\/717 ml<\/li>\n<li>Bo\u00eete blanche 6pk<\/li>\n<\/ul>\n<p><img decoding=\"async\" src=\"https:\/\/gocuisivin.com\/gleengag\/2022\/03\/Icon-w_-Text_Made-in-Germany_1.jpg\" alt=\"\" width=\"100\" height=\"100\" \/><img decoding=\"async\" src=\"https:\/\/gocuisivin.com\/gleengag\/2022\/03\/Icon-w_-Text_Lead-Free-Crystal_1-scaled-e1647696159460.jpg\" alt=\"\" width=\"100\" height=\"100\" \/><img decoding=\"async\" src=\"https:\/\/gocuisivin.com\/gleengag\/2022\/03\/Icon-w_-Text_Fine-Rim_1-scaled-e1647696201810.jpg\" alt=\"\" width=\"100\" height=\"100\" \/><img loading=\"lazy\" decoding=\"async\" src=\"https:\/\/gocuisivin.com\/gleengag\/2022\/03\/Icon-w_-Text_Dishwasher-Safe_1-scaled-e1647696229552.jpg\" alt=\"\" width=\"100\" height=\"100\" \/><img loading=\"lazy\" decoding=\"async\" src=\"https:\/\/gocuisivin.com\/gleengag\/2022\/03\/Icon-w_-Text_Pulled-Stem-for-Durability_1.jpg\" alt=\"\" width=\"100\" height=\"100\" \/><\/p>\n","protected":false},"featured_media":12663,"comment_status":"open","ping_status":"closed","template":"","meta":[],"pwb-brand":[1673],"product_brand":[],"product_cat":[1557,1558],"product_tag":[1020,117,1050,115,118,116],"class_list":{"0":"post-22839","1":"product","2":"type-product","3":"status-publish","4":"has-post-thumbnail","6":"pwb-brand-oberglas-fr","7":"product_cat-verrerie","8":"product_cat-vin","9":"product_tag-6-paquets","10":"product_tag-oberglas-fr","11":"product_tag-verre-a-vin-bordelais","12":"product_tag-verre-de-vin","13":"product_tag-verrerie","14":"product_tag-vin","16":"first","17":"instock","18":"taxable","19":"shipping-taxable","20":"purchasable","21":"product-type-simple"},"brands":[{"id":1673,"name":"Oberglas","slug":"oberglas-fr"}],"_links":{"self":[{"href":"https:\/\/gocuisivin.com\/fr\/wp-json\/wp\/v2\/product\/22839","targetHints":{"allow":["GET"]}}],"collection":[{"href":"https:\/\/gocuisivin.com\/fr\/wp-json\/wp\/v2\/product"}],"about":[{"href":"https:\/\/gocuisivin.com\/fr\/wp-json\/wp\/v2\/types\/product"}],"replies":[{"embeddable":true,"href":"https:\/\/gocuisivin.com\/fr\/wp-json\/wp\/v2\/comments?post=22839"}],"version-history":[{"count":2,"href":"https:\/\/gocuisivin.com\/fr\/wp-json\/wp\/v2\/product\/22839\/revisions"}],"predecessor-version":[{"id":24463,"href":"https:\/\/gocuisivin.com\/fr\/wp-json\/wp\/v2\/product\/22839\/revisions\/24463"}],"wp:featuredmedia":[{"embeddable":true,"href":"https:\/\/gocuisivin.com\/fr\/wp-json\/wp\/v2\/media\/12663"}],"wp:attachment":[{"href":"https:\/\/gocuisivin.com\/fr\/wp-json\/wp\/v2\/media?parent=22839"}],"wp:term":[{"taxonomy":"pwb-brand","embeddable":true,"href":"https:\/\/gocuisivin.com\/fr\/wp-json\/wp\/v2\/pwb-brand?post=22839"},{"taxonomy":"product_brand","embeddable":true,"href":"https:\/\/gocuisivin.com\/fr\/wp-json\/wp\/v2\/product_brand?post=22839"},{"taxonomy":"product_cat","embeddable":true,"href":"https:\/\/gocuisivin.com\/fr\/wp-json\/wp\/v2\/product_cat?post=22839"},{"taxonomy":"product_tag","embeddable":true,"href":"https:\/\/gocuisivin.com\/fr\/wp-json\/wp\/v2\/product_tag?post=22839"}],"curies":[{"name":"wp","href":"https:\/\/api.w.org\/{rel}","templated":true}]}}