{"id":22838,"date":"2022-03-09T06:22:56","date_gmt":"2022-03-09T06:22:56","guid":{"rendered":"https:\/\/gocuisivin.com\/product\/ensemble-de-couteaux-a-steak-legnoart-spicy\/"},"modified":"2023-01-19T16:55:09","modified_gmt":"2023-01-19T16:55:09","slug":"ensemble-de-couteaux-a-steak-legnoart-spicy","status":"publish","type":"product","link":"https:\/\/gocuisivin.com\/fr\/product\/ensemble-de-couteaux-a-steak-legnoart-spicy\/","title":{"rendered":"Ensemble de couteaux \u00e0 steak Legnoart SPICY"},"content":{"rendered":"<p>Le pr\u00e9sentoir \u00e0 couteaux \u00e0 steak \u00e9pic\u00e9 de Legnoart allie design italien et fonctionnalit\u00e9. Une contre-pi\u00e8ce astucieuse, la conception \u00e0 charni\u00e8re dissimule 6 couteaux \u00e0 steak de haute qualit\u00e9 en acier japonais 420 sup\u00e9rieur avec une finition douce au toucher. Con\u00e7u en Italie par Carlo Contin.<\/p>\n","protected":false},"excerpt":{"rendered":"<p>&nbsp;<\/p>\n<ul>\n<li>Pr\u00e9sentoir de comptoir \u00e9l\u00e9gant<\/li>\n<li>Dissimule 6 couteaux \u00e0 steak<\/li>\n<li>Couteaux dentel\u00e9s de haute qualit\u00e9 en acier japonais 420 sup\u00e9rieur<\/li>\n<li>Finition douce au toucher<\/li>\n<li>Conception prim\u00e9e<\/li>\n<li>Hauteur\u00a0: 12,5\u2033\u00a0; Largeur\u00a0: 2,5&#8243;<\/li>\n<\/ul>\n<p><img decoding=\"async\" src=\"https:\/\/gocuisivin.com\/gleengag\/2022\/03\/Icon-w_-Text_Handwash_1.jpg\" alt=\"\" width=\"100\" height=\"100\" \/><\/p>\n","protected":false},"featured_media":15631,"comment_status":"open","ping_status":"closed","template":"","meta":[],"pwb-brand":[1671],"product_brand":[],"product_cat":[1567,1582],"product_tag":[504,1537,1536],"class_list":{"0":"post-22838","1":"product","2":"type-product","3":"status-publish","4":"has-post-thumbnail","6":"pwb-brand-legnoart-fr","7":"product_cat-cuisine","8":"product_cat-outils-et-gadgets","9":"product_tag-cuisine","10":"product_tag-legnoart-fr","11":"product_tag-outils-et-gadgets","13":"first","14":"instock","15":"taxable","16":"shipping-taxable","17":"purchasable","18":"product-type-variable"},"brands":[{"id":1671,"name":"Legnoart","slug":"legnoart-fr"}],"_links":{"self":[{"href":"https:\/\/gocuisivin.com\/fr\/wp-json\/wp\/v2\/product\/22838","targetHints":{"allow":["GET"]}}],"collection":[{"href":"https:\/\/gocuisivin.com\/fr\/wp-json\/wp\/v2\/product"}],"about":[{"href":"https:\/\/gocuisivin.com\/fr\/wp-json\/wp\/v2\/types\/product"}],"replies":[{"embeddable":true,"href":"https:\/\/gocuisivin.com\/fr\/wp-json\/wp\/v2\/comments?post=22838"}],"version-history":[{"count":2,"href":"https:\/\/gocuisivin.com\/fr\/wp-json\/wp\/v2\/product\/22838\/revisions"}],"predecessor-version":[{"id":24452,"href":"https:\/\/gocuisivin.com\/fr\/wp-json\/wp\/v2\/product\/22838\/revisions\/24452"}],"wp:featuredmedia":[{"embeddable":true,"href":"https:\/\/gocuisivin.com\/fr\/wp-json\/wp\/v2\/media\/15631"}],"wp:attachment":[{"href":"https:\/\/gocuisivin.com\/fr\/wp-json\/wp\/v2\/media?parent=22838"}],"wp:term":[{"taxonomy":"pwb-brand","embeddable":true,"href":"https:\/\/gocuisivin.com\/fr\/wp-json\/wp\/v2\/pwb-brand?post=22838"},{"taxonomy":"product_brand","embeddable":true,"href":"https:\/\/gocuisivin.com\/fr\/wp-json\/wp\/v2\/product_brand?post=22838"},{"taxonomy":"product_cat","embeddable":true,"href":"https:\/\/gocuisivin.com\/fr\/wp-json\/wp\/v2\/product_cat?post=22838"},{"taxonomy":"product_tag","embeddable":true,"href":"https:\/\/gocuisivin.com\/fr\/wp-json\/wp\/v2\/product_tag?post=22838"}],"curies":[{"name":"wp","href":"https:\/\/api.w.org\/{rel}","templated":true}]}}