{"id":22834,"date":"2022-03-09T05:32:24","date_gmt":"2022-03-09T05:32:24","guid":{"rendered":"https:\/\/gocuisivin.com\/product\/verre-a-vin-bourguignon-oberglas-passion-paquet-de-4\/"},"modified":"2023-01-19T17:00:50","modified_gmt":"2023-01-19T17:00:50","slug":"verre-a-vin-bourguignon-oberglas-passion-paquet-de-4","status":"publish","type":"product","link":"https:\/\/gocuisivin.com\/fr\/product\/verre-a-vin-bourguignon-oberglas-passion-paquet-de-4\/","title":{"rendered":"Verre \u00e0 vin bourguignon Oberglas Passion &#8211; Paquet de 4"},"content":{"rendered":"<p>Le verre \u00e0 vin Oberglas Passion Bourgogne est fabriqu\u00e9 \u00e0 partir de cristal sans plomb de la plus haute qualit\u00e9. La durabilit\u00e9 du composite brillant est renforc\u00e9e par la structure de la tige monobloc. La qualit\u00e9 sup\u00e9rieure permet \u00e9galement un rebord et un mur plus fins, donnant une pr\u00e9sentation plus raffin\u00e9e. Le verre \u00e0 vin Passion Bourgogne est un design tr\u00e8s polyvalent. Le bol large peut mettre en valeur un pinot noir plus l\u00e9ger et d\u00e9licat, ou aider \u00e0 ouvrir un vin cors\u00e9 plus robuste. Les ar\u00f4mes sont retenus de la grande surface par la conicit\u00e9 prononc\u00e9e, mais la bouche plus ouverte aide \u00e0 disperser les saveurs sur la langue. Fabriqu\u00e9 en Allemagne, le verre est \u00e9galement 100 % lavable au lave-vaisselle.<\/p>\n","protected":false},"excerpt":{"rendered":"<p>&nbsp;<\/p>\n<ul>\n<li>Sp\u00e9cialement con\u00e7u pour les vins plus l\u00e9gers et cors\u00e9s comme le Bourgogne, le Pinot Noir, le Barolo<\/li>\n<li>Le style contemporain rencontre la durabilit\u00e9 brillante<\/li>\n<li>Construction durable en une seule pi\u00e8ce avec rebord fin<\/li>\n<li>Cristal sans plomb allemand<\/li>\n<li>Capacit\u00e9 : 22,5 oz\/665 ml<\/li>\n<li>Bo\u00eete cadeau de 4 couleurs<\/li>\n<\/ul>\n<p><img decoding=\"async\" src=\"https:\/\/gocuisivin.com\/gleengag\/2022\/03\/Icon-w_-Text_Made-in-Germany_1.jpg\" alt=\"\" width=\"100\" height=\"100\" \/><img decoding=\"async\" src=\"https:\/\/gocuisivin.com\/gleengag\/2022\/03\/Icon-w_-Text_Lead-Free-Crystal_1-scaled-e1647696159460.jpg\" alt=\"\" width=\"100\" height=\"100\" \/><img decoding=\"async\" src=\"https:\/\/gocuisivin.com\/gleengag\/2022\/03\/Icon-w_-Text_Fine-Rim_1-scaled-e1647696201810.jpg\" alt=\"\" width=\"100\" height=\"100\" \/><img loading=\"lazy\" decoding=\"async\" src=\"https:\/\/gocuisivin.com\/gleengag\/2022\/03\/Icon-w_-Text_Dishwasher-Safe_1-scaled-e1647696229552.jpg\" alt=\"\" width=\"100\" height=\"100\" \/><img loading=\"lazy\" decoding=\"async\" src=\"https:\/\/gocuisivin.com\/gleengag\/2022\/03\/Icon-w_-Text_Pulled-Stem-for-Durability_1.jpg\" alt=\"\" width=\"100\" height=\"100\" \/><\/p>\n","protected":false},"featured_media":12665,"comment_status":"open","ping_status":"closed","template":"","meta":[],"pwb-brand":[1673],"product_brand":[],"product_cat":[1557,1558],"product_tag":[],"class_list":{"0":"post-22834","1":"product","2":"type-product","3":"status-publish","4":"has-post-thumbnail","6":"pwb-brand-oberglas-fr","7":"product_cat-verrerie","8":"product_cat-vin","10":"first","11":"instock","12":"taxable","13":"shipping-taxable","14":"purchasable","15":"product-type-simple"},"brands":[{"id":1673,"name":"Oberglas","slug":"oberglas-fr"}],"_links":{"self":[{"href":"https:\/\/gocuisivin.com\/fr\/wp-json\/wp\/v2\/product\/22834","targetHints":{"allow":["GET"]}}],"collection":[{"href":"https:\/\/gocuisivin.com\/fr\/wp-json\/wp\/v2\/product"}],"about":[{"href":"https:\/\/gocuisivin.com\/fr\/wp-json\/wp\/v2\/types\/product"}],"replies":[{"embeddable":true,"href":"https:\/\/gocuisivin.com\/fr\/wp-json\/wp\/v2\/comments?post=22834"}],"version-history":[{"count":2,"href":"https:\/\/gocuisivin.com\/fr\/wp-json\/wp\/v2\/product\/22834\/revisions"}],"predecessor-version":[{"id":24462,"href":"https:\/\/gocuisivin.com\/fr\/wp-json\/wp\/v2\/product\/22834\/revisions\/24462"}],"wp:featuredmedia":[{"embeddable":true,"href":"https:\/\/gocuisivin.com\/fr\/wp-json\/wp\/v2\/media\/12665"}],"wp:attachment":[{"href":"https:\/\/gocuisivin.com\/fr\/wp-json\/wp\/v2\/media?parent=22834"}],"wp:term":[{"taxonomy":"pwb-brand","embeddable":true,"href":"https:\/\/gocuisivin.com\/fr\/wp-json\/wp\/v2\/pwb-brand?post=22834"},{"taxonomy":"product_brand","embeddable":true,"href":"https:\/\/gocuisivin.com\/fr\/wp-json\/wp\/v2\/product_brand?post=22834"},{"taxonomy":"product_cat","embeddable":true,"href":"https:\/\/gocuisivin.com\/fr\/wp-json\/wp\/v2\/product_cat?post=22834"},{"taxonomy":"product_tag","embeddable":true,"href":"https:\/\/gocuisivin.com\/fr\/wp-json\/wp\/v2\/product_tag?post=22834"}],"curies":[{"name":"wp","href":"https:\/\/api.w.org\/{rel}","templated":true}]}}