{"id":22830,"date":"2022-03-09T06:36:49","date_gmt":"2022-03-09T06:36:49","guid":{"rendered":"https:\/\/gocuisivin.com\/product\/dessous-de-plat-legnoart-cereus-avec-bol-en-porcelaine\/"},"modified":"2023-01-19T16:53:17","modified_gmt":"2023-01-19T16:53:17","slug":"dessous-de-plat-legnoart-cereus-avec-bol-en-porcelaine","status":"publish","type":"product","link":"https:\/\/gocuisivin.com\/fr\/product\/dessous-de-plat-legnoart-cereus-avec-bol-en-porcelaine\/","title":{"rendered":"Dessous de plat Legnoart Cereus avec bol en porcelaine"},"content":{"rendered":"<p>Faisant partie de la collection Legnoart Spicy astucieuse et \u00e9l\u00e9gante, le dessous de plat Cereus ressemble \u00e0 une plante de cactus lorsqu&#8217;il est rang\u00e9 dans son pot en c\u00e9ramique. Ce dessous de plat fonctionnel pour art de la table est articul\u00e9 pour se d\u00e9plier et fournit une base isolante thermique \u00e0 trois bras pour toute casserole ou po\u00eale de toute taille. Con\u00e7u en Italie par Federico Arquint.<\/p>\n","protected":false},"excerpt":{"rendered":"<p>&nbsp;<\/p>\n<ul>\n<li>Pr\u00e9sentoir de comptoir \u00e9l\u00e9gant<\/li>\n<li>Dessous de plat \u00e0 charni\u00e8re \u00e0 trois bras et bol en porcelaine<\/li>\n<li>Pliez le dessous de plat et rangez-le dans un pot lorsqu&#8217;il n&#8217;est pas utilis\u00e9<\/li>\n<li>Finition douce au toucher<\/li>\n<li>Hauteur : 8&#8243; \/ 203,2 mm<\/li>\n<\/ul>\n<p><img decoding=\"async\" src=\"https:\/\/gocuisivin.com\/gleengag\/2022\/03\/Icon-w_-Text_Handwash_1.jpg\" alt=\"\" width=\"100\" height=\"100\" \/><\/p>\n","protected":false},"featured_media":15662,"comment_status":"open","ping_status":"closed","template":"","meta":[],"pwb-brand":[1671],"product_brand":[],"product_cat":[1567,1582],"product_tag":[504,1537,1536],"class_list":{"0":"post-22830","1":"product","2":"type-product","3":"status-publish","4":"has-post-thumbnail","6":"pwb-brand-legnoart-fr","7":"product_cat-cuisine","8":"product_cat-outils-et-gadgets","9":"product_tag-cuisine","10":"product_tag-legnoart-fr","11":"product_tag-outils-et-gadgets","13":"first","14":"instock","15":"taxable","16":"shipping-taxable","17":"purchasable","18":"product-type-variable"},"brands":[{"id":1671,"name":"Legnoart","slug":"legnoart-fr"}],"_links":{"self":[{"href":"https:\/\/gocuisivin.com\/fr\/wp-json\/wp\/v2\/product\/22830","targetHints":{"allow":["GET"]}}],"collection":[{"href":"https:\/\/gocuisivin.com\/fr\/wp-json\/wp\/v2\/product"}],"about":[{"href":"https:\/\/gocuisivin.com\/fr\/wp-json\/wp\/v2\/types\/product"}],"replies":[{"embeddable":true,"href":"https:\/\/gocuisivin.com\/fr\/wp-json\/wp\/v2\/comments?post=22830"}],"version-history":[{"count":1,"href":"https:\/\/gocuisivin.com\/fr\/wp-json\/wp\/v2\/product\/22830\/revisions"}],"predecessor-version":[{"id":24450,"href":"https:\/\/gocuisivin.com\/fr\/wp-json\/wp\/v2\/product\/22830\/revisions\/24450"}],"wp:featuredmedia":[{"embeddable":true,"href":"https:\/\/gocuisivin.com\/fr\/wp-json\/wp\/v2\/media\/15662"}],"wp:attachment":[{"href":"https:\/\/gocuisivin.com\/fr\/wp-json\/wp\/v2\/media?parent=22830"}],"wp:term":[{"taxonomy":"pwb-brand","embeddable":true,"href":"https:\/\/gocuisivin.com\/fr\/wp-json\/wp\/v2\/pwb-brand?post=22830"},{"taxonomy":"product_brand","embeddable":true,"href":"https:\/\/gocuisivin.com\/fr\/wp-json\/wp\/v2\/product_brand?post=22830"},{"taxonomy":"product_cat","embeddable":true,"href":"https:\/\/gocuisivin.com\/fr\/wp-json\/wp\/v2\/product_cat?post=22830"},{"taxonomy":"product_tag","embeddable":true,"href":"https:\/\/gocuisivin.com\/fr\/wp-json\/wp\/v2\/product_tag?post=22830"}],"curies":[{"name":"wp","href":"https:\/\/api.w.org\/{rel}","templated":true}]}}