{"id":22815,"date":"2022-03-09T06:45:27","date_gmt":"2022-03-09T06:45:27","guid":{"rendered":"https:\/\/gocuisivin.com\/product\/tire-bouchon-a-double-levier-cuisivin\/"},"modified":"2025-08-25T11:04:07","modified_gmt":"2025-08-25T15:04:07","slug":"tire-bouchon-a-double-levier-cuisivin","status":"publish","type":"product","link":"https:\/\/gocuisivin.com\/fr\/product\/tire-bouchon-a-double-levier-cuisivin\/","title":{"rendered":"Tire-bouchon \u00e0 double levier Cuisivin"},"content":{"rendered":"<p>Le tire-bouchon \u00e0 double levier de Cuisivin est le choix pr\u00e9f\u00e9r\u00e9 des professionnels du vin. Des caract\u00e9ristiques de qualit\u00e9 comme la double vis sans fin recouverte de t\u00e9flon rendent ces tire-bouchons tr\u00e8s faciles \u00e0 utiliser sur les synth\u00e9tiques, et la rainure suttle dans la vis facilite \u00e9galement leur insertion, tout en offrant une meilleure prise sur le li\u00e8ge. Le coupe-papier pratique est dentel\u00e9 et poss\u00e8de m\u00eame un ouvre-bouteille int\u00e9gr\u00e9.<\/p>\n","protected":false},"excerpt":{"rendered":"<p>&nbsp;<\/p>\n<ul>\n<li>Double levier pour un retrait rapide et facile du li\u00e8ge<\/li>\n<li>La vis sans fin rainur\u00e9e \u00e0 5 tours rev\u00eatue de t\u00e9flon facilite l&#8217;utilisation sur les bouchons en li\u00e8ge &#8211; en particulier les synth\u00e9tiques<\/li>\n<li>La poign\u00e9e en acier est profil\u00e9e pour plus de confort<\/li>\n<li>Ouvre-bouteille int\u00e9gr\u00e9 et couteau dentel\u00e9 pour une d\u00e9coupe efficace du papier d&#8217;aluminium<\/li>\n<\/ul>\n<p><img decoding=\"async\" src=\"https:\/\/gocuisivin.com\/gleengag\/2022\/03\/Icon-w_-Text_Handwash_1.jpg\" alt=\"\" width=\"100\" height=\"100\" \/><\/p>\n","protected":false},"featured_media":15863,"comment_status":"open","ping_status":"closed","template":"","meta":[],"pwb-brand":[1664],"product_brand":[],"product_cat":[1565,1597],"product_tag":[1002,281,1363,1362,1344],"class_list":{"0":"post-22815","1":"product","2":"type-product","3":"status-publish","4":"has-post-thumbnail","6":"pwb-brand-cuisivin-fr","7":"product_cat-accessoires-pour-le-vin-et-le-bar","8":"product_cat-un-tire-bouchon","9":"product_tag-accessoires-pour-le-vin-et-le-bar","10":"product_tag-cuisivin-fr","11":"product_tag-tire-bouchon-a-double-levier","12":"product_tag-tire-bouchon-a-levier","13":"product_tag-un-tire-bouchon","15":"first","16":"instock","17":"taxable","18":"shipping-taxable","19":"purchasable","20":"product-type-variable"},"brands":[{"id":1664,"name":"Cuisivin","slug":"cuisivin-fr"}],"_links":{"self":[{"href":"https:\/\/gocuisivin.com\/fr\/wp-json\/wp\/v2\/product\/22815","targetHints":{"allow":["GET"]}}],"collection":[{"href":"https:\/\/gocuisivin.com\/fr\/wp-json\/wp\/v2\/product"}],"about":[{"href":"https:\/\/gocuisivin.com\/fr\/wp-json\/wp\/v2\/types\/product"}],"replies":[{"embeddable":true,"href":"https:\/\/gocuisivin.com\/fr\/wp-json\/wp\/v2\/comments?post=22815"}],"version-history":[{"count":1,"href":"https:\/\/gocuisivin.com\/fr\/wp-json\/wp\/v2\/product\/22815\/revisions"}],"predecessor-version":[{"id":24448,"href":"https:\/\/gocuisivin.com\/fr\/wp-json\/wp\/v2\/product\/22815\/revisions\/24448"}],"wp:featuredmedia":[{"embeddable":true,"href":"https:\/\/gocuisivin.com\/fr\/wp-json\/wp\/v2\/media\/15863"}],"wp:attachment":[{"href":"https:\/\/gocuisivin.com\/fr\/wp-json\/wp\/v2\/media?parent=22815"}],"wp:term":[{"taxonomy":"pwb-brand","embeddable":true,"href":"https:\/\/gocuisivin.com\/fr\/wp-json\/wp\/v2\/pwb-brand?post=22815"},{"taxonomy":"product_brand","embeddable":true,"href":"https:\/\/gocuisivin.com\/fr\/wp-json\/wp\/v2\/product_brand?post=22815"},{"taxonomy":"product_cat","embeddable":true,"href":"https:\/\/gocuisivin.com\/fr\/wp-json\/wp\/v2\/product_cat?post=22815"},{"taxonomy":"product_tag","embeddable":true,"href":"https:\/\/gocuisivin.com\/fr\/wp-json\/wp\/v2\/product_tag?post=22815"}],"curies":[{"name":"wp","href":"https:\/\/api.w.org\/{rel}","templated":true}]}}