{"id":22793,"date":"2022-03-09T13:09:22","date_gmt":"2022-03-09T13:09:22","guid":{"rendered":"https:\/\/gocuisivin.com\/product\/planche-a-fromage-rectangulaire-en-marbre-gris-bel-air-cuisivin-avec-poignee\/"},"modified":"2023-01-19T16:21:12","modified_gmt":"2023-01-19T16:21:12","slug":"planche-a-fromage-rectangulaire-en-marbre-gris-bel-air-cuisivin-avec-poignee","status":"publish","type":"product","link":"https:\/\/gocuisivin.com\/fr\/product\/planche-a-fromage-rectangulaire-en-marbre-gris-bel-air-cuisivin-avec-poignee\/","title":{"rendered":"Planche \u00e0 fromage rectangulaire en marbre gris Bel-Air Cuisivin avec poign\u00e9e"},"content":{"rendered":"<p>Le plateau de charcuterie et de fromages en marbre Bel-Air est fabriqu\u00e9 \u00e0 partir de marbre gris massif. 1\/2&#8243; d&#8217;\u00e9paisseur, sa finition polie fait une belle pr\u00e9sentation pour les fromages artisanaux et la charcuterie. Facile \u00e0 nettoyer, la conception monobloc comprend une poign\u00e9e pour accrocher. Tampons de protection fix\u00e9s au fond. d\u00e9cor. Aire de service : L : 6,75&#8243; ; L\u00a0: 12&#8243;. Longueur totale incluant la poign\u00e9e\u00a0: 15,5&#8243;<\/p>\n","protected":false},"excerpt":{"rendered":"<p>&nbsp;<\/p>\n<ul>\n<li>Marbre massif poli &#8211; une belle pr\u00e9sentation pour les fromages et charcuteries artisanaux<\/li>\n<li>Conception monobloc avec poign\u00e9e int\u00e9gr\u00e9e &#8211; peut \u00e9galement \u00eatre utilis\u00e9 pour accrocher<\/li>\n<li>1\/2&#8243; d&#8217;\u00e9paisseur<\/li>\n<li>Aire de service\u00a0: L\u00a0: 6,75&#8243;\u00a0; L\u00a0: 12&#8243;. Longueur totale incluant la poign\u00e9e : 15,5&#8243;<\/li>\n<li>Le design \u00e9l\u00e9gant a fi\u00e8re allure avec n&#8217;importe quel d\u00e9cor<\/li>\n<li>Coussinets de protection fix\u00e9s au fond.<\/li>\n<\/ul>\n<p><img decoding=\"async\" src=\"https:\/\/gocuisivin.com\/gleengag\/2022\/03\/Icon-w_-Text_Made-in-India_1.jpg\" alt=\"\" width=\"100\" height=\"100\" \/><img decoding=\"async\" src=\"https:\/\/gocuisivin.com\/gleengag\/2022\/03\/Icon-w_-Text_Handwash_1.jpg\" alt=\"\" width=\"100\" height=\"100\" \/><\/p>\n","protected":false},"featured_media":17020,"comment_status":"open","ping_status":"closed","template":"","meta":[],"pwb-brand":[1663,1664],"product_brand":[],"product_cat":[102,1565],"product_tag":[1003,1002,1004,281,1005],"class_list":{"0":"post-22793","1":"product","2":"type-product","3":"status-publish","4":"has-post-thumbnail","6":"pwb-brand-bel-air-fr","7":"pwb-brand-cuisivin-fr","8":"product_cat-accessoires","9":"product_cat-accessoires-pour-le-vin-et-le-bar","10":"product_tag-accessoires","11":"product_tag-accessoires-pour-le-vin-et-le-bar","12":"product_tag-bel-air-fr","13":"product_tag-cuisivin-fr","14":"product_tag-gris","16":"first","17":"instock","18":"taxable","19":"shipping-taxable","20":"purchasable","21":"product-type-simple"},"brands":[{"id":1663,"name":"Bel-Air","slug":"bel-air-fr"},{"id":1664,"name":"Cuisivin","slug":"cuisivin-fr"}],"_links":{"self":[{"href":"https:\/\/gocuisivin.com\/fr\/wp-json\/wp\/v2\/product\/22793","targetHints":{"allow":["GET"]}}],"collection":[{"href":"https:\/\/gocuisivin.com\/fr\/wp-json\/wp\/v2\/product"}],"about":[{"href":"https:\/\/gocuisivin.com\/fr\/wp-json\/wp\/v2\/types\/product"}],"replies":[{"embeddable":true,"href":"https:\/\/gocuisivin.com\/fr\/wp-json\/wp\/v2\/comments?post=22793"}],"version-history":[{"count":1,"href":"https:\/\/gocuisivin.com\/fr\/wp-json\/wp\/v2\/product\/22793\/revisions"}],"predecessor-version":[{"id":24416,"href":"https:\/\/gocuisivin.com\/fr\/wp-json\/wp\/v2\/product\/22793\/revisions\/24416"}],"wp:featuredmedia":[{"embeddable":true,"href":"https:\/\/gocuisivin.com\/fr\/wp-json\/wp\/v2\/media\/17020"}],"wp:attachment":[{"href":"https:\/\/gocuisivin.com\/fr\/wp-json\/wp\/v2\/media?parent=22793"}],"wp:term":[{"taxonomy":"pwb-brand","embeddable":true,"href":"https:\/\/gocuisivin.com\/fr\/wp-json\/wp\/v2\/pwb-brand?post=22793"},{"taxonomy":"product_brand","embeddable":true,"href":"https:\/\/gocuisivin.com\/fr\/wp-json\/wp\/v2\/product_brand?post=22793"},{"taxonomy":"product_cat","embeddable":true,"href":"https:\/\/gocuisivin.com\/fr\/wp-json\/wp\/v2\/product_cat?post=22793"},{"taxonomy":"product_tag","embeddable":true,"href":"https:\/\/gocuisivin.com\/fr\/wp-json\/wp\/v2\/product_tag?post=22793"}],"curies":[{"name":"wp","href":"https:\/\/api.w.org\/{rel}","templated":true}]}}