{"id":22790,"date":"2022-03-09T08:52:08","date_gmt":"2022-03-09T08:52:08","guid":{"rendered":"https:\/\/gocuisivin.com\/product\/verre-a-vin-en-verre-a-pied-geant-eisch-vino-nobile-paquet-de-6\/"},"modified":"2023-01-19T16:35:45","modified_gmt":"2023-01-19T16:35:45","slug":"verre-a-vin-en-verre-a-pied-geant-eisch-vino-nobile-paquet-de-6","status":"publish","type":"product","link":"https:\/\/gocuisivin.com\/fr\/product\/verre-a-vin-en-verre-a-pied-geant-eisch-vino-nobile-paquet-de-6\/","title":{"rendered":"Verre \u00e0 vin en verre \u00e0 pied g\u00e9ant Eisch Vino Nobile &#8211; Paquet de 6"},"content":{"rendered":"<p>Au cours des 100 derni\u00e8res ann\u00e9es, Eisch a cr\u00e9\u00e9 des conceptions et des techniques de fabrication innovantes pour devenir un producteur de verre prim\u00e9 \u00e0 plusieurs reprises en Allemagne. La gamme de verres \u00e0 pied Eisch Vino Nobile offre un verre en cristal sans plomb d&#8217;une clart\u00e9 brillante avec un rebord fin. La forme classique ajoute une touche d&#8217;\u00e9l\u00e9gance pour un usage quotidien.<\/p>\n","protected":false},"excerpt":{"rendered":"<p>&nbsp;<\/p>\n<ul>\n<li>Un verre unique contient une bouteille de vin pleine<\/li>\n<li>Forme classique<\/li>\n<li>Brillamment clair avec un bord fin<\/li>\n<li>Cristal sans plomb allemand<\/li>\n<li>Capacit\u00e9\u00a0:\u00a035,3\u00a0oz\/1,04\u00a0Lt\u00a0; Hauteur : 10,2&#8243; \/ 259,08 mm<\/li>\n<li>Bo\u00eete marron 6pk<\/li>\n<\/ul>\n<p><img decoding=\"async\" src=\"https:\/\/gocuisivin.com\/gleengag\/2022\/03\/Icon-w_-Text_Made-in-Germany_1.jpg\" alt=\"\" width=\"100\" height=\"100\" \/><img decoding=\"async\" src=\"https:\/\/gocuisivin.com\/gleengag\/2022\/03\/Icon-w_-Text_Lead-Free-Crystal_1-scaled-e1647696159460.jpg\" alt=\"\" width=\"100\" height=\"100\" \/><img decoding=\"async\" src=\"https:\/\/gocuisivin.com\/gleengag\/2022\/03\/Icon-w_-Text_Fine-Rim_1-scaled-e1647696201810.jpg\" alt=\"\" width=\"100\" height=\"100\" \/><img loading=\"lazy\" decoding=\"async\" src=\"https:\/\/gocuisivin.com\/gleengag\/2022\/03\/Icon-w_-Text_Handwash_1.jpg\" alt=\"\" width=\"100\" height=\"100\" \/><\/p>\n","protected":false},"featured_media":13227,"comment_status":"open","ping_status":"closed","template":"","meta":[],"pwb-brand":[1667],"product_brand":[],"product_cat":[1557,1558],"product_tag":[121,1134,1110,278,115,118,1135,1109,116],"class_list":{"0":"post-22790","1":"product","2":"type-product","3":"status-publish","4":"has-post-thumbnail","6":"pwb-brand-eisch-fr","7":"product_cat-verrerie","8":"product_cat-vin","9":"product_tag-eisch-fr","10":"product_tag-geant","11":"product_tag-nobile-fr","12":"product_tag-un-verre","13":"product_tag-verre-de-vin","14":"product_tag-verrerie","15":"product_tag-verres-a-pied","16":"product_tag-vin-fr","17":"product_tag-vin","19":"first","20":"outofstock","21":"taxable","22":"shipping-taxable","23":"purchasable","24":"product-type-simple"},"brands":[{"id":1667,"name":"Eisch","slug":"eisch-fr"}],"_links":{"self":[{"href":"https:\/\/gocuisivin.com\/fr\/wp-json\/wp\/v2\/product\/22790","targetHints":{"allow":["GET"]}}],"collection":[{"href":"https:\/\/gocuisivin.com\/fr\/wp-json\/wp\/v2\/product"}],"about":[{"href":"https:\/\/gocuisivin.com\/fr\/wp-json\/wp\/v2\/types\/product"}],"replies":[{"embeddable":true,"href":"https:\/\/gocuisivin.com\/fr\/wp-json\/wp\/v2\/comments?post=22790"}],"version-history":[{"count":1,"href":"https:\/\/gocuisivin.com\/fr\/wp-json\/wp\/v2\/product\/22790\/revisions"}],"predecessor-version":[{"id":24430,"href":"https:\/\/gocuisivin.com\/fr\/wp-json\/wp\/v2\/product\/22790\/revisions\/24430"}],"wp:featuredmedia":[{"embeddable":true,"href":"https:\/\/gocuisivin.com\/fr\/wp-json\/wp\/v2\/media\/13227"}],"wp:attachment":[{"href":"https:\/\/gocuisivin.com\/fr\/wp-json\/wp\/v2\/media?parent=22790"}],"wp:term":[{"taxonomy":"pwb-brand","embeddable":true,"href":"https:\/\/gocuisivin.com\/fr\/wp-json\/wp\/v2\/pwb-brand?post=22790"},{"taxonomy":"product_brand","embeddable":true,"href":"https:\/\/gocuisivin.com\/fr\/wp-json\/wp\/v2\/product_brand?post=22790"},{"taxonomy":"product_cat","embeddable":true,"href":"https:\/\/gocuisivin.com\/fr\/wp-json\/wp\/v2\/product_cat?post=22790"},{"taxonomy":"product_tag","embeddable":true,"href":"https:\/\/gocuisivin.com\/fr\/wp-json\/wp\/v2\/product_tag?post=22790"}],"curies":[{"name":"wp","href":"https:\/\/api.w.org\/{rel}","templated":true}]}}