{"id":22787,"date":"2022-03-09T11:38:59","date_gmt":"2022-03-09T11:38:59","guid":{"rendered":"https:\/\/gocuisivin.com\/product\/sous-verre-puzzle-cuisivin-paquet-de-4\/"},"modified":"2023-01-19T16:28:00","modified_gmt":"2023-01-19T16:28:00","slug":"sous-verre-puzzle-cuisivin-paquet-de-4","status":"publish","type":"product","link":"https:\/\/gocuisivin.com\/fr\/product\/sous-verre-puzzle-cuisivin-paquet-de-4\/","title":{"rendered":"Sous-verre Puzzle Cuisivin &#8211; Paquet de 4"},"content":{"rendered":"<p>Ces sous-verres de puzzle en silicone imbriqu\u00e9s sont amusants et flexibles\u00a0! Utilisez-les individuellement pour des sous-bocks ou reliez-en quelques-uns pour cr\u00e9er des dessous de plat ou des tapis antid\u00e9rapants. Comprend 4 sous-verres en silicone durable de qualit\u00e9 alimentaire. Une fa\u00e7on amusante et fantaisiste d&#8217;ajouter une touche de couleur \u00e0 votre dessus de table.<\/p>\n","protected":false},"excerpt":{"rendered":"<p>&nbsp;<\/p>\n<ul>\n<li>Le forfait comprend 4 sous-verres color\u00e9s embo\u00eetables antid\u00e9rapants<\/li>\n<li>\u00c0 utiliser individuellement pour les sous-verres<\/li>\n<li>Reliez les sous-verres pour cr\u00e9er des dessous de plat ou des tapis antid\u00e9rapants<\/li>\n<li>Silicone durable de qualit\u00e9 alimentaire<\/li>\n<li>Chaque sous-verre une couleur diff\u00e9rente<\/li>\n<\/ul>\n<p><img decoding=\"async\" src=\"https:\/\/gocuisivin.com\/gleengag\/2022\/03\/Icon-w_-Text_Dishwasher-Safe_1-scaled-e1647696229552.jpg\" alt=\"\" width=\"100\" height=\"100\" \/><\/p>\n","protected":false},"featured_media":16824,"comment_status":"open","ping_status":"closed","template":"","meta":[],"pwb-brand":[1664],"product_brand":[],"product_cat":[102,1565],"product_tag":[1003,1002,1066,281,1072,1071,1070],"class_list":{"0":"post-22787","1":"product","2":"type-product","3":"status-publish","4":"has-post-thumbnail","6":"pwb-brand-cuisivin-fr","7":"product_cat-accessoires","8":"product_cat-accessoires-pour-le-vin-et-le-bar","9":"product_tag-accessoires","10":"product_tag-accessoires-pour-le-vin-et-le-bar","11":"product_tag-coaster-fr","12":"product_tag-cuisivin-fr","13":"product_tag-puzzle-fr","14":"product_tag-puzzle-coaster-fr","15":"product_tag-sous-verres","17":"first","18":"instock","19":"taxable","20":"shipping-taxable","21":"purchasable","22":"product-type-variable"},"brands":[{"id":1664,"name":"Cuisivin","slug":"cuisivin-fr"}],"_links":{"self":[{"href":"https:\/\/gocuisivin.com\/fr\/wp-json\/wp\/v2\/product\/22787","targetHints":{"allow":["GET"]}}],"collection":[{"href":"https:\/\/gocuisivin.com\/fr\/wp-json\/wp\/v2\/product"}],"about":[{"href":"https:\/\/gocuisivin.com\/fr\/wp-json\/wp\/v2\/types\/product"}],"replies":[{"embeddable":true,"href":"https:\/\/gocuisivin.com\/fr\/wp-json\/wp\/v2\/comments?post=22787"}],"version-history":[{"count":1,"href":"https:\/\/gocuisivin.com\/fr\/wp-json\/wp\/v2\/product\/22787\/revisions"}],"predecessor-version":[{"id":24425,"href":"https:\/\/gocuisivin.com\/fr\/wp-json\/wp\/v2\/product\/22787\/revisions\/24425"}],"wp:featuredmedia":[{"embeddable":true,"href":"https:\/\/gocuisivin.com\/fr\/wp-json\/wp\/v2\/media\/16824"}],"wp:attachment":[{"href":"https:\/\/gocuisivin.com\/fr\/wp-json\/wp\/v2\/media?parent=22787"}],"wp:term":[{"taxonomy":"pwb-brand","embeddable":true,"href":"https:\/\/gocuisivin.com\/fr\/wp-json\/wp\/v2\/pwb-brand?post=22787"},{"taxonomy":"product_brand","embeddable":true,"href":"https:\/\/gocuisivin.com\/fr\/wp-json\/wp\/v2\/product_brand?post=22787"},{"taxonomy":"product_cat","embeddable":true,"href":"https:\/\/gocuisivin.com\/fr\/wp-json\/wp\/v2\/product_cat?post=22787"},{"taxonomy":"product_tag","embeddable":true,"href":"https:\/\/gocuisivin.com\/fr\/wp-json\/wp\/v2\/product_tag?post=22787"}],"curies":[{"name":"wp","href":"https:\/\/api.w.org\/{rel}","templated":true}]}}