{"id":22781,"date":"2022-03-09T10:40:41","date_gmt":"2022-03-09T10:40:41","guid":{"rendered":"https:\/\/gocuisivin.com\/product\/bouchon-a-champagne-clip-cap-cuisivin\/"},"modified":"2025-10-09T04:59:10","modified_gmt":"2025-10-09T08:59:10","slug":"bouchon-a-champagne-clip-cap-cuisivin","status":"publish","type":"product","link":"https:\/\/gocuisivin.com\/fr\/product\/bouchon-a-champagne-clip-cap-cuisivin\/","title":{"rendered":"Bouchon \u00e0 Champagne Clip Cap Cuisivin"},"content":{"rendered":"<p>Le bouchon \u00e0 champagne Clip-Cap est un moyen rapide et s\u00fbr de refermer les bouteilles de vin mousseux et de champagne standard. Con\u00e7u pour se verrouiller confortablement, Clip-Cap aide \u00e0 maintenir la bouteille sous pression\u00a0; en pr\u00e9servant son caract\u00e8re p\u00e9tillant. Clip Cap est \u00e0 profil bas pour un rangement facile dans le r\u00e9frig\u00e9rateur.<\/p>\n","protected":false},"excerpt":{"rendered":"<p>&nbsp;<\/p>\n<ul>\n<li>Bouchon \u00e0 champagne facile \u00e0 utiliser<\/li>\n<li>Serrures serr\u00e9es pour pr\u00e9server la pression et le caract\u00e8re p\u00e9tillant<\/li>\n<li>Le profil bas facilite le stockage des bouteilles au r\u00e9frig\u00e9rateur<\/li>\n<li>Convient \u00e0 la plupart des bouteilles de vin mousseux et de champagne standard<\/li>\n<\/ul>\n<p><img decoding=\"async\" src=\"https:\/\/gocuisivin.com\/gleengag\/2022\/03\/Icon-w_-Text_Handwash_1.jpg\" alt=\"\" width=\"100\" height=\"100\" \/><\/p>\n","protected":false},"featured_media":15950,"comment_status":"open","ping_status":"closed","template":"","meta":[],"pwb-brand":[1664],"product_brand":[],"product_cat":[1565,979],"product_tag":[1002,1291,1279,1341,281],"class_list":{"0":"post-22781","1":"product","2":"type-product","3":"status-publish","4":"has-post-thumbnail","6":"pwb-brand-cuisivin-fr","7":"product_cat-accessoires-pour-le-vin-et-le-bar","8":"product_cat-bouchons-vin-champagne","9":"product_tag-accessoires-pour-le-vin-et-le-bar","10":"product_tag-bouchon-de-champagne","11":"product_tag-bouchons-vin-champagne","12":"product_tag-clip-cap-fr","13":"product_tag-cuisivin-fr","15":"first","16":"instock","17":"taxable","18":"shipping-taxable","19":"purchasable","20":"product-type-variable"},"brands":[{"id":1664,"name":"Cuisivin","slug":"cuisivin-fr"}],"_links":{"self":[{"href":"https:\/\/gocuisivin.com\/fr\/wp-json\/wp\/v2\/product\/22781","targetHints":{"allow":["GET"]}}],"collection":[{"href":"https:\/\/gocuisivin.com\/fr\/wp-json\/wp\/v2\/product"}],"about":[{"href":"https:\/\/gocuisivin.com\/fr\/wp-json\/wp\/v2\/types\/product"}],"replies":[{"embeddable":true,"href":"https:\/\/gocuisivin.com\/fr\/wp-json\/wp\/v2\/comments?post=22781"}],"version-history":[{"count":1,"href":"https:\/\/gocuisivin.com\/fr\/wp-json\/wp\/v2\/product\/22781\/revisions"}],"predecessor-version":[{"id":24429,"href":"https:\/\/gocuisivin.com\/fr\/wp-json\/wp\/v2\/product\/22781\/revisions\/24429"}],"wp:featuredmedia":[{"embeddable":true,"href":"https:\/\/gocuisivin.com\/fr\/wp-json\/wp\/v2\/media\/15950"}],"wp:attachment":[{"href":"https:\/\/gocuisivin.com\/fr\/wp-json\/wp\/v2\/media?parent=22781"}],"wp:term":[{"taxonomy":"pwb-brand","embeddable":true,"href":"https:\/\/gocuisivin.com\/fr\/wp-json\/wp\/v2\/pwb-brand?post=22781"},{"taxonomy":"product_brand","embeddable":true,"href":"https:\/\/gocuisivin.com\/fr\/wp-json\/wp\/v2\/product_brand?post=22781"},{"taxonomy":"product_cat","embeddable":true,"href":"https:\/\/gocuisivin.com\/fr\/wp-json\/wp\/v2\/product_cat?post=22781"},{"taxonomy":"product_tag","embeddable":true,"href":"https:\/\/gocuisivin.com\/fr\/wp-json\/wp\/v2\/product_tag?post=22781"}],"curies":[{"name":"wp","href":"https:\/\/api.w.org\/{rel}","templated":true}]}}