{"id":22777,"date":"2022-03-09T11:56:28","date_gmt":"2022-03-09T11:56:28","guid":{"rendered":"https:\/\/gocuisivin.com\/product\/sous-verres-en-agate-bel-air-de-cuisivin-paquet-de-4\/"},"modified":"2023-01-19T16:27:15","modified_gmt":"2023-01-19T16:27:15","slug":"sous-verres-en-agate-bel-air-de-cuisivin-paquet-de-4","status":"publish","type":"product","link":"https:\/\/gocuisivin.com\/fr\/product\/sous-verres-en-agate-bel-air-de-cuisivin-paquet-de-4\/","title":{"rendered":"Sous-verres en agate Bel-Air de Cuisivin &#8211; paquet de 4"},"content":{"rendered":"<p>Fabriqu\u00e9 \u00e0 la main \u00e0 partir de pierre d&#8217;agate naturelle semi-pr\u00e9cieuse, chaque sous-verre pr\u00e9sente des variations uniques de couleur, de taille de motif et de design. Tr\u00e8s polies et sp\u00e9cialement am\u00e9lior\u00e9es pour accentuer leur beaut\u00e9 naturelle, elles sont joliment bord\u00e9es d&#8217;une finition dor\u00e9e. uvres d&#8217;art individuelles, ces pi\u00e8ces naturelles donnent un air de sophistication \u00e0 n&#8217;importe quelle pi\u00e8ce. Chaque pi\u00e8ce est une \u0153uvre d&#8217;art unique, il n&#8217;y a pas deux pi\u00e8ces identiques. Les tailles varient. Des coussinets de protection sont fix\u00e9s au fond.<\/p>\n","protected":false},"excerpt":{"rendered":"<p>&nbsp;<\/p>\n<ul>\n<li>Fabriqu\u00e9 \u00e0 la main \u00e0 partir de pierre d&#8217;agate naturelle semi-pr\u00e9cieuse<\/li>\n<li>Comprend 4 sous-verres<\/li>\n<li>Chaque sous-verre a des variations uniques de couleur, de motif, de taille et de design<\/li>\n<li>Joliment bord\u00e9 d&#8217;une finition dor\u00e9e<\/li>\n<li>Coussinets de protection fix\u00e9s au bas<\/li>\n<li>Chaque pi\u00e8ce est une \u0153uvre d&#8217;art unique, il n&#8217;y a pas deux pi\u00e8ces identiques<\/li>\n<\/ul>\n<p><img decoding=\"async\" src=\"https:\/\/gocuisivin.com\/gleengag\/2022\/03\/Icon-w_-Text_Made-in-India_1.jpg\" alt=\"\" width=\"100\" height=\"100\" \/><img decoding=\"async\" src=\"https:\/\/gocuisivin.com\/gleengag\/2022\/03\/Icon-w_-Text_Handmade_1.jpg\" alt=\"\" width=\"100\" height=\"100\" \/><img decoding=\"async\" src=\"https:\/\/gocuisivin.com\/gleengag\/2022\/03\/Icon-w_-Text_Handwash_1.jpg\" alt=\"\" width=\"100\" height=\"100\" \/><\/p>\n","protected":false},"featured_media":29004,"comment_status":"open","ping_status":"closed","template":"","meta":[],"pwb-brand":[1663,1664],"product_brand":[],"product_cat":[102,1565],"product_tag":[1003,1002,1004,1066,1068,281,1067,1069],"class_list":{"0":"post-22777","1":"product","2":"type-product","3":"status-publish","4":"has-post-thumbnail","6":"pwb-brand-bel-air-fr","7":"pwb-brand-cuisivin-fr","8":"product_cat-accessoires","9":"product_cat-accessoires-pour-le-vin-et-le-bar","10":"product_tag-accessoires","11":"product_tag-accessoires-pour-le-vin-et-le-bar","12":"product_tag-bel-air-fr","13":"product_tag-coaster-fr","14":"product_tag-coussinets-de-protection","15":"product_tag-cuisivin-fr","16":"product_tag-dessous-de-verre-en-agate","17":"product_tag-pierre-dagate","19":"first","20":"instock","21":"taxable","22":"shipping-taxable","23":"purchasable","24":"product-type-variable"},"brands":[{"id":1663,"name":"Bel-Air","slug":"bel-air-fr"},{"id":1664,"name":"Cuisivin","slug":"cuisivin-fr"}],"_links":{"self":[{"href":"https:\/\/gocuisivin.com\/fr\/wp-json\/wp\/v2\/product\/22777","targetHints":{"allow":["GET"]}}],"collection":[{"href":"https:\/\/gocuisivin.com\/fr\/wp-json\/wp\/v2\/product"}],"about":[{"href":"https:\/\/gocuisivin.com\/fr\/wp-json\/wp\/v2\/types\/product"}],"replies":[{"embeddable":true,"href":"https:\/\/gocuisivin.com\/fr\/wp-json\/wp\/v2\/comments?post=22777"}],"version-history":[{"count":1,"href":"https:\/\/gocuisivin.com\/fr\/wp-json\/wp\/v2\/product\/22777\/revisions"}],"predecessor-version":[{"id":24424,"href":"https:\/\/gocuisivin.com\/fr\/wp-json\/wp\/v2\/product\/22777\/revisions\/24424"}],"wp:featuredmedia":[{"embeddable":true,"href":"https:\/\/gocuisivin.com\/fr\/wp-json\/wp\/v2\/media\/29004"}],"wp:attachment":[{"href":"https:\/\/gocuisivin.com\/fr\/wp-json\/wp\/v2\/media?parent=22777"}],"wp:term":[{"taxonomy":"pwb-brand","embeddable":true,"href":"https:\/\/gocuisivin.com\/fr\/wp-json\/wp\/v2\/pwb-brand?post=22777"},{"taxonomy":"product_brand","embeddable":true,"href":"https:\/\/gocuisivin.com\/fr\/wp-json\/wp\/v2\/product_brand?post=22777"},{"taxonomy":"product_cat","embeddable":true,"href":"https:\/\/gocuisivin.com\/fr\/wp-json\/wp\/v2\/product_cat?post=22777"},{"taxonomy":"product_tag","embeddable":true,"href":"https:\/\/gocuisivin.com\/fr\/wp-json\/wp\/v2\/product_tag?post=22777"}],"curies":[{"name":"wp","href":"https:\/\/api.w.org\/{rel}","templated":true}]}}