{"id":22771,"date":"2022-03-09T12:54:13","date_gmt":"2022-03-09T12:54:13","guid":{"rendered":"https:\/\/gocuisivin.com\/product\/cuisivin-prestige-double-levier\/"},"modified":"2023-01-19T16:24:28","modified_gmt":"2023-01-19T16:24:28","slug":"cuisivin-prestige-double-levier","status":"publish","type":"product","link":"https:\/\/gocuisivin.com\/fr\/product\/cuisivin-prestige-double-levier\/","title":{"rendered":"Cuisivin Prestige Double Levier"},"content":{"rendered":"<p>Le tire-bouchon Prestige \u00e0 double levier est un tire-bouchon \u00e0 double levier de construction lourde. La vis est rainur\u00e9e et rev\u00eatue de t\u00e9flon double pour plus de facilit\u00e9 lors de l&#8217;insertion et du tirage des bouchons &#8211; en particulier les synth\u00e9tiques. La poign\u00e9e solide et lourde est arrondie pour un ajustement confortable et tr\u00e8s robuste. Joliment emball\u00e9 dans une bo\u00eete en m\u00e9tal &#8211; parfait pour offrir en cadeau\u00a0!<\/p>\n","protected":false},"excerpt":{"rendered":"<p>&nbsp;<\/p>\n<ul>\n<li>Tire-bouchon \u00e0 double levier de construction robuste<\/li>\n<li>La vis sans fin rainur\u00e9e \u00e0 5 tours rev\u00eatue de t\u00e9flon facilite l&#8217;utilisation sur les bouchons en li\u00e8ge &#8211; en particulier les synth\u00e9tiques<\/li>\n<li>Poign\u00e9e solide avec charni\u00e8re de qualit\u00e9<\/li>\n<li>Ouvre-bouteille int\u00e9gr\u00e9 et couteau dentel\u00e9 pour une d\u00e9coupe efficace du papier d&#8217;aluminium<\/li>\n<li>Coffret en m\u00e9tal &#8211; parfait pour offrir en cadeau<\/li>\n<\/ul>\n<p><img decoding=\"async\" src=\"https:\/\/gocuisivin.com\/gleengag\/2022\/03\/Icon-w_-Text_Handwash_1.jpg\" alt=\"\" width=\"100\" height=\"100\" \/><\/p>\n","protected":false},"featured_media":15900,"comment_status":"open","ping_status":"closed","template":"","meta":[],"pwb-brand":[1664],"product_brand":[],"product_cat":[1565,1597],"product_tag":[1002,281,1358,1357,1344],"class_list":{"0":"post-22771","1":"product","2":"type-product","3":"status-publish","4":"has-post-thumbnail","6":"pwb-brand-cuisivin-fr","7":"product_cat-accessoires-pour-le-vin-et-le-bar","8":"product_cat-un-tire-bouchon","9":"product_tag-accessoires-pour-le-vin-et-le-bar","10":"product_tag-cuisivin-fr","11":"product_tag-levier-double-prestige","12":"product_tag-prestige-fr","13":"product_tag-un-tire-bouchon","15":"first","16":"instock","17":"taxable","18":"shipping-taxable","19":"purchasable","20":"product-type-variable"},"brands":[{"id":1664,"name":"Cuisivin","slug":"cuisivin-fr"}],"_links":{"self":[{"href":"https:\/\/gocuisivin.com\/fr\/wp-json\/wp\/v2\/product\/22771","targetHints":{"allow":["GET"]}}],"collection":[{"href":"https:\/\/gocuisivin.com\/fr\/wp-json\/wp\/v2\/product"}],"about":[{"href":"https:\/\/gocuisivin.com\/fr\/wp-json\/wp\/v2\/types\/product"}],"replies":[{"embeddable":true,"href":"https:\/\/gocuisivin.com\/fr\/wp-json\/wp\/v2\/comments?post=22771"}],"version-history":[{"count":1,"href":"https:\/\/gocuisivin.com\/fr\/wp-json\/wp\/v2\/product\/22771\/revisions"}],"predecessor-version":[{"id":24419,"href":"https:\/\/gocuisivin.com\/fr\/wp-json\/wp\/v2\/product\/22771\/revisions\/24419"}],"wp:featuredmedia":[{"embeddable":true,"href":"https:\/\/gocuisivin.com\/fr\/wp-json\/wp\/v2\/media\/15900"}],"wp:attachment":[{"href":"https:\/\/gocuisivin.com\/fr\/wp-json\/wp\/v2\/media?parent=22771"}],"wp:term":[{"taxonomy":"pwb-brand","embeddable":true,"href":"https:\/\/gocuisivin.com\/fr\/wp-json\/wp\/v2\/pwb-brand?post=22771"},{"taxonomy":"product_brand","embeddable":true,"href":"https:\/\/gocuisivin.com\/fr\/wp-json\/wp\/v2\/product_brand?post=22771"},{"taxonomy":"product_cat","embeddable":true,"href":"https:\/\/gocuisivin.com\/fr\/wp-json\/wp\/v2\/product_cat?post=22771"},{"taxonomy":"product_tag","embeddable":true,"href":"https:\/\/gocuisivin.com\/fr\/wp-json\/wp\/v2\/product_tag?post=22771"}],"curies":[{"name":"wp","href":"https:\/\/api.w.org\/{rel}","templated":true}]}}