{"id":22769,"date":"2022-03-09T12:11:38","date_gmt":"2022-03-09T12:11:38","guid":{"rendered":"https:\/\/gocuisivin.com\/product\/cuisivin-cafe-espresso-2-5oz\/"},"modified":"2023-01-19T16:26:10","modified_gmt":"2023-01-19T16:26:10","slug":"cuisivin-cafe-espresso-2-5oz","status":"publish","type":"product","link":"https:\/\/gocuisivin.com\/fr\/product\/cuisivin-cafe-espresso-2-5oz\/","title":{"rendered":"Cuisivin Caf\u00e9 Espresso 2.5oz"},"content":{"rendered":"<p>Vivez une exp\u00e9rience de caf\u00e9 authentique et haut de gamme avec la Collection Cuisivin Caff\u00e9. Pr\u00e9sente un design contemporain avec un fond carr\u00e9. La conception \u00e0 base incurv\u00e9e favorise une cr\u00e8me robuste et aide \u00e0 lib\u00e9rer la saveur lors du versement. Les verres ont une base \u00e9paisse pour une meilleure r\u00e9tention de la chaleur et le verre transparent met en valeur la couleur et la superposition du caf\u00e9. La bo\u00eete-cadeau comprend deux tasses \u00e0 expresso de 2,5 oz et deux soucoupes en verre assorties.<\/p>\n","protected":false},"excerpt":{"rendered":"<p>&nbsp;<\/p>\n<ul>\n<li>Design contemporain \u00e0 fond carr\u00e9<\/li>\n<li>Verre extra \u00e9pais pour une fra\u00eecheur durable<\/li>\n<li>La base int\u00e9rieure incurv\u00e9e aide \u00e0 former un cr\u00e8ma robuste<\/li>\n<li>Verre clair pour une belle pr\u00e9sentation<\/li>\n<li>Capacit\u00e9\u00a0: 2,5\u00a0oz\/74\u00a0ml<\/li>\n<li>L&#8217;ensemble-cadeau de 2 paquets comprend 2 tasses et 2 soucoupes<\/li>\n<li>L&#8217;emballage en vrac de 6 paquets comprend 6 tasses et 6 soucoupes<\/li>\n<\/ul>\n<p><img decoding=\"async\" src=\"https:\/\/gocuisivin.com\/gleengag\/2022\/03\/Icon-w_-Text_Perfect-Curve-_-Perfect-Shot_1.jpg\" alt=\"\" width=\"100\" height=\"100\" \/><img decoding=\"async\" src=\"https:\/\/gocuisivin.com\/gleengag\/2022\/03\/Icon-w_-Text_Extra-Thickness-_-Lasting-Freshness_1.jpg\" alt=\"\" width=\"100\" height=\"100\" \/><img decoding=\"async\" src=\"https:\/\/gocuisivin.com\/gleengag\/2022\/03\/Icon-w_-Text_Dishwasher-Safe_1-scaled-e1647696229552.jpg\" alt=\"\" width=\"100\" height=\"100\" \/><\/p>\n","protected":false},"featured_media":15722,"comment_status":"open","ping_status":"closed","template":"","meta":[],"pwb-brand":[1681,1664],"product_brand":[],"product_cat":[1598],"product_tag":[1399,1398,1391,1392,1393,281,1400],"class_list":{"0":"post-22769","1":"product","2":"type-product","3":"status-publish","4":"has-post-thumbnail","6":"pwb-brand-caffe-collection-fr","7":"pwb-brand-cuisivin-fr","8":"product_cat-cafe-the","9":"product_tag-74-ml-fr","10":"product_tag-cafe-espresso","11":"product_tag-cafe-the-fr","12":"product_tag-collection-cafe","13":"product_tag-conception-a-fond-carre","14":"product_tag-cuisivin-fr","15":"product_tag-verre-epais","17":"first","18":"instock","19":"taxable","20":"shipping-taxable","21":"purchasable","22":"product-type-variable"},"brands":[{"id":1681,"name":"Caffe Collection","slug":"caffe-collection-fr"},{"id":1664,"name":"Cuisivin","slug":"cuisivin-fr"}],"_links":{"self":[{"href":"https:\/\/gocuisivin.com\/fr\/wp-json\/wp\/v2\/product\/22769","targetHints":{"allow":["GET"]}}],"collection":[{"href":"https:\/\/gocuisivin.com\/fr\/wp-json\/wp\/v2\/product"}],"about":[{"href":"https:\/\/gocuisivin.com\/fr\/wp-json\/wp\/v2\/types\/product"}],"replies":[{"embeddable":true,"href":"https:\/\/gocuisivin.com\/fr\/wp-json\/wp\/v2\/comments?post=22769"}],"version-history":[{"count":1,"href":"https:\/\/gocuisivin.com\/fr\/wp-json\/wp\/v2\/product\/22769\/revisions"}],"predecessor-version":[{"id":24423,"href":"https:\/\/gocuisivin.com\/fr\/wp-json\/wp\/v2\/product\/22769\/revisions\/24423"}],"wp:featuredmedia":[{"embeddable":true,"href":"https:\/\/gocuisivin.com\/fr\/wp-json\/wp\/v2\/media\/15722"}],"wp:attachment":[{"href":"https:\/\/gocuisivin.com\/fr\/wp-json\/wp\/v2\/media?parent=22769"}],"wp:term":[{"taxonomy":"pwb-brand","embeddable":true,"href":"https:\/\/gocuisivin.com\/fr\/wp-json\/wp\/v2\/pwb-brand?post=22769"},{"taxonomy":"product_brand","embeddable":true,"href":"https:\/\/gocuisivin.com\/fr\/wp-json\/wp\/v2\/product_brand?post=22769"},{"taxonomy":"product_cat","embeddable":true,"href":"https:\/\/gocuisivin.com\/fr\/wp-json\/wp\/v2\/product_cat?post=22769"},{"taxonomy":"product_tag","embeddable":true,"href":"https:\/\/gocuisivin.com\/fr\/wp-json\/wp\/v2\/product_tag?post=22769"}],"curies":[{"name":"wp","href":"https:\/\/api.w.org\/{rel}","templated":true}]}}