{"id":22768,"date":"2022-03-09T13:16:09","date_gmt":"2022-03-09T13:16:09","guid":{"rendered":"https:\/\/gocuisivin.com\/product\/porte-cles-bouteille-bordeaux-corky-cuisivin\/"},"modified":"2023-01-19T16:18:30","modified_gmt":"2023-01-19T16:18:30","slug":"porte-cles-bouteille-bordeaux-corky-cuisivin","status":"publish","type":"product","link":"https:\/\/gocuisivin.com\/fr\/product\/porte-cles-bouteille-bordeaux-corky-cuisivin\/","title":{"rendered":"Porte-cl\u00e9s Bouteille Bordeaux Corky Cuisivin"},"content":{"rendered":"<p>Montrez votre amour pour tout ce qui concerne le vin avec le porte-cl\u00e9s Corky Bordeaux. Fabriqu\u00e9 \u00e0 partir de li\u00e8ge portugais, ce porte-cl\u00e9s mignon et robuste est un ajout amusant \u00e0 votre porte-cl\u00e9s.<\/p>\n","protected":false},"excerpt":{"rendered":"<p>&nbsp;<\/p>\n<ul>\n<li>Porte-cl\u00e9s solide portugais en li\u00e8ge<\/li>\n<li>Joli accessoire \u00e0 montrer \u00e0 votre amoureux du vin !<\/li>\n<li>Conception de bouteille de vin de vin distincte<\/li>\n<li>Construction robuste<\/li>\n<\/ul>\n","protected":false},"featured_media":16980,"comment_status":"open","ping_status":"closed","template":"","meta":[],"pwb-brand":[1664],"product_brand":[],"product_cat":[102,1565],"product_tag":[1003,1002,281,1022,1027],"class_list":{"0":"post-22768","1":"product","2":"type-product","3":"status-publish","4":"has-post-thumbnail","6":"pwb-brand-cuisivin-fr","7":"product_cat-accessoires","8":"product_cat-accessoires-pour-le-vin-et-le-bar","9":"product_tag-accessoires","10":"product_tag-accessoires-pour-le-vin-et-le-bar","11":"product_tag-cuisivin-fr","12":"product_tag-liege","13":"product_tag-porte-cles-bouteille-bordeaux","15":"first","16":"instock","17":"taxable","18":"shipping-taxable","19":"purchasable","20":"product-type-simple"},"brands":[{"id":1664,"name":"Cuisivin","slug":"cuisivin-fr"}],"_links":{"self":[{"href":"https:\/\/gocuisivin.com\/fr\/wp-json\/wp\/v2\/product\/22768","targetHints":{"allow":["GET"]}}],"collection":[{"href":"https:\/\/gocuisivin.com\/fr\/wp-json\/wp\/v2\/product"}],"about":[{"href":"https:\/\/gocuisivin.com\/fr\/wp-json\/wp\/v2\/types\/product"}],"replies":[{"embeddable":true,"href":"https:\/\/gocuisivin.com\/fr\/wp-json\/wp\/v2\/comments?post=22768"}],"version-history":[{"count":1,"href":"https:\/\/gocuisivin.com\/fr\/wp-json\/wp\/v2\/product\/22768\/revisions"}],"predecessor-version":[{"id":24413,"href":"https:\/\/gocuisivin.com\/fr\/wp-json\/wp\/v2\/product\/22768\/revisions\/24413"}],"wp:featuredmedia":[{"embeddable":true,"href":"https:\/\/gocuisivin.com\/fr\/wp-json\/wp\/v2\/media\/16980"}],"wp:attachment":[{"href":"https:\/\/gocuisivin.com\/fr\/wp-json\/wp\/v2\/media?parent=22768"}],"wp:term":[{"taxonomy":"pwb-brand","embeddable":true,"href":"https:\/\/gocuisivin.com\/fr\/wp-json\/wp\/v2\/pwb-brand?post=22768"},{"taxonomy":"product_brand","embeddable":true,"href":"https:\/\/gocuisivin.com\/fr\/wp-json\/wp\/v2\/product_brand?post=22768"},{"taxonomy":"product_cat","embeddable":true,"href":"https:\/\/gocuisivin.com\/fr\/wp-json\/wp\/v2\/product_cat?post=22768"},{"taxonomy":"product_tag","embeddable":true,"href":"https:\/\/gocuisivin.com\/fr\/wp-json\/wp\/v2\/product_tag?post=22768"}],"curies":[{"name":"wp","href":"https:\/\/api.w.org\/{rel}","templated":true}]}}