{"id":22767,"date":"2022-03-09T13:03:53","date_gmt":"2022-03-09T13:03:53","guid":{"rendered":"https:\/\/gocuisivin.com\/product\/couvercle-arome-cuisivin-2\/"},"modified":"2023-01-19T16:22:53","modified_gmt":"2023-01-19T16:22:53","slug":"couvercle-arome-cuisivin-2","status":"publish","type":"product","link":"https:\/\/gocuisivin.com\/fr\/product\/couvercle-arome-cuisivin-2\/","title":{"rendered":"Couvercle Ar\u00f4me Cuisivin 2&#8243;"},"content":{"rendered":"<p>Indispensable pour les connaisseurs, le couvercle Aroma Couvercle Cuisivin est con\u00e7u pour sceller l&#8217;ar\u00f4me de votre vin ou de votre spiritueux pendant qu&#8217;il repose. Le couvercle tremp\u00e9 est convexe et se pose facilement sur l&#8217;embouchure de votre verre. Fonctionne pour pr\u00e9server l&#8217;ar\u00f4me jusqu&#8217;\u00e0 ce que vous soyez pr\u00eat \u00e0 boire ! Le couvercle peut \u00e9galement servir \u00e0 \u00e9loigner les insectes lorsque vous buvez \u00e0 l&#8217;ext\u00e9rieur\u00a0!<\/p>\n","protected":false},"excerpt":{"rendered":"<p>&nbsp;<\/p>\n<ul>\n<li>Con\u00e7u pour sceller l&#8217;ar\u00f4me de votre vin ou de votre spiritueux pendant qu&#8217;il repose<\/li>\n<li>Indispensable pour les connaisseurs<\/li>\n<li>Garde les insectes hors de votre boisson \u00e0 l&#8217;ext\u00e9rieur<\/li>\n<li>Taille id\u00e9ale pour les nez de whisky et les verres \u00e0 spiritueux<\/li>\n<li>Verre tremp\u00e9<\/li>\n<li>Largeur : 2&#8243;<\/li>\n<\/ul>\n<p><img decoding=\"async\" src=\"https:\/\/gocuisivin.com\/gleengag\/2022\/03\/Icon-w_-Text_Handwash_1.jpg\" alt=\"\" width=\"100\" height=\"100\" \/><\/p>\n","protected":false},"featured_media":17042,"comment_status":"open","ping_status":"closed","template":"","meta":[],"pwb-brand":[1664],"product_brand":[],"product_cat":[102,1565],"product_tag":[1003,1002,1021,281,116],"class_list":{"0":"post-22767","1":"product","2":"type-product","3":"status-publish","4":"has-post-thumbnail","6":"pwb-brand-cuisivin-fr","7":"product_cat-accessoires","8":"product_cat-accessoires-pour-le-vin-et-le-bar","9":"product_tag-accessoires","10":"product_tag-accessoires-pour-le-vin-et-le-bar","11":"product_tag-couvercle-darome-2","12":"product_tag-cuisivin-fr","13":"product_tag-vin","15":"first","16":"instock","17":"taxable","18":"shipping-taxable","19":"purchasable","20":"product-type-simple"},"brands":[{"id":1664,"name":"Cuisivin","slug":"cuisivin-fr"}],"_links":{"self":[{"href":"https:\/\/gocuisivin.com\/fr\/wp-json\/wp\/v2\/product\/22767","targetHints":{"allow":["GET"]}}],"collection":[{"href":"https:\/\/gocuisivin.com\/fr\/wp-json\/wp\/v2\/product"}],"about":[{"href":"https:\/\/gocuisivin.com\/fr\/wp-json\/wp\/v2\/types\/product"}],"replies":[{"embeddable":true,"href":"https:\/\/gocuisivin.com\/fr\/wp-json\/wp\/v2\/comments?post=22767"}],"version-history":[{"count":1,"href":"https:\/\/gocuisivin.com\/fr\/wp-json\/wp\/v2\/product\/22767\/revisions"}],"predecessor-version":[{"id":24418,"href":"https:\/\/gocuisivin.com\/fr\/wp-json\/wp\/v2\/product\/22767\/revisions\/24418"}],"wp:featuredmedia":[{"embeddable":true,"href":"https:\/\/gocuisivin.com\/fr\/wp-json\/wp\/v2\/media\/17042"}],"wp:attachment":[{"href":"https:\/\/gocuisivin.com\/fr\/wp-json\/wp\/v2\/media?parent=22767"}],"wp:term":[{"taxonomy":"pwb-brand","embeddable":true,"href":"https:\/\/gocuisivin.com\/fr\/wp-json\/wp\/v2\/pwb-brand?post=22767"},{"taxonomy":"product_brand","embeddable":true,"href":"https:\/\/gocuisivin.com\/fr\/wp-json\/wp\/v2\/product_brand?post=22767"},{"taxonomy":"product_cat","embeddable":true,"href":"https:\/\/gocuisivin.com\/fr\/wp-json\/wp\/v2\/product_cat?post=22767"},{"taxonomy":"product_tag","embeddable":true,"href":"https:\/\/gocuisivin.com\/fr\/wp-json\/wp\/v2\/product_tag?post=22767"}],"curies":[{"name":"wp","href":"https:\/\/api.w.org\/{rel}","templated":true}]}}