{"id":22749,"date":"2022-03-09T13:06:41","date_gmt":"2022-03-09T13:06:41","guid":{"rendered":"https:\/\/gocuisivin.com\/product\/ensemble-de-sous-verres-ronds-en-marbre-gris-bel-air-de-cuisivin-paquet-de-4\/"},"modified":"2023-01-19T16:22:16","modified_gmt":"2023-01-19T16:22:16","slug":"ensemble-de-sous-verres-ronds-en-marbre-gris-bel-air-de-cuisivin-paquet-de-4","status":"publish","type":"product","link":"https:\/\/gocuisivin.com\/fr\/product\/ensemble-de-sous-verres-ronds-en-marbre-gris-bel-air-de-cuisivin-paquet-de-4\/","title":{"rendered":"Ensemble de sous-verres ronds en marbre gris Bel-Air de Cuisivin &#8211; paquet de 4"},"content":{"rendered":"<p>L&#8217;ensemble Bel-Air Marble Coaster offre une surface en pierre solide attrayante mais protectrice pour vos boissons. Facile \u00e0 nettoyer, chaque sous-verre mesure 3\/8&#8243; d&#8217;\u00e9paisseur. Le beau marbr\u00e9 gris fonc\u00e9 et noir s&#8217;agence \u00e0 merveille avec n&#8217;importe quel d\u00e9cor. Ensemble de quatre sous-verres li\u00e9s avec de la ficelle en cuir. Coussinets de protection fix\u00e9s au fond.<\/p>\n","protected":false},"excerpt":{"rendered":"<p>&nbsp;<\/p>\n<ul>\n<li>Dessous de verre en marbre massif avec marbrures naturelles gris fonc\u00e9 et noir<\/li>\n<li>Conception monobloc<\/li>\n<li>Chaque sous-verre mesure 3\/8&#8243; d&#8217;\u00e9paisseur, 4&#8243; de large<\/li>\n<li>Coussinets de protection fix\u00e9s au fond.<\/li>\n<li>Ensemble de 4 sous-verres li\u00e9s avec de la ficelle en cuir &#8211; un excellent cadeau<\/li>\n<li>Coussinets de protection fix\u00e9s au fond.<\/li>\n<\/ul>\n<p><img decoding=\"async\" src=\"https:\/\/gocuisivin.com\/gleengag\/2022\/03\/Icon-w_-Text_Made-in-India_1.jpg\" alt=\"\" width=\"100\" height=\"100\" \/><img decoding=\"async\" src=\"https:\/\/gocuisivin.com\/gleengag\/2022\/03\/Icon-w_-Text_Handwash_1.jpg\" alt=\"\" width=\"100\" height=\"100\" \/><\/p>\n","protected":false},"featured_media":17024,"comment_status":"open","ping_status":"closed","template":"","meta":[],"pwb-brand":[1663,1664],"product_brand":[],"product_cat":[102,1565],"product_tag":[1006,1003,1002,1004,281,1005],"class_list":{"0":"post-22749","1":"product","2":"type-product","3":"status-publish","4":"has-post-thumbnail","6":"pwb-brand-bel-air-fr","7":"pwb-brand-cuisivin-fr","8":"product_cat-accessoires","9":"product_cat-accessoires-pour-le-vin-et-le-bar","10":"product_tag-4pack-fr","11":"product_tag-accessoires","12":"product_tag-accessoires-pour-le-vin-et-le-bar","13":"product_tag-bel-air-fr","14":"product_tag-cuisivin-fr","15":"product_tag-gris","17":"first","18":"outofstock","19":"taxable","20":"shipping-taxable","21":"purchasable","22":"product-type-simple"},"brands":[{"id":1663,"name":"Bel-Air","slug":"bel-air-fr"},{"id":1664,"name":"Cuisivin","slug":"cuisivin-fr"}],"_links":{"self":[{"href":"https:\/\/gocuisivin.com\/fr\/wp-json\/wp\/v2\/product\/22749","targetHints":{"allow":["GET"]}}],"collection":[{"href":"https:\/\/gocuisivin.com\/fr\/wp-json\/wp\/v2\/product"}],"about":[{"href":"https:\/\/gocuisivin.com\/fr\/wp-json\/wp\/v2\/types\/product"}],"replies":[{"embeddable":true,"href":"https:\/\/gocuisivin.com\/fr\/wp-json\/wp\/v2\/comments?post=22749"}],"version-history":[{"count":1,"href":"https:\/\/gocuisivin.com\/fr\/wp-json\/wp\/v2\/product\/22749\/revisions"}],"predecessor-version":[{"id":24417,"href":"https:\/\/gocuisivin.com\/fr\/wp-json\/wp\/v2\/product\/22749\/revisions\/24417"}],"wp:featuredmedia":[{"embeddable":true,"href":"https:\/\/gocuisivin.com\/fr\/wp-json\/wp\/v2\/media\/17024"}],"wp:attachment":[{"href":"https:\/\/gocuisivin.com\/fr\/wp-json\/wp\/v2\/media?parent=22749"}],"wp:term":[{"taxonomy":"pwb-brand","embeddable":true,"href":"https:\/\/gocuisivin.com\/fr\/wp-json\/wp\/v2\/pwb-brand?post=22749"},{"taxonomy":"product_brand","embeddable":true,"href":"https:\/\/gocuisivin.com\/fr\/wp-json\/wp\/v2\/product_brand?post=22749"},{"taxonomy":"product_cat","embeddable":true,"href":"https:\/\/gocuisivin.com\/fr\/wp-json\/wp\/v2\/product_cat?post=22749"},{"taxonomy":"product_tag","embeddable":true,"href":"https:\/\/gocuisivin.com\/fr\/wp-json\/wp\/v2\/product_tag?post=22749"}],"curies":[{"name":"wp","href":"https:\/\/api.w.org\/{rel}","templated":true}]}}