{"id":22747,"date":"2022-03-10T05:07:24","date_gmt":"2022-03-10T05:07:24","guid":{"rendered":"https:\/\/gocuisivin.com\/product\/porte-cartes-en-liege-cuisivin\/"},"modified":"2023-01-19T16:12:05","modified_gmt":"2023-01-19T16:12:05","slug":"porte-cartes-en-liege-cuisivin","status":"publish","type":"product","link":"https:\/\/gocuisivin.com\/fr\/product\/porte-cartes-en-liege-cuisivin\/","title":{"rendered":"Porte-cartes en li\u00e8ge Cuisivin"},"content":{"rendered":"<p>Le porte-cartes Corky est id\u00e9al pour les couverts ou pour afficher des cartes de visite. Le li\u00e8ge portugais massif est fendu pour accueillir une carte.<\/p>\n","protected":false},"excerpt":{"rendered":"<p>&nbsp;<\/p>\n<ul>\n<li>Des couverts distinctifs<\/li>\n<li>Peut \u00e9galement contenir des cartes de visite<\/li>\n<li>Li\u00e8ge solide portugais<\/li>\n<li>Une mani\u00e8re \u00e9l\u00e9gante d&#8217;afficher des couverts et des cartes de visite<\/li>\n<\/ul>\n","protected":false},"featured_media":17014,"comment_status":"open","ping_status":"closed","template":"","meta":[],"pwb-brand":[1664],"product_brand":[],"product_cat":[102,1565],"product_tag":[1003,1002,281,1022,1023],"class_list":{"0":"post-22747","1":"product","2":"type-product","3":"status-publish","4":"has-post-thumbnail","6":"pwb-brand-cuisivin-fr","7":"product_cat-accessoires","8":"product_cat-accessoires-pour-le-vin-et-le-bar","9":"product_tag-accessoires","10":"product_tag-accessoires-pour-le-vin-et-le-bar","11":"product_tag-cuisivin-fr","12":"product_tag-liege","13":"product_tag-titulaire-de-la-carte","15":"first","16":"instock","17":"taxable","18":"shipping-taxable","19":"purchasable","20":"product-type-simple"},"brands":[{"id":1664,"name":"Cuisivin","slug":"cuisivin-fr"}],"_links":{"self":[{"href":"https:\/\/gocuisivin.com\/fr\/wp-json\/wp\/v2\/product\/22747","targetHints":{"allow":["GET"]}}],"collection":[{"href":"https:\/\/gocuisivin.com\/fr\/wp-json\/wp\/v2\/product"}],"about":[{"href":"https:\/\/gocuisivin.com\/fr\/wp-json\/wp\/v2\/types\/product"}],"replies":[{"embeddable":true,"href":"https:\/\/gocuisivin.com\/fr\/wp-json\/wp\/v2\/comments?post=22747"}],"version-history":[{"count":1,"href":"https:\/\/gocuisivin.com\/fr\/wp-json\/wp\/v2\/product\/22747\/revisions"}],"predecessor-version":[{"id":24406,"href":"https:\/\/gocuisivin.com\/fr\/wp-json\/wp\/v2\/product\/22747\/revisions\/24406"}],"wp:featuredmedia":[{"embeddable":true,"href":"https:\/\/gocuisivin.com\/fr\/wp-json\/wp\/v2\/media\/17014"}],"wp:attachment":[{"href":"https:\/\/gocuisivin.com\/fr\/wp-json\/wp\/v2\/media?parent=22747"}],"wp:term":[{"taxonomy":"pwb-brand","embeddable":true,"href":"https:\/\/gocuisivin.com\/fr\/wp-json\/wp\/v2\/pwb-brand?post=22747"},{"taxonomy":"product_brand","embeddable":true,"href":"https:\/\/gocuisivin.com\/fr\/wp-json\/wp\/v2\/product_brand?post=22747"},{"taxonomy":"product_cat","embeddable":true,"href":"https:\/\/gocuisivin.com\/fr\/wp-json\/wp\/v2\/product_cat?post=22747"},{"taxonomy":"product_tag","embeddable":true,"href":"https:\/\/gocuisivin.com\/fr\/wp-json\/wp\/v2\/product_tag?post=22747"}],"curies":[{"name":"wp","href":"https:\/\/api.w.org\/{rel}","templated":true}]}}