{"id":22745,"date":"2022-03-10T06:04:45","date_gmt":"2022-03-10T06:04:45","guid":{"rendered":"https:\/\/gocuisivin.com\/product\/passoire-a-cocktail-cuisivin-bel-air\/"},"modified":"2023-01-19T15:53:20","modified_gmt":"2023-01-19T15:53:20","slug":"passoire-a-cocktail-cuisivin-bel-air","status":"publish","type":"product","link":"https:\/\/gocuisivin.com\/fr\/product\/passoire-a-cocktail-cuisivin-bel-air\/","title":{"rendered":"Passoire \u00e0 cocktail Cuisivin Bel-Air"},"content":{"rendered":"<p>Un aliment de base pour chaque bar, la passoire \u00e0 cocktail en acier inoxydable Bel-Air est la conception classique de Hawthorne. Construite en acier inoxydable solide, la passoire perfor\u00e9e est dot\u00e9e d&#8217;un ressort flexible et d&#8217;une conception \u00e0 deux volets pour un versement facile \u00e0 partir d&#8217;un shaker ou d&#8217;un verre \u00e0 m\u00e9lange. Id\u00e9al pour filtrer la glace, les fruits et autres solides pour un cocktail onctueux. Finition \u00e9l\u00e9gante et polie. Lave-vaisselle. Longueur : 5,7&#8243; \/ 14,5 cm<\/p>\n","protected":false},"excerpt":{"rendered":"<p>&nbsp;<\/p>\n<ul>\n<li>Passoire de style Hawthorne classique<\/li>\n<li>Construction solide en acier inoxydable, finition polie<\/li>\n<li>Cr\u00e9pine perfor\u00e9e avec ressort flexible<\/li>\n<li>Filtrer la glace, les fruits et autres solides pour des cocktails onctueux<\/li>\n<li>Convient \u00e0 la plupart des verres \u00e0 m\u00e9lange standard<\/li>\n<li>Longueur : 5,7&#8243; \/ 14,5 cm<\/li>\n<\/ul>\n<p><img decoding=\"async\" src=\"https:\/\/gocuisivin.com\/gleengag\/2022\/03\/Icon-w_-Text_Stainless-Steele_1.jpg\" alt=\"\" width=\"100\" height=\"100\" \/><img decoding=\"async\" src=\"https:\/\/gocuisivin.com\/gleengag\/2022\/03\/Icon-w_-Text_Dishwasher-Safe_1-scaled-e1647696229552.jpg\" alt=\"\" width=\"100\" height=\"100\" \/><\/p>\n","protected":false},"featured_media":16881,"comment_status":"open","ping_status":"closed","template":"","meta":[],"pwb-brand":[1663,1664],"product_brand":[],"product_cat":[102,1565,968],"product_tag":[1003,1002,1045,1004,281,1057],"class_list":{"0":"post-22745","1":"product","2":"type-product","3":"status-publish","4":"has-post-thumbnail","6":"pwb-brand-bel-air-fr","7":"pwb-brand-cuisivin-fr","8":"product_cat-accessoires","9":"product_cat-accessoires-pour-le-vin-et-le-bar","10":"product_cat-barware-fr","11":"product_tag-accessoires","12":"product_tag-accessoires-pour-le-vin-et-le-bar","13":"product_tag-barware-fr","14":"product_tag-bel-air-fr","15":"product_tag-cuisivin-fr","16":"product_tag-passoire-a-cocktail","18":"first","19":"instock","20":"taxable","21":"shipping-taxable","22":"purchasable","23":"product-type-simple"},"brands":[{"id":1663,"name":"Bel-Air","slug":"bel-air-fr"},{"id":1664,"name":"Cuisivin","slug":"cuisivin-fr"}],"_links":{"self":[{"href":"https:\/\/gocuisivin.com\/fr\/wp-json\/wp\/v2\/product\/22745","targetHints":{"allow":["GET"]}}],"collection":[{"href":"https:\/\/gocuisivin.com\/fr\/wp-json\/wp\/v2\/product"}],"about":[{"href":"https:\/\/gocuisivin.com\/fr\/wp-json\/wp\/v2\/types\/product"}],"replies":[{"embeddable":true,"href":"https:\/\/gocuisivin.com\/fr\/wp-json\/wp\/v2\/comments?post=22745"}],"version-history":[{"count":1,"href":"https:\/\/gocuisivin.com\/fr\/wp-json\/wp\/v2\/product\/22745\/revisions"}],"predecessor-version":[{"id":24396,"href":"https:\/\/gocuisivin.com\/fr\/wp-json\/wp\/v2\/product\/22745\/revisions\/24396"}],"wp:featuredmedia":[{"embeddable":true,"href":"https:\/\/gocuisivin.com\/fr\/wp-json\/wp\/v2\/media\/16881"}],"wp:attachment":[{"href":"https:\/\/gocuisivin.com\/fr\/wp-json\/wp\/v2\/media?parent=22745"}],"wp:term":[{"taxonomy":"pwb-brand","embeddable":true,"href":"https:\/\/gocuisivin.com\/fr\/wp-json\/wp\/v2\/pwb-brand?post=22745"},{"taxonomy":"product_brand","embeddable":true,"href":"https:\/\/gocuisivin.com\/fr\/wp-json\/wp\/v2\/product_brand?post=22745"},{"taxonomy":"product_cat","embeddable":true,"href":"https:\/\/gocuisivin.com\/fr\/wp-json\/wp\/v2\/product_cat?post=22745"},{"taxonomy":"product_tag","embeddable":true,"href":"https:\/\/gocuisivin.com\/fr\/wp-json\/wp\/v2\/product_tag?post=22745"}],"curies":[{"name":"wp","href":"https:\/\/api.w.org\/{rel}","templated":true}]}}