{"id":22743,"date":"2022-03-10T05:29:01","date_gmt":"2022-03-10T05:29:01","guid":{"rendered":"https:\/\/gocuisivin.com\/product\/cuisivin-absinthe-couvet-cuillere\/"},"modified":"2023-01-19T16:06:24","modified_gmt":"2023-01-19T16:06:24","slug":"cuisivin-absinthe-couvet-cuillere","status":"publish","type":"product","link":"https:\/\/gocuisivin.com\/fr\/product\/cuisivin-absinthe-couvet-cuillere\/","title":{"rendered":"Cuisivin Absinthe Couvet Cuill\u00e8re"},"content":{"rendered":"<p>Les cuill\u00e8res \u00e0 absinthe sont des accessoires rares indispensables \u00e0 la c\u00e9r\u00e9monie de l&#8217;absinthe. Le rituel consiste \u00e0 placer un morceau de sucre sur la cuill\u00e8re \u00e0 absinthe plate perfor\u00e9e qui repose sur le bord du verre contenant une mesure d&#8217;absinthe. De l&#8217;eau glac\u00e9e est ensuite vers\u00e9e tr\u00e8s lentement sur le morceau de sucre, qui se dissout progressivement avec l&#8217;eau dans l&#8217;absinthe, provoquant la louche (loosh) de la liqueur verte en une couleur opalescente opaque \u00e0 mesure que les huiles essentielles pr\u00e9cipitent hors de la solution alcoolique. Le design de la cuill\u00e8re est complet avec les \u00ab\u00a0f\u00e9es\u00a0\u00bb r\u00e9f\u00e9renc\u00e9es dans la description traditionnelle de la consommation d&#8217;absinthe de \u00ab\u00a0Chasing the Green Fairy\u00a0\u00bb.<\/p>\n","protected":false},"excerpt":{"rendered":"<p>&nbsp;<\/p>\n<ul>\n<li>Accessoire Absinthe rare<\/li>\n<li>Indispensable pour une bonne m\u00e9thode pour profiter de l&#8217;absinthe<\/li>\n<li>Placer une cuill\u00e8re avec un morceau de sucre sur le bord du verre avec un verre d&#8217;absinthe, utiliser une fontaine pour faire couler de l&#8217;eau glac\u00e9e pour diluer le sucre dans l&#8217;absinthe<\/li>\n<li>Longueur : 6\u2033<\/li>\n<li>Conception de f\u00e9e verte<\/li>\n<li>Acier inoxydable &#8211; finition polie<\/li>\n<\/ul>\n<p><img decoding=\"async\" src=\"https:\/\/gocuisivin.com\/gleengag\/2022\/03\/Icon-w_-Text_Handwash_1.jpg\" alt=\"\" width=\"100\" height=\"100\" \/><\/p>\n","protected":false},"featured_media":16928,"comment_status":"open","ping_status":"closed","template":"","meta":[],"pwb-brand":[1664],"product_brand":[],"product_cat":[102,1565,968],"product_tag":[1046,1003,1002,1045,1047,281],"class_list":{"0":"post-22743","1":"product","2":"type-product","3":"status-publish","4":"has-post-thumbnail","6":"pwb-brand-cuisivin-fr","7":"product_cat-accessoires","8":"product_cat-accessoires-pour-le-vin-et-le-bar","9":"product_cat-barware-fr","10":"product_tag-absinthe-fr","11":"product_tag-accessoires","12":"product_tag-accessoires-pour-le-vin-et-le-bar","13":"product_tag-barware-fr","14":"product_tag-cuillere-couvet","15":"product_tag-cuisivin-fr","17":"first","18":"instock","19":"taxable","20":"shipping-taxable","21":"purchasable","22":"product-type-simple"},"brands":[{"id":1664,"name":"Cuisivin","slug":"cuisivin-fr"}],"_links":{"self":[{"href":"https:\/\/gocuisivin.com\/fr\/wp-json\/wp\/v2\/product\/22743","targetHints":{"allow":["GET"]}}],"collection":[{"href":"https:\/\/gocuisivin.com\/fr\/wp-json\/wp\/v2\/product"}],"about":[{"href":"https:\/\/gocuisivin.com\/fr\/wp-json\/wp\/v2\/types\/product"}],"replies":[{"embeddable":true,"href":"https:\/\/gocuisivin.com\/fr\/wp-json\/wp\/v2\/comments?post=22743"}],"version-history":[{"count":1,"href":"https:\/\/gocuisivin.com\/fr\/wp-json\/wp\/v2\/product\/22743\/revisions"}],"predecessor-version":[{"id":24401,"href":"https:\/\/gocuisivin.com\/fr\/wp-json\/wp\/v2\/product\/22743\/revisions\/24401"}],"wp:featuredmedia":[{"embeddable":true,"href":"https:\/\/gocuisivin.com\/fr\/wp-json\/wp\/v2\/media\/16928"}],"wp:attachment":[{"href":"https:\/\/gocuisivin.com\/fr\/wp-json\/wp\/v2\/media?parent=22743"}],"wp:term":[{"taxonomy":"pwb-brand","embeddable":true,"href":"https:\/\/gocuisivin.com\/fr\/wp-json\/wp\/v2\/pwb-brand?post=22743"},{"taxonomy":"product_brand","embeddable":true,"href":"https:\/\/gocuisivin.com\/fr\/wp-json\/wp\/v2\/product_brand?post=22743"},{"taxonomy":"product_cat","embeddable":true,"href":"https:\/\/gocuisivin.com\/fr\/wp-json\/wp\/v2\/product_cat?post=22743"},{"taxonomy":"product_tag","embeddable":true,"href":"https:\/\/gocuisivin.com\/fr\/wp-json\/wp\/v2\/product_tag?post=22743"}],"curies":[{"name":"wp","href":"https:\/\/api.w.org\/{rel}","templated":true}]}}