{"id":22740,"date":"2022-03-10T05:10:31","date_gmt":"2022-03-10T05:10:31","guid":{"rendered":"https:\/\/gocuisivin.com\/product\/fourre-tout-a-vin-corky-de-cuisivin\/"},"modified":"2023-01-19T16:11:07","modified_gmt":"2023-01-19T16:11:07","slug":"fourre-tout-a-vin-corky-de-cuisivin","status":"publish","type":"product","link":"https:\/\/gocuisivin.com\/fr\/product\/fourre-tout-a-vin-corky-de-cuisivin\/","title":{"rendered":"Fourre-tout \u00e0 vin Corky de Cuisivin"},"content":{"rendered":"<p>Le Corky Wine Tote est un sac cadeau impressionnant. Fabriqu\u00e9 \u00e0 partir de v\u00e9ritable li\u00e8ge portugais, il a des poign\u00e9es en corde \u00e9paisses pour une belle pr\u00e9sentation.<\/p>\n","protected":false},"excerpt":{"rendered":"<p>&nbsp;<\/p>\n<ul>\n<li>Parfait pour offrir du vin<\/li>\n<li>Fabriqu\u00e9 \u00e0 partir de v\u00e9ritable li\u00e8ge portugais<\/li>\n<li>La construction robuste peut contenir une bouteille de vin de taille standard<\/li>\n<li>Poign\u00e9e en corde facile \u00e0 tenir<\/li>\n<li>R\u00e9utilisable<\/li>\n<li>Respectueux de la nature<\/li>\n<\/ul>\n","protected":false},"featured_media":16953,"comment_status":"open","ping_status":"closed","template":"","meta":[],"pwb-brand":[1664],"product_brand":[],"product_cat":[102,1565],"product_tag":[1003,1002,281,1601,116],"class_list":{"0":"post-22740","1":"product","2":"type-product","3":"status-publish","4":"has-post-thumbnail","6":"pwb-brand-cuisivin-fr","7":"product_cat-accessoires","8":"product_cat-accessoires-pour-le-vin-et-le-bar","9":"product_tag-accessoires","10":"product_tag-accessoires-pour-le-vin-et-le-bar","11":"product_tag-cuisivin-fr","12":"product_tag-sac-a-vin-corky","13":"product_tag-vin","15":"first","16":"instock","17":"taxable","18":"shipping-taxable","19":"purchasable","20":"product-type-simple"},"brands":[{"id":1664,"name":"Cuisivin","slug":"cuisivin-fr"}],"_links":{"self":[{"href":"https:\/\/gocuisivin.com\/fr\/wp-json\/wp\/v2\/product\/22740","targetHints":{"allow":["GET"]}}],"collection":[{"href":"https:\/\/gocuisivin.com\/fr\/wp-json\/wp\/v2\/product"}],"about":[{"href":"https:\/\/gocuisivin.com\/fr\/wp-json\/wp\/v2\/types\/product"}],"replies":[{"embeddable":true,"href":"https:\/\/gocuisivin.com\/fr\/wp-json\/wp\/v2\/comments?post=22740"}],"version-history":[{"count":1,"href":"https:\/\/gocuisivin.com\/fr\/wp-json\/wp\/v2\/product\/22740\/revisions"}],"predecessor-version":[{"id":24405,"href":"https:\/\/gocuisivin.com\/fr\/wp-json\/wp\/v2\/product\/22740\/revisions\/24405"}],"wp:featuredmedia":[{"embeddable":true,"href":"https:\/\/gocuisivin.com\/fr\/wp-json\/wp\/v2\/media\/16953"}],"wp:attachment":[{"href":"https:\/\/gocuisivin.com\/fr\/wp-json\/wp\/v2\/media?parent=22740"}],"wp:term":[{"taxonomy":"pwb-brand","embeddable":true,"href":"https:\/\/gocuisivin.com\/fr\/wp-json\/wp\/v2\/pwb-brand?post=22740"},{"taxonomy":"product_brand","embeddable":true,"href":"https:\/\/gocuisivin.com\/fr\/wp-json\/wp\/v2\/product_brand?post=22740"},{"taxonomy":"product_cat","embeddable":true,"href":"https:\/\/gocuisivin.com\/fr\/wp-json\/wp\/v2\/product_cat?post=22740"},{"taxonomy":"product_tag","embeddable":true,"href":"https:\/\/gocuisivin.com\/fr\/wp-json\/wp\/v2\/product_tag?post=22740"}],"curies":[{"name":"wp","href":"https:\/\/api.w.org\/{rel}","templated":true}]}}